{"id":562,"date":"2021-02-14T16:22:54","date_gmt":"2021-02-14T19:22:54","guid":{"rendered":"https:\/\/www.hidramakei.com.br\/?page_id=562"},"modified":"2024-02-26T15:58:33","modified_gmt":"2024-02-26T18:58:33","slug":"fale-conosco","status":"publish","type":"page","link":"https:\/\/www.hidramakei.com.br\/en\/fale-conosco\/","title":{"rendered":"Fale Conosco"},"content":{"rendered":"\t\t<div data-elementor-type=\"wp-page\" data-elementor-id=\"562\" class=\"elementor elementor-562\" data-elementor-post-type=\"page\">\n\t\t\t\t\t\t<section class=\"elementor-section elementor-top-section elementor-element elementor-element-1f0a7d6b elementor-section-boxed elementor-section-height-default elementor-section-height-default\" data-id=\"1f0a7d6b\" data-element_type=\"section\" data-e-type=\"section\">\n\t\t\t\t\t\t<div class=\"elementor-container elementor-column-gap-default\">\n\t\t\t\t\t<div class=\"elementor-column elementor-col-100 elementor-top-column elementor-element elementor-element-16714b2f\" data-id=\"16714b2f\" data-element_type=\"column\" data-e-type=\"column\">\n\t\t\t<div class=\"elementor-widget-wrap elementor-element-populated\">\n\t\t\t\t\t\t<div class=\"elementor-element elementor-element-5b713e14 elementor-widget elementor-widget-heading\" data-id=\"5b713e14\" data-element_type=\"widget\" data-e-type=\"widget\" data-widget_type=\"heading.default\">\n\t\t\t\t<div class=\"elementor-widget-container\">\n\t\t\t\t\t<h2 class=\"elementor-heading-title elementor-size-default\">Fale Conosco<\/h2>\t\t\t\t<\/div>\n\t\t\t\t<\/div>\n\t\t\t\t<div class=\"elementor-element elementor-element-f8056 elementor-widget elementor-widget-text-editor\" data-id=\"f8056\" data-element_type=\"widget\" data-e-type=\"widget\" data-widget_type=\"text-editor.default\">\n\t\t\t\t<div class=\"elementor-widget-container\">\n\t\t\t\t\t\t\t\t\t<p>Deixe aqui suas d\u00favidas, sugest\u00f5es ou solicita\u00e7\u00f5es<\/p>\t\t\t\t\t\t\t\t<\/div>\n\t\t\t\t<\/div>\n\t\t\t\t\t<\/div>\n\t\t<\/div>\n\t\t\t\t\t<\/div>\n\t\t<\/section>\n\t\t\t\t<section class=\"elementor-section elementor-top-section elementor-element elementor-element-77ad27b elementor-section-boxed elementor-section-height-default elementor-section-height-default\" data-id=\"77ad27b\" data-element_type=\"section\" data-e-type=\"section\">\n\t\t\t\t\t\t<div class=\"elementor-container elementor-column-gap-default\">\n\t\t\t\t\t<div class=\"elementor-column elementor-col-50 elementor-top-column elementor-element elementor-element-bde20d5\" data-id=\"bde20d5\" data-element_type=\"column\" data-e-type=\"column\">\n\t\t\t<div class=\"elementor-widget-wrap elementor-element-populated\">\n\t\t\t\t\t\t<div class=\"elementor-element elementor-element-2b8ce48 elementor-widget elementor-widget-heading\" data-id=\"2b8ce48\" data-element_type=\"widget\" data-e-type=\"widget\" data-widget_type=\"heading.default\">\n\t\t\t\t<div class=\"elementor-widget-container\">\n\t\t\t\t\t<h2 class=\"elementor-heading-title elementor-size-default\">Formul\u00e1rio de contato<\/h2>\t\t\t\t<\/div>\n\t\t\t\t<\/div>\n\t\t\t\t<div class=\"elementor-element elementor-element-34ba7df elementor-widget elementor-widget-text-editor\" data-id=\"34ba7df\" data-element_type=\"widget\" data-e-type=\"widget\" data-widget_type=\"text-editor.default\">\n\t\t\t\t<div class=\"elementor-widget-container\">\n\t\t\t\t\t\t\t\t\t<p>Por favor, preencha corretamente o formul\u00e1rio de contato abaixo, para que seus dados sejam enviados corretamente.<\/p>\t\t\t\t\t\t\t\t<\/div>\n\t\t\t\t<\/div>\n\t\t\t\t<div class=\"elementor-element elementor-element-a8480eb elementor-widget elementor-widget-html\" data-id=\"a8480eb\" data-element_type=\"widget\" data-e-type=\"widget\" data-widget_type=\"html.default\">\n\t\t\t\t<div class=\"elementor-widget-container\">\n\t\t\t\t\t<script>\n\njQuery(document).ready(function(){\n\n    var btn = 'form[name=F1] button';      \/*INFORME O SELETOR DO BOT\u00c3O*\/\n    var checkbox = '#form-field-aceite';  \/*INFORME O NOME DO ID DO CHECKBOX*\/\n    \n    jQuery(btn).attr('disabled', 'disabled').css(\"opacity\", \"0.6\");\n   \n    jQuery(checkbox).click(function(){\n      \n        if(jQuery(this).is(':checked')){\n            \n            jQuery(btn).removeAttr('disabled').css(\"opacity\", \"1\");\n        \n        }else{\n            \n            jQuery(btn).attr('disabled', 'disabled').css(\"opacity\", \"0.6\");\n            \n        }\n        \n    });\n});\n<\/script>\t\t\t\t<\/div>\n\t\t\t\t<\/div>\n\t\t\t\t<div class=\"elementor-element elementor-element-26b15f0 elementor-widget elementor-widget-form\" data-id=\"26b15f0\" data-element_type=\"widget\" data-e-type=\"widget\" data-settings=\"{&quot;step_next_label&quot;:&quot;Next&quot;,&quot;step_previous_label&quot;:&quot;Previous&quot;,&quot;button_width&quot;:&quot;100&quot;,&quot;step_type&quot;:&quot;number_text&quot;,&quot;step_icon_shape&quot;:&quot;circle&quot;}\" data-widget_type=\"form.default\">\n\t\t\t\t<div class=\"elementor-widget-container\">\n\t\t\t\t\t\t\t<form class=\"elementor-form\" method=\"post\" name=\"F1\" aria-label=\"F1\">\n\t\t\t<input type=\"hidden\" name=\"post_id\" value=\"562\"\/>\n\t\t\t<input type=\"hidden\" name=\"form_id\" value=\"26b15f0\"\/>\n\t\t\t<input type=\"hidden\" name=\"referer_title\" value=\"Fale Conosco - Hidramakei - Aquecedores Cardal\" \/>\n\n\t\t\t\t\t\t\t<input type=\"hidden\" name=\"queried_id\" value=\"562\"\/>\n\t\t\t\n\t\t\t<div class=\"elementor-form-fields-wrapper elementor-labels-\">\n\t\t\t\t\t\t\t\t<div class=\"elementor-field-type-text elementor-field-group elementor-column elementor-field-group-nome elementor-col-100 elementor-field-required\">\n\t\t\t\t\t\t\t\t\t\t\t\t<label for=\"form-field-nome\" class=\"elementor-field-label elementor-screen-only\">\n\t\t\t\t\t\t\t\tNome\t\t\t\t\t\t\t<\/label>\n\t\t\t\t\t\t\t\t\t\t\t\t\t\t<input size=\"1\" type=\"text\" name=\"form_fields[nome]\" id=\"form-field-nome\" class=\"elementor-field elementor-size-sm  elementor-field-textual\" placeholder=\"Nome\" required=\"required\">\n\t\t\t\t\t\t\t\t\t\t\t<\/div>\n\t\t\t\t\t\t\t\t<div class=\"elementor-field-type-email elementor-field-group elementor-column elementor-field-group-email elementor-col-100 elementor-field-required\">\n\t\t\t\t\t\t\t\t\t\t\t\t<label for=\"form-field-email\" class=\"elementor-field-label elementor-screen-only\">\n\t\t\t\t\t\t\t\tEmail\t\t\t\t\t\t\t<\/label>\n\t\t\t\t\t\t\t\t\t\t\t\t\t\t<input size=\"1\" type=\"email\" name=\"form_fields[email]\" id=\"form-field-email\" class=\"elementor-field elementor-size-sm  elementor-field-textual\" placeholder=\"Email\" required=\"required\">\n\t\t\t\t\t\t\t\t\t\t\t<\/div>\n\t\t\t\t\t\t\t\t<div class=\"elementor-field-type-maskphone_with_ddd elementor-field-group elementor-column elementor-field-group-fone elementor-col-100 elementor-field-required\">\n\t\t\t\t\t\t\t\t\t\t\t\t<label for=\"form-field-fone\" class=\"elementor-field-label elementor-screen-only\">\n\t\t\t\t\t\t\t\tTelefone com DDD\t\t\t\t\t\t\t<\/label>\n\t\t\t\t\t\t<input size=\"1\" type=\"tel\" name=\"form_fields[fone]\" id=\"form-field-fone\" class=\"elementor-field elementor-size-sm  elementor-field-textual phone_with_ddd\" required=\"required\" placeholder=\"Telefone com DDD\">\t\t\t\t<\/div>\n\t\t\t\t\t\t\t\t<div class=\"elementor-field-type-textarea elementor-field-group elementor-column elementor-field-group-msg elementor-col-100 elementor-field-required\">\n\t\t\t\t\t\t\t\t\t\t\t\t<label for=\"form-field-msg\" class=\"elementor-field-label elementor-screen-only\">\n\t\t\t\t\t\t\t\tMensagem\t\t\t\t\t\t\t<\/label>\n\t\t\t\t\t\t<textarea class=\"elementor-field-textual elementor-field  elementor-size-sm\" name=\"form_fields[msg]\" id=\"form-field-msg\" rows=\"6\" placeholder=\"Mensagem \/ Coment\u00e1rio\" required=\"required\"><\/textarea>\t\t\t\t<\/div>\n\t\t\t\t\t\t\t\t<div class=\"elementor-field-type-acceptance elementor-field-group elementor-column elementor-field-group-aceite elementor-col-100 elementor-field-required\">\n\t\t\t\t\t\t\t\t\t\t\t\t<label for=\"form-field-aceite\" class=\"elementor-field-label elementor-screen-only\">\n\t\t\t\t\t\t\t\tTermos\t\t\t\t\t\t\t<\/label>\n\t\t\t\t\t\t\t\t<div class=\"elementor-field-subgroup\">\n\t\t\t<span class=\"elementor-field-option\">\n\t\t\t\t<input type=\"checkbox\" name=\"form_fields[aceite]\" id=\"form-field-aceite\" class=\"elementor-field elementor-size-sm  elementor-acceptance-field\" required=\"required\">\n\t\t\t\t<label for=\"form-field-aceite\">Por favor, aceite os termos<\/label>\t\t\t<\/span>\n\t\t<\/div>\n\t\t\t\t\t\t<\/div>\n\t\t\t\t\t\t\t\t<div class=\"elementor-field-group elementor-column elementor-field-type-submit elementor-col-100 e-form__buttons\">\n\t\t\t\t\t<button class=\"elementor-button elementor-size-sm\" type=\"submit\">\n\t\t\t\t\t\t<span class=\"elementor-button-content-wrapper\">\n\t\t\t\t\t\t\t\t\t\t\t\t\t\t\t\t\t\t\t\t\t\t<span class=\"elementor-button-text\">Enviar<\/span>\n\t\t\t\t\t\t\t\t\t\t\t\t\t<\/span>\n\t\t\t\t\t<\/button>\n\t\t\t\t<\/div>\n\t\t\t<\/div>\n\t\t<\/form>\n\t\t\t\t\t\t<\/div>\n\t\t\t\t<\/div>\n\t\t\t\t\t<\/div>\n\t\t<\/div>\n\t\t\t\t<div class=\"elementor-column elementor-col-50 elementor-top-column elementor-element elementor-element-6a3aa74\" data-id=\"6a3aa74\" data-element_type=\"column\" data-e-type=\"column\">\n\t\t\t<div class=\"elementor-widget-wrap elementor-element-populated\">\n\t\t\t\t\t\t<div class=\"elementor-element elementor-element-e3c68c9 img-contato elementor-widget elementor-widget-image\" data-id=\"e3c68c9\" data-element_type=\"widget\" data-e-type=\"widget\" data-widget_type=\"image.default\">\n\t\t\t\t<div class=\"elementor-widget-container\">\n\t\t\t\t\t\t\t\t\t\t\t\t\t\t\t<img fetchpriority=\"high\" decoding=\"async\" width=\"550\" height=\"366\" src=\"https:\/\/www.hidramakei.com.br\/wp-content\/uploads\/2021\/02\/contato-site.jpg\" class=\"attachment-full size-full wp-image-578\" alt=\"\" srcset=\"https:\/\/www.hidramakei.com.br\/wp-content\/uploads\/2021\/02\/contato-site.jpg 550w, https:\/\/www.hidramakei.com.br\/wp-content\/uploads\/2021\/02\/contato-site-64x43.jpg 64w\" sizes=\"(max-width: 550px) 100vw, 550px\" \/>\t\t\t\t\t\t\t\t\t\t\t\t\t\t\t<\/div>\n\t\t\t\t<\/div>\n\t\t\t\t<div class=\"elementor-element elementor-element-7f7abc9 elementor-widget elementor-widget-heading\" data-id=\"7f7abc9\" data-element_type=\"widget\" data-e-type=\"widget\" data-widget_type=\"heading.default\">\n\t\t\t\t<div class=\"elementor-widget-container\">\n\t\t\t\t\t<h2 class=\"elementor-heading-title elementor-size-default\">Atendimento ao cliente<\/h2>\t\t\t\t<\/div>\n\t\t\t\t<\/div>\n\t\t\t\t<div class=\"elementor-element elementor-element-0970d78 elementor-widget elementor-widget-text-editor\" data-id=\"0970d78\" data-element_type=\"widget\" data-e-type=\"widget\" data-widget_type=\"text-editor.default\">\n\t\t\t\t<div class=\"elementor-widget-container\">\n\t\t\t\t\t\t\t\t\t<p><strong>Telefones Pinheiros<\/strong><br \/><a href=\"tel:1130317718\">(11) 3031-7718<\/a> \/ <a href=\"tel:1130826787\">3082-6787<\/a> \/ <a href=\"https:\/\/api.whatsapp.com\/send?phone=5511987715081&amp;text=Ol\u00e1! Como posso lhe ajudar?\" target=\"_blank\" rel=\"noopener\" data-wplink-url-error=\"true\">98771-5081<\/a><\/p><p><strong>Email<\/strong><br \/><a href=\"mailto:contato@hidramakei.com.br\">contato@hidramakei.com.br<\/a><\/p>\t\t\t\t\t\t\t\t<\/div>\n\t\t\t\t<\/div>\n\t\t\t\t<div class=\"elementor-element elementor-element-28109e2 elementor-hidden-desktop elementor-hidden-tablet elementor-hidden-mobile elementor-widget elementor-widget-text-editor\" data-id=\"28109e2\" data-element_type=\"widget\" data-e-type=\"widget\" data-widget_type=\"text-editor.default\">\n\t\t\t\t<div class=\"elementor-widget-container\">\n\t\t\t\t\t\t\t\t\t<p><strong>Telefones Pinheiros<\/strong><br \/><a href=\"tel:1130317718\">(11) 3031-7718<\/a> \/ <a href=\"tel:1130826787\">3082-6787<\/a> \/ <a href=\"https:\/\/api.whatsapp.com\/send?phone=5511987715081&amp;text=Ol\u00e1! Como posso lhe ajudar?\" target=\"_blank\" rel=\"noopener\" data-wplink-url-error=\"true\">98771-5081<\/a><\/p><p><strong>Telefones Lapa<\/strong><br \/><a href=\"tel:1136737546\">(11) 3673-7546<\/a> \/<a href=\"tel:1136729336\"> 3672-9336<\/a> \/ <a href=\"https:\/\/api.whatsapp.com\/send?phone=5511997404004&amp;text=Ol\u00e1! Como posso lhe ajudar?\" target=\"_blank\" rel=\"noopener\" data-wplink-url-error=\"true\">99740-4004<\/a><\/p><p><strong>Email<\/strong><br \/><a href=\"mailto:contato@hidramakei.com.br\">contato@hidramakei.com.br<\/a><\/p>\t\t\t\t\t\t\t\t<\/div>\n\t\t\t\t<\/div>\n\t\t\t\t\t<\/div>\n\t\t<\/div>\n\t\t\t\t\t<\/div>\n\t\t<\/section>\n\t\t\t\t<\/div>\n\t\t","protected":false},"excerpt":{"rendered":"<p>Fale Conosco Deixe aqui suas d\u00favidas, sugest\u00f5es ou solicita\u00e7\u00f5es Formul\u00e1rio de contato Por favor, preencha corretamente o formul\u00e1rio de contato abaixo, para que seus dados sejam enviados corretamente. Atendimento ao cliente Telefones Pinheiros(11) 3031-7718 \/ 3082-6787 \/ 98771-5081 Emailcontato@hidramakei.com.br Telefones Pinheiros(11) 3031-7718 \/ 3082-6787 \/ 98771-5081 Telefones Lapa(11) 3673-7546 \/ 3672-9336 \/ 99740-4004 Emailcontato@hidramakei.com.br<\/p>","protected":false},"author":1,"featured_media":0,"parent":0,"menu_order":0,"comment_status":"closed","ping_status":"closed","template":"elementor_header_footer","meta":{"_joinchat":[],"footnotes":""},"class_list":["post-562","page","type-page","status-publish","hentry"],"yoast_head":"<!-- This site is optimized with the Yoast SEO plugin v27.6 - https:\/\/yoast.com\/product\/yoast-seo-wordpress\/ -->\n<title>Fale Conosco - Hidramakey - Aquecedores Cardal<\/title>\n<meta name=\"description\" content=\"Fale Conosco - Hidramakey - Aquecedores Cardal\" \/>\n<meta name=\"robots\" content=\"index, follow, max-snippet:-1, max-image-preview:large, max-video-preview:-1\" \/>\n<link rel=\"canonical\" href=\"https:\/\/www.hidramakei.com.br\/en\/fale-conosco\/\" \/>\n<meta property=\"og:locale\" content=\"en_US\" \/>\n<meta property=\"og:type\" content=\"article\" \/>\n<meta property=\"og:title\" content=\"Fale Conosco - Hidramakey - Aquecedores Cardal\" \/>\n<meta property=\"og:description\" content=\"Fale Conosco - Hidramakey - Aquecedores Cardal\" \/>\n<meta property=\"og:url\" content=\"https:\/\/www.hidramakei.com.br\/en\/fale-conosco\/\" \/>\n<meta property=\"og:site_name\" content=\"Hidramakey - Aquecedores Cardal\" \/>\n<meta property=\"article:modified_time\" content=\"2024-02-26T18:58:33+00:00\" \/>\n<meta property=\"og:image\" content=\"https:\/\/www.hidramakei.com.br\/wp-content\/uploads\/2021\/02\/contato-site.jpg\" \/>\n<meta name=\"twitter:card\" content=\"summary_large_image\" \/>\n<meta name=\"twitter:label1\" content=\"Est. reading time\" \/>\n\t<meta name=\"twitter:data1\" content=\"1 minute\" \/>\n<script type=\"application\/ld+json\" class=\"yoast-schema-graph\">{\"@context\":\"https:\\\/\\\/schema.org\",\"@graph\":[{\"@type\":\"WebPage\",\"@id\":\"https:\\\/\\\/www.hidramakei.com.br\\\/fale-conosco\\\/\",\"url\":\"https:\\\/\\\/www.hidramakei.com.br\\\/fale-conosco\\\/\",\"name\":\"Fale Conosco - Hidramakey - Aquecedores Cardal\",\"isPartOf\":{\"@id\":\"https:\\\/\\\/www.hidramakei.com.br\\\/#website\"},\"primaryImageOfPage\":{\"@id\":\"https:\\\/\\\/www.hidramakei.com.br\\\/fale-conosco\\\/#primaryimage\"},\"image\":{\"@id\":\"https:\\\/\\\/www.hidramakei.com.br\\\/fale-conosco\\\/#primaryimage\"},\"thumbnailUrl\":\"https:\\\/\\\/www.hidramakei.com.br\\\/wp-content\\\/uploads\\\/2021\\\/02\\\/contato-site.jpg\",\"datePublished\":\"2021-02-14T19:22:54+00:00\",\"dateModified\":\"2024-02-26T18:58:33+00:00\",\"description\":\"Fale Conosco - Hidramakey - Aquecedores Cardal\",\"breadcrumb\":{\"@id\":\"https:\\\/\\\/www.hidramakei.com.br\\\/fale-conosco\\\/#breadcrumb\"},\"inLanguage\":\"en-US\",\"potentialAction\":[{\"@type\":\"ReadAction\",\"target\":[\"https:\\\/\\\/www.hidramakei.com.br\\\/fale-conosco\\\/\"]}]},{\"@type\":\"ImageObject\",\"inLanguage\":\"en-US\",\"@id\":\"https:\\\/\\\/www.hidramakei.com.br\\\/fale-conosco\\\/#primaryimage\",\"url\":\"https:\\\/\\\/www.hidramakei.com.br\\\/wp-content\\\/uploads\\\/2021\\\/02\\\/contato-site.jpg\",\"contentUrl\":\"https:\\\/\\\/www.hidramakei.com.br\\\/wp-content\\\/uploads\\\/2021\\\/02\\\/contato-site.jpg\"},{\"@type\":\"BreadcrumbList\",\"@id\":\"https:\\\/\\\/www.hidramakei.com.br\\\/fale-conosco\\\/#breadcrumb\",\"itemListElement\":[{\"@type\":\"ListItem\",\"position\":1,\"name\":\"In\u00edcio\",\"item\":\"https:\\\/\\\/www.hidramakei.com.br\\\/\"},{\"@type\":\"ListItem\",\"position\":2,\"name\":\"Fale Conosco\"}]},{\"@type\":\"WebSite\",\"@id\":\"https:\\\/\\\/www.hidramakei.com.br\\\/#website\",\"url\":\"https:\\\/\\\/www.hidramakei.com.br\\\/\",\"name\":\"Hidramakey Instala\u00e7\u00f5es El\u00e9tricas e Hidr\u00e1ulicas - Aquecedores e Duchas Cardal\",\"description\":\"Aquecedores - Cardal - Instala\u00e7\u00e3o e venda de aquecedores - Aquecedores a g\u00e1s - Venda e instala\u00e7\u00e3o de torneiras el\u00e9tricas - Torneiras el\u00e9tricas cardal - Manuten\u00e7\u00e3o de aquecedores - Duchas e chuveiros lorenzetti -  Reparos MVC - Aquecedores a g\u00e1s Komeco - Venda e instala\u00e7\u00e3o de aquecedores a g\u00e1s - Aquecedores a g\u00e1s lorenzetti - Ventiladores aliseu - Assist\u00eancia t\u00e9cnica cardal - Assist\u00eancia t\u00e9cnica lorenzetti - Misturadores e torneiras fabrimar- Perflex - Duchas para aquecimento a g\u00e1s - Ducol - F\u00e1brimar - Lorenzetti\",\"publisher\":{\"@id\":\"https:\\\/\\\/www.hidramakei.com.br\\\/#organization\"},\"alternateName\":\"Hidramakey Instala\u00e7\u00f5es El\u00e9tricas e Hidr\u00e1ulicas\",\"potentialAction\":[{\"@type\":\"SearchAction\",\"target\":{\"@type\":\"EntryPoint\",\"urlTemplate\":\"https:\\\/\\\/www.hidramakei.com.br\\\/?s={search_term_string}\"},\"query-input\":{\"@type\":\"PropertyValueSpecification\",\"valueRequired\":true,\"valueName\":\"search_term_string\"}}],\"inLanguage\":\"en-US\"},{\"@type\":\"Organization\",\"@id\":\"https:\\\/\\\/www.hidramakei.com.br\\\/#organization\",\"name\":\"Hidramakey Instala\u00e7\u00f5es El\u00e9tricas e Hidr\u00e1ulicas - Aquecedores e Duchas Cardal\",\"alternateName\":\"Hidramakey Instala\u00e7\u00f5es El\u00e9tricas e Hidr\u00e1ulicas\",\"url\":\"https:\\\/\\\/www.hidramakei.com.br\\\/\",\"logo\":{\"@type\":\"ImageObject\",\"inLanguage\":\"en-US\",\"@id\":\"https:\\\/\\\/www.hidramakei.com.br\\\/#\\\/schema\\\/logo\\\/image\\\/\",\"url\":\"https:\\\/\\\/www.hidramakei.com.br\\\/wp-content\\\/uploads\\\/2021\\\/02\\\/logo-novo.png\",\"contentUrl\":\"https:\\\/\\\/www.hidramakei.com.br\\\/wp-content\\\/uploads\\\/2021\\\/02\\\/logo-novo.png\",\"width\":222,\"height\":150,\"caption\":\"Hidramakey Instala\u00e7\u00f5es El\u00e9tricas e Hidr\u00e1ulicas - Aquecedores e Duchas Cardal\"},\"image\":{\"@id\":\"https:\\\/\\\/www.hidramakei.com.br\\\/#\\\/schema\\\/logo\\\/image\\\/\"}}]}<\/script>\n<!-- \/ Yoast SEO plugin. -->","yoast_head_json":{"title":"Fale Conosco - Hidramakey - Aquecedores Cardal","description":"Fale Conosco - Hidramakey - Aquecedores Cardal","robots":{"index":"index","follow":"follow","max-snippet":"max-snippet:-1","max-image-preview":"max-image-preview:large","max-video-preview":"max-video-preview:-1"},"canonical":"https:\/\/www.hidramakei.com.br\/en\/fale-conosco\/","og_locale":"en_US","og_type":"article","og_title":"Fale Conosco - Hidramakey - Aquecedores Cardal","og_description":"Fale Conosco - Hidramakey - Aquecedores Cardal","og_url":"https:\/\/www.hidramakei.com.br\/en\/fale-conosco\/","og_site_name":"Hidramakey - Aquecedores Cardal","article_modified_time":"2024-02-26T18:58:33+00:00","og_image":[{"url":"https:\/\/www.hidramakei.com.br\/wp-content\/uploads\/2021\/02\/contato-site.jpg","type":"","width":"","height":""}],"twitter_card":"summary_large_image","twitter_misc":{"Est. reading time":"1 minute"},"schema":{"@context":"https:\/\/schema.org","@graph":[{"@type":"WebPage","@id":"https:\/\/www.hidramakei.com.br\/fale-conosco\/","url":"https:\/\/www.hidramakei.com.br\/fale-conosco\/","name":"Fale Conosco - Hidramakey - Aquecedores Cardal","isPartOf":{"@id":"https:\/\/www.hidramakei.com.br\/#website"},"primaryImageOfPage":{"@id":"https:\/\/www.hidramakei.com.br\/fale-conosco\/#primaryimage"},"image":{"@id":"https:\/\/www.hidramakei.com.br\/fale-conosco\/#primaryimage"},"thumbnailUrl":"https:\/\/www.hidramakei.com.br\/wp-content\/uploads\/2021\/02\/contato-site.jpg","datePublished":"2021-02-14T19:22:54+00:00","dateModified":"2024-02-26T18:58:33+00:00","description":"Fale Conosco - Hidramakey - Aquecedores Cardal","breadcrumb":{"@id":"https:\/\/www.hidramakei.com.br\/fale-conosco\/#breadcrumb"},"inLanguage":"en-US","potentialAction":[{"@type":"ReadAction","target":["https:\/\/www.hidramakei.com.br\/fale-conosco\/"]}]},{"@type":"ImageObject","inLanguage":"en-US","@id":"https:\/\/www.hidramakei.com.br\/fale-conosco\/#primaryimage","url":"https:\/\/www.hidramakei.com.br\/wp-content\/uploads\/2021\/02\/contato-site.jpg","contentUrl":"https:\/\/www.hidramakei.com.br\/wp-content\/uploads\/2021\/02\/contato-site.jpg"},{"@type":"BreadcrumbList","@id":"https:\/\/www.hidramakei.com.br\/fale-conosco\/#breadcrumb","itemListElement":[{"@type":"ListItem","position":1,"name":"In\u00edcio","item":"https:\/\/www.hidramakei.com.br\/"},{"@type":"ListItem","position":2,"name":"Fale Conosco"}]},{"@type":"WebSite","@id":"https:\/\/www.hidramakei.com.br\/#website","url":"https:\/\/www.hidramakei.com.br\/","name":"Hidramakey Instala\u00e7\u00f5es El\u00e9tricas e Hidr\u00e1ulicas - Aquecedores e Duchas Cardal","description":"Aquecedores - Cardal - Instala\u00e7\u00e3o e venda de aquecedores - Aquecedores a g\u00e1s - Venda e instala\u00e7\u00e3o de torneiras el\u00e9tricas - Torneiras el\u00e9tricas cardal - Manuten\u00e7\u00e3o de aquecedores - Duchas e chuveiros lorenzetti -  Reparos MVC - Aquecedores a g\u00e1s Komeco - Venda e instala\u00e7\u00e3o de aquecedores a g\u00e1s - Aquecedores a g\u00e1s lorenzetti - Ventiladores aliseu - Assist\u00eancia t\u00e9cnica cardal - Assist\u00eancia t\u00e9cnica lorenzetti - Misturadores e torneiras fabrimar- Perflex - Duchas para aquecimento a g\u00e1s - Ducol - F\u00e1brimar - Lorenzetti","publisher":{"@id":"https:\/\/www.hidramakei.com.br\/#organization"},"alternateName":"Hidramakey Instala\u00e7\u00f5es El\u00e9tricas e Hidr\u00e1ulicas","potentialAction":[{"@type":"SearchAction","target":{"@type":"EntryPoint","urlTemplate":"https:\/\/www.hidramakei.com.br\/?s={search_term_string}"},"query-input":{"@type":"PropertyValueSpecification","valueRequired":true,"valueName":"search_term_string"}}],"inLanguage":"en-US"},{"@type":"Organization","@id":"https:\/\/www.hidramakei.com.br\/#organization","name":"Hidramakey Instala\u00e7\u00f5es El\u00e9tricas e Hidr\u00e1ulicas - Aquecedores e Duchas Cardal","alternateName":"Hidramakey Instala\u00e7\u00f5es El\u00e9tricas e Hidr\u00e1ulicas","url":"https:\/\/www.hidramakei.com.br\/","logo":{"@type":"ImageObject","inLanguage":"en-US","@id":"https:\/\/www.hidramakei.com.br\/#\/schema\/logo\/image\/","url":"https:\/\/www.hidramakei.com.br\/wp-content\/uploads\/2021\/02\/logo-novo.png","contentUrl":"https:\/\/www.hidramakei.com.br\/wp-content\/uploads\/2021\/02\/logo-novo.png","width":222,"height":150,"caption":"Hidramakey Instala\u00e7\u00f5es El\u00e9tricas e Hidr\u00e1ulicas - Aquecedores e Duchas Cardal"},"image":{"@id":"https:\/\/www.hidramakei.com.br\/#\/schema\/logo\/image\/"}}]}},"_links":{"self":[{"href":"https:\/\/www.hidramakei.com.br\/en\/wp-json\/wp\/v2\/pages\/562","targetHints":{"allow":["GET"]}}],"collection":[{"href":"https:\/\/www.hidramakei.com.br\/en\/wp-json\/wp\/v2\/pages"}],"about":[{"href":"https:\/\/www.hidramakei.com.br\/en\/wp-json\/wp\/v2\/types\/page"}],"author":[{"embeddable":true,"href":"https:\/\/www.hidramakei.com.br\/en\/wp-json\/wp\/v2\/users\/1"}],"replies":[{"embeddable":true,"href":"https:\/\/www.hidramakei.com.br\/en\/wp-json\/wp\/v2\/comments?post=562"}],"version-history":[{"count":74,"href":"https:\/\/www.hidramakei.com.br\/en\/wp-json\/wp\/v2\/pages\/562\/revisions"}],"predecessor-version":[{"id":2481,"href":"https:\/\/www.hidramakei.com.br\/en\/wp-json\/wp\/v2\/pages\/562\/revisions\/2481"}],"wp:attachment":[{"href":"https:\/\/www.hidramakei.com.br\/en\/wp-json\/wp\/v2\/media?parent=562"}],"curies":[{"name":"wp","href":"https:\/\/api.w.org\/{rel}","templated":true}]}}