{"id":1548,"date":"2023-02-14T14:17:54","date_gmt":"2023-02-14T17:17:54","guid":{"rendered":"https:\/\/www.hidramakei.com.br\/?post_type=product&#038;p=1548"},"modified":"2024-04-12T16:40:20","modified_gmt":"2024-04-12T19:40:20","slug":"aquecedor-cardal-individual-plus-5200w-220v","status":"publish","type":"product","link":"https:\/\/www.hidramakei.com.br\/en\/aquecedor-cardal-individual-plus-5200w-220v\/","title":{"rendered":"Aquecedor Cardal Individual Plus 5200W\/220V"},"content":{"rendered":"<p>Aquecedor Cardal Individual Plus A nova linha de Aquecedores Individuais foi desenvolvida para uma grande variedade de aplica\u00e7\u00f5es. Devido a sua versatilidade e pequenas dimens\u00f5es, qualquer um dos modelos pode ser instalado diretamente no ponto de uso (pia, lavat\u00f3rio, bid\u00ea, etc.) ou onde se necessitar \u00e1gua quente, evitando o desperd\u00edcio de \u00e1gua. Sendo totalmente autom\u00e1tico, o novo Aquecedor Individual consome energia el\u00e9trica somente quando se abre o registro de \u00e1gua a ele conectado, aquecendo a \u00e1gua instantaneamente. 5200 w<\/p>\n<p>De f\u00e1cil instala\u00e7\u00e3o. Sem complica\u00e7\u00f5es, o Aquecedor Individual Plus \u00e9 instalado diretamente no ponto de uso, sem a necessidade de extensas tubula\u00e7\u00f5es de \u00e1gua quente, comum nos sistemas de aquecimento central.<\/p>\n<p>\u2022 Economia de energia el\u00e9trica. Fornece \u00e1gua quente instantaneamente a qualquer hora do dia ou da noite, consumindo energia el\u00e9trica somente quando se abre o registro de \u00e1gua conectado ao Aquecedor Individual.<br \/>\n\u2022 Economia de \u00e1gua.Ao contr\u00e1rio dos sistemas de aquecimento central (solar, a g\u00e1s ou boiler) que s\u00e3o instalados longe do ponto de uso, com o Aquecedor Individual n\u00e3o h\u00e1 desperd\u00edcio de \u00e1gua. Em cada utiliza\u00e7\u00e3o, a \u00e1gua fria \u00e9 aquecida instantaneamente, no ponto de uso, e ainda permite o uso econ\u00f4mico atrav\u00e9s do controle de vaz\u00e3o com o registro, fornecendo \u00e1gua quente com 3 litros por minuto.<br \/>\n\u2022 Maior durabilidade. A Resist\u00eancia do Aquecedor Individual Plus passa por tratamento t\u00e9rmico (climatiza\u00e7\u00e3o) que altera a estrutura das mol\u00e9culas do fio prolongando sua vida \u00fatil.<br \/>\n\u2022 Versatilidade e tranquilidade. O Aquecedor Individual \u00e9 indicado para instala\u00e7\u00f5es hidr\u00e1ulicas de Baixa e Alta Press\u00e3o, suportando 100 metros de coluna de \u00e1gua (m c.A.).<br \/>\n\u2022 Maior seguran\u00e7a. Compatibilidade no funcionamento com interruptor diferencial residual de alta sensibilidade (Dispositivo DR &#8211; IDN\u00a3 0,03 A).<br \/>\n\u2022 Este produto tem seu desempenho aprovado pelo INMETRO e est\u00e1 em conformidade com o Programa Brasileiro de Etiquetagem &#8211; PBE<\/p>\n<p>Voltagem: 220v<br \/>\nCor: Branco<\/p>","protected":false},"excerpt":{"rendered":"<p>Aquecedor Cardal Individual Plus.<br \/>\nA nova linha de Aquecedores Individuais foi desenvolvida para uma grande variedade de aplica\u00e7\u00f5es.<\/p>","protected":false},"featured_media":1549,"comment_status":"open","ping_status":"closed","template":"","meta":{"_joinchat":[]},"product_brand":[],"product_cat":[308],"product_tag":[],"class_list":{"0":"post-1548","1":"product","2":"type-product","3":"status-publish","4":"has-post-thumbnail","6":"product_cat-aquecedor-eletrico","8":"first","9":"instock","10":"shipping-taxable","11":"purchasable","12":"product-type-simple"},"yoast_head":"<!-- This site is optimized with the Yoast SEO plugin v27.6 - https:\/\/yoast.com\/product\/yoast-seo-wordpress\/ -->\n<title>Aquecedor Cardal Individual Plus 5200W\/220V - Hidramakey - Aquecedores Cardal<\/title>\n<meta name=\"description\" content=\"Aquecedor Cardal Individual Plus 5200W\/220V - Hidramakey - Aquecedores Cardal\" \/>\n<meta name=\"robots\" content=\"index, follow, max-snippet:-1, max-image-preview:large, max-video-preview:-1\" \/>\n<link rel=\"canonical\" href=\"https:\/\/www.hidramakei.com.br\/en\/aquecedor-cardal-individual-plus-5200w-220v\/\" \/>\n<meta property=\"og:locale\" content=\"en_US\" \/>\n<meta property=\"og:type\" content=\"article\" \/>\n<meta property=\"og:title\" content=\"Aquecedor Cardal Individual Plus 5200W\/220V - Hidramakey - Aquecedores Cardal\" \/>\n<meta property=\"og:description\" content=\"Aquecedor Cardal Individual Plus 5200W\/220V - Hidramakey - Aquecedores Cardal\" \/>\n<meta property=\"og:url\" content=\"https:\/\/www.hidramakei.com.br\/en\/aquecedor-cardal-individual-plus-5200w-220v\/\" \/>\n<meta property=\"og:site_name\" content=\"Hidramakey - Aquecedores Cardal\" \/>\n<meta property=\"article:modified_time\" content=\"2024-04-12T19:40:20+00:00\" \/>\n<meta property=\"og:image\" content=\"https:\/\/www.hidramakei.com.br\/wp-content\/uploads\/2023\/02\/Aquecedor-Individual-Plus-Cardal-5.000W-127V-AQ-248.jpg\" \/>\n\t<meta property=\"og:image:width\" content=\"737\" \/>\n\t<meta property=\"og:image:height\" content=\"957\" \/>\n\t<meta property=\"og:image:type\" content=\"image\/jpeg\" \/>\n<meta name=\"twitter:card\" content=\"summary_large_image\" \/>\n<meta name=\"twitter:label1\" content=\"Est. reading time\" \/>\n\t<meta name=\"twitter:data1\" content=\"2 minutes\" \/>\n<script type=\"application\/ld+json\" class=\"yoast-schema-graph\">{\"@context\":\"https:\\\/\\\/schema.org\",\"@graph\":[{\"@type\":\"WebPage\",\"@id\":\"https:\\\/\\\/www.hidramakei.com.br\\\/aquecedor-cardal-individual-plus-5200w-220v\\\/\",\"url\":\"https:\\\/\\\/www.hidramakei.com.br\\\/aquecedor-cardal-individual-plus-5200w-220v\\\/\",\"name\":\"Aquecedor Cardal Individual Plus 5200W\\\/220V - Hidramakey - Aquecedores Cardal\",\"isPartOf\":{\"@id\":\"https:\\\/\\\/www.hidramakei.com.br\\\/#website\"},\"primaryImageOfPage\":{\"@id\":\"https:\\\/\\\/www.hidramakei.com.br\\\/aquecedor-cardal-individual-plus-5200w-220v\\\/#primaryimage\"},\"image\":{\"@id\":\"https:\\\/\\\/www.hidramakei.com.br\\\/aquecedor-cardal-individual-plus-5200w-220v\\\/#primaryimage\"},\"thumbnailUrl\":\"https:\\\/\\\/www.hidramakei.com.br\\\/wp-content\\\/uploads\\\/2023\\\/02\\\/Aquecedor-Individual-Plus-Cardal-5.000W-127V-AQ-248.jpg\",\"datePublished\":\"2023-02-14T17:17:54+00:00\",\"dateModified\":\"2024-04-12T19:40:20+00:00\",\"description\":\"Aquecedor Cardal Individual Plus 5200W\\\/220V - Hidramakey - Aquecedores Cardal\",\"breadcrumb\":{\"@id\":\"https:\\\/\\\/www.hidramakei.com.br\\\/aquecedor-cardal-individual-plus-5200w-220v\\\/#breadcrumb\"},\"inLanguage\":\"en-US\",\"potentialAction\":[{\"@type\":\"ReadAction\",\"target\":[\"https:\\\/\\\/www.hidramakei.com.br\\\/aquecedor-cardal-individual-plus-5200w-220v\\\/\"]}]},{\"@type\":\"ImageObject\",\"inLanguage\":\"en-US\",\"@id\":\"https:\\\/\\\/www.hidramakei.com.br\\\/aquecedor-cardal-individual-plus-5200w-220v\\\/#primaryimage\",\"url\":\"https:\\\/\\\/www.hidramakei.com.br\\\/wp-content\\\/uploads\\\/2023\\\/02\\\/Aquecedor-Individual-Plus-Cardal-5.000W-127V-AQ-248.jpg\",\"contentUrl\":\"https:\\\/\\\/www.hidramakei.com.br\\\/wp-content\\\/uploads\\\/2023\\\/02\\\/Aquecedor-Individual-Plus-Cardal-5.000W-127V-AQ-248.jpg\",\"width\":737,\"height\":957},{\"@type\":\"BreadcrumbList\",\"@id\":\"https:\\\/\\\/www.hidramakei.com.br\\\/aquecedor-cardal-individual-plus-5200w-220v\\\/#breadcrumb\",\"itemListElement\":[{\"@type\":\"ListItem\",\"position\":1,\"name\":\"In\u00edcio\",\"item\":\"https:\\\/\\\/www.hidramakei.com.br\\\/\"},{\"@type\":\"ListItem\",\"position\":2,\"name\":\"Loja\",\"item\":\"https:\\\/\\\/www.hidramakei.com.br\\\/loja\\\/\"},{\"@type\":\"ListItem\",\"position\":3,\"name\":\"Aquecedor Cardal Individual Plus 5200W\\\/220V\"}]},{\"@type\":\"WebSite\",\"@id\":\"https:\\\/\\\/www.hidramakei.com.br\\\/#website\",\"url\":\"https:\\\/\\\/www.hidramakei.com.br\\\/\",\"name\":\"Hidramakey Instala\u00e7\u00f5es El\u00e9tricas e Hidr\u00e1ulicas - Aquecedores e Duchas Cardal\",\"description\":\"Aquecedores - Cardal - Instala\u00e7\u00e3o e venda de aquecedores - Aquecedores a g\u00e1s - Venda e instala\u00e7\u00e3o de torneiras el\u00e9tricas - Torneiras el\u00e9tricas cardal - Manuten\u00e7\u00e3o de aquecedores - Duchas e chuveiros lorenzetti -  Reparos MVC - Aquecedores a g\u00e1s Komeco - Venda e instala\u00e7\u00e3o de aquecedores a g\u00e1s - Aquecedores a g\u00e1s lorenzetti - Ventiladores aliseu - Assist\u00eancia t\u00e9cnica cardal - Assist\u00eancia t\u00e9cnica lorenzetti - Misturadores e torneiras fabrimar- Perflex - Duchas para aquecimento a g\u00e1s - Ducol - F\u00e1brimar - Lorenzetti\",\"publisher\":{\"@id\":\"https:\\\/\\\/www.hidramakei.com.br\\\/#organization\"},\"alternateName\":\"Hidramakey Instala\u00e7\u00f5es El\u00e9tricas e Hidr\u00e1ulicas\",\"potentialAction\":[{\"@type\":\"SearchAction\",\"target\":{\"@type\":\"EntryPoint\",\"urlTemplate\":\"https:\\\/\\\/www.hidramakei.com.br\\\/?s={search_term_string}\"},\"query-input\":{\"@type\":\"PropertyValueSpecification\",\"valueRequired\":true,\"valueName\":\"search_term_string\"}}],\"inLanguage\":\"en-US\"},{\"@type\":\"Organization\",\"@id\":\"https:\\\/\\\/www.hidramakei.com.br\\\/#organization\",\"name\":\"Hidramakey Instala\u00e7\u00f5es El\u00e9tricas e Hidr\u00e1ulicas - Aquecedores e Duchas Cardal\",\"alternateName\":\"Hidramakey Instala\u00e7\u00f5es El\u00e9tricas e Hidr\u00e1ulicas\",\"url\":\"https:\\\/\\\/www.hidramakei.com.br\\\/\",\"logo\":{\"@type\":\"ImageObject\",\"inLanguage\":\"en-US\",\"@id\":\"https:\\\/\\\/www.hidramakei.com.br\\\/#\\\/schema\\\/logo\\\/image\\\/\",\"url\":\"https:\\\/\\\/www.hidramakei.com.br\\\/wp-content\\\/uploads\\\/2021\\\/02\\\/logo-novo.png\",\"contentUrl\":\"https:\\\/\\\/www.hidramakei.com.br\\\/wp-content\\\/uploads\\\/2021\\\/02\\\/logo-novo.png\",\"width\":222,\"height\":150,\"caption\":\"Hidramakey Instala\u00e7\u00f5es El\u00e9tricas e Hidr\u00e1ulicas - Aquecedores e Duchas Cardal\"},\"image\":{\"@id\":\"https:\\\/\\\/www.hidramakei.com.br\\\/#\\\/schema\\\/logo\\\/image\\\/\"}}]}<\/script>\n<!-- \/ Yoast SEO plugin. -->","yoast_head_json":{"title":"Aquecedor Cardal Individual Plus 5200W\/220V - Hidramakey - Aquecedores Cardal","description":"Aquecedor Cardal Individual Plus 5200W\/220V - Hidramakey - Aquecedores Cardal","robots":{"index":"index","follow":"follow","max-snippet":"max-snippet:-1","max-image-preview":"max-image-preview:large","max-video-preview":"max-video-preview:-1"},"canonical":"https:\/\/www.hidramakei.com.br\/en\/aquecedor-cardal-individual-plus-5200w-220v\/","og_locale":"en_US","og_type":"article","og_title":"Aquecedor Cardal Individual Plus 5200W\/220V - Hidramakey - Aquecedores Cardal","og_description":"Aquecedor Cardal Individual Plus 5200W\/220V - Hidramakey - Aquecedores Cardal","og_url":"https:\/\/www.hidramakei.com.br\/en\/aquecedor-cardal-individual-plus-5200w-220v\/","og_site_name":"Hidramakey - Aquecedores Cardal","article_modified_time":"2024-04-12T19:40:20+00:00","og_image":[{"width":737,"height":957,"url":"https:\/\/www.hidramakei.com.br\/wp-content\/uploads\/2023\/02\/Aquecedor-Individual-Plus-Cardal-5.000W-127V-AQ-248.jpg","type":"image\/jpeg"}],"twitter_card":"summary_large_image","twitter_misc":{"Est. reading time":"2 minutes"},"schema":{"@context":"https:\/\/schema.org","@graph":[{"@type":"WebPage","@id":"https:\/\/www.hidramakei.com.br\/aquecedor-cardal-individual-plus-5200w-220v\/","url":"https:\/\/www.hidramakei.com.br\/aquecedor-cardal-individual-plus-5200w-220v\/","name":"Aquecedor Cardal Individual Plus 5200W\/220V - Hidramakey - Aquecedores Cardal","isPartOf":{"@id":"https:\/\/www.hidramakei.com.br\/#website"},"primaryImageOfPage":{"@id":"https:\/\/www.hidramakei.com.br\/aquecedor-cardal-individual-plus-5200w-220v\/#primaryimage"},"image":{"@id":"https:\/\/www.hidramakei.com.br\/aquecedor-cardal-individual-plus-5200w-220v\/#primaryimage"},"thumbnailUrl":"https:\/\/www.hidramakei.com.br\/wp-content\/uploads\/2023\/02\/Aquecedor-Individual-Plus-Cardal-5.000W-127V-AQ-248.jpg","datePublished":"2023-02-14T17:17:54+00:00","dateModified":"2024-04-12T19:40:20+00:00","description":"Aquecedor Cardal Individual Plus 5200W\/220V - Hidramakey - Aquecedores Cardal","breadcrumb":{"@id":"https:\/\/www.hidramakei.com.br\/aquecedor-cardal-individual-plus-5200w-220v\/#breadcrumb"},"inLanguage":"en-US","potentialAction":[{"@type":"ReadAction","target":["https:\/\/www.hidramakei.com.br\/aquecedor-cardal-individual-plus-5200w-220v\/"]}]},{"@type":"ImageObject","inLanguage":"en-US","@id":"https:\/\/www.hidramakei.com.br\/aquecedor-cardal-individual-plus-5200w-220v\/#primaryimage","url":"https:\/\/www.hidramakei.com.br\/wp-content\/uploads\/2023\/02\/Aquecedor-Individual-Plus-Cardal-5.000W-127V-AQ-248.jpg","contentUrl":"https:\/\/www.hidramakei.com.br\/wp-content\/uploads\/2023\/02\/Aquecedor-Individual-Plus-Cardal-5.000W-127V-AQ-248.jpg","width":737,"height":957},{"@type":"BreadcrumbList","@id":"https:\/\/www.hidramakei.com.br\/aquecedor-cardal-individual-plus-5200w-220v\/#breadcrumb","itemListElement":[{"@type":"ListItem","position":1,"name":"In\u00edcio","item":"https:\/\/www.hidramakei.com.br\/"},{"@type":"ListItem","position":2,"name":"Loja","item":"https:\/\/www.hidramakei.com.br\/loja\/"},{"@type":"ListItem","position":3,"name":"Aquecedor Cardal Individual Plus 5200W\/220V"}]},{"@type":"WebSite","@id":"https:\/\/www.hidramakei.com.br\/#website","url":"https:\/\/www.hidramakei.com.br\/","name":"Hidramakey Instala\u00e7\u00f5es El\u00e9tricas e Hidr\u00e1ulicas - Aquecedores e Duchas Cardal","description":"Aquecedores - Cardal - Instala\u00e7\u00e3o e venda de aquecedores - Aquecedores a g\u00e1s - Venda e instala\u00e7\u00e3o de torneiras el\u00e9tricas - Torneiras el\u00e9tricas cardal - Manuten\u00e7\u00e3o de aquecedores - Duchas e chuveiros lorenzetti -  Reparos MVC - Aquecedores a g\u00e1s Komeco - Venda e instala\u00e7\u00e3o de aquecedores a g\u00e1s - Aquecedores a g\u00e1s lorenzetti - Ventiladores aliseu - Assist\u00eancia t\u00e9cnica cardal - Assist\u00eancia t\u00e9cnica lorenzetti - Misturadores e torneiras fabrimar- Perflex - Duchas para aquecimento a g\u00e1s - Ducol - F\u00e1brimar - Lorenzetti","publisher":{"@id":"https:\/\/www.hidramakei.com.br\/#organization"},"alternateName":"Hidramakey Instala\u00e7\u00f5es El\u00e9tricas e Hidr\u00e1ulicas","potentialAction":[{"@type":"SearchAction","target":{"@type":"EntryPoint","urlTemplate":"https:\/\/www.hidramakei.com.br\/?s={search_term_string}"},"query-input":{"@type":"PropertyValueSpecification","valueRequired":true,"valueName":"search_term_string"}}],"inLanguage":"en-US"},{"@type":"Organization","@id":"https:\/\/www.hidramakei.com.br\/#organization","name":"Hidramakey Instala\u00e7\u00f5es El\u00e9tricas e Hidr\u00e1ulicas - Aquecedores e Duchas Cardal","alternateName":"Hidramakey Instala\u00e7\u00f5es El\u00e9tricas e Hidr\u00e1ulicas","url":"https:\/\/www.hidramakei.com.br\/","logo":{"@type":"ImageObject","inLanguage":"en-US","@id":"https:\/\/www.hidramakei.com.br\/#\/schema\/logo\/image\/","url":"https:\/\/www.hidramakei.com.br\/wp-content\/uploads\/2021\/02\/logo-novo.png","contentUrl":"https:\/\/www.hidramakei.com.br\/wp-content\/uploads\/2021\/02\/logo-novo.png","width":222,"height":150,"caption":"Hidramakey Instala\u00e7\u00f5es El\u00e9tricas e Hidr\u00e1ulicas - Aquecedores e Duchas Cardal"},"image":{"@id":"https:\/\/www.hidramakei.com.br\/#\/schema\/logo\/image\/"}}]}},"_links":{"self":[{"href":"https:\/\/www.hidramakei.com.br\/en\/wp-json\/wp\/v2\/product\/1548","targetHints":{"allow":["GET"]}}],"collection":[{"href":"https:\/\/www.hidramakei.com.br\/en\/wp-json\/wp\/v2\/product"}],"about":[{"href":"https:\/\/www.hidramakei.com.br\/en\/wp-json\/wp\/v2\/types\/product"}],"replies":[{"embeddable":true,"href":"https:\/\/www.hidramakei.com.br\/en\/wp-json\/wp\/v2\/comments?post=1548"}],"wp:featuredmedia":[{"embeddable":true,"href":"https:\/\/www.hidramakei.com.br\/en\/wp-json\/wp\/v2\/media\/1549"}],"wp:attachment":[{"href":"https:\/\/www.hidramakei.com.br\/en\/wp-json\/wp\/v2\/media?parent=1548"}],"wp:term":[{"taxonomy":"product_brand","embeddable":true,"href":"https:\/\/www.hidramakei.com.br\/en\/wp-json\/wp\/v2\/product_brand?post=1548"},{"taxonomy":"product_cat","embeddable":true,"href":"https:\/\/www.hidramakei.com.br\/en\/wp-json\/wp\/v2\/product_cat?post=1548"},{"taxonomy":"product_tag","embeddable":true,"href":"https:\/\/www.hidramakei.com.br\/en\/wp-json\/wp\/v2\/product_tag?post=1548"}],"curies":[{"name":"wp","href":"https:\/\/api.w.org\/{rel}","templated":true}]}}