{"id":1561,"date":"2023-02-14T15:37:50","date_gmt":"2023-02-14T18:37:50","guid":{"rendered":"https:\/\/www.hidramakei.com.br\/?post_type=product&#038;p=1561"},"modified":"2023-08-14T20:04:56","modified_gmt":"2023-08-14T23:04:56","slug":"aquecedor-central-cardal-220v-9000w","status":"publish","type":"product","link":"https:\/\/www.hidramakei.com.br\/en\/aquecedor-central-cardal-220v-9000w\/","title":{"rendered":"Aquecedor Central Cardal 220v 9000w"},"content":{"rendered":"<div class=\"sc-jRQBWg cjPvzx sc-dGXKLq hrjMCW\" data-testid=\"product-detail\">\n<div class=\"sc-jRQBWg idUzab sc-jEDbyf cUiOyB\" data-testid=\"product-detail-description\">\n<div>Vendemos o produto e instalamos com toda a garantia. O Aquecedor Central \u00e9 resultado da experi\u00eancia e pioneirismo visando proporcionar um maior conforto e economia para o seu banho. Devido a sua versatilidade e pequenas dimens\u00f5es pode ser instalado diretamente no banheiro, em parede de meio tijolo, eliminando assim a necessidade de extensas tubula\u00e7\u00f5es de cobre. Buscando valorizar seu banheiro, o Aquecedor Central \u00e9 o resultado de estudos de design, trazendo requinte e sofistica\u00e7\u00e3o.<\/div>\n<div><\/div>\n<div>Caracter\u00edsticas e Benef\u00edcios<\/div>\n<div><\/div>\n<div>\u2022 Economia e Conforto. Fornece \u00e1gua quente instantaneamente para todo banheiro a qualquer hora do dia ou da noite, consumindo energia el\u00e9trica somente quando voc\u00ea abre o registro de \u00e1gua no ponto de uso. Economiza muito mais energia em rela\u00e7\u00e3o aos aquecedores centrais de acumula\u00e7\u00e3o.<br \/>\n\u2022 Temperatura da \u00e1gua de acordo com o seu gosto. Do frio ao quente regulagem em diversas temperaturas com o exclusivo Controle Eletr\u00f4nico de Pot\u00eancia que permite regular a temperatura da \u00e1gua de acordo com o desejado, mesmo com pouca vaz\u00e3o de \u00e1gua.<br \/>\n\u2022 Economia na instala\u00e7\u00e3o. N\u00e3o s\u00e3o necess\u00e1rias duas tubula\u00e7\u00f5es e nem misturadores de \u00e1gua.<br \/>\n\u2022 Resist\u00eancia de Aquecimento anti-choque. Na vers\u00e3o Blindada fabricada com blindagem em cobre e elemento de aquecimento na mais pura liga, para garantir seguran\u00e7a e maior durabilidade.<br \/>\n\u2022 Maior seguran\u00e7a. Compatibilidade no funcionamento com interruptor diferencial residual de alta sensibilidade (Dispositivo DR &#8211; IDN\u00a3 0,03 A).<br \/>\n\u2022 Este produto tem seu desempenho aprovado pelo INMETRO e est\u00e1 em conformidade com o Programa Brasileiro de Etiquetagem &#8211; PBE<\/div>\n<\/div>\n<\/div>","protected":false},"excerpt":{"rendered":"<p>O Aquecedor Central \u00e9 resultado da experi\u00eancia e pioneirismo visando proporcionar um maior conforto e economia para o seu banho.<\/p>","protected":false},"featured_media":1562,"comment_status":"open","ping_status":"closed","template":"","meta":{"_joinchat":[]},"product_brand":[],"product_cat":[308],"product_tag":[],"class_list":{"0":"post-1561","1":"product","2":"type-product","3":"status-publish","4":"has-post-thumbnail","6":"product_cat-aquecedor-eletrico","8":"first","9":"instock","10":"sale","11":"shipping-taxable","12":"purchasable","13":"product-type-simple"},"yoast_head":"<!-- This site is optimized with the Yoast SEO plugin v27.6 - https:\/\/yoast.com\/product\/yoast-seo-wordpress\/ -->\n<title>Aquecedor Central Cardal 220v 9000w - Hidramakey - Aquecedores Cardal<\/title>\n<meta name=\"description\" content=\"Aquecedor Central Cardal 220v 9000w - Hidramakey - Aquecedores Cardal\" \/>\n<meta name=\"robots\" content=\"index, follow, max-snippet:-1, max-image-preview:large, max-video-preview:-1\" \/>\n<link rel=\"canonical\" href=\"https:\/\/www.hidramakei.com.br\/en\/product\/aquecedor-central-cardal-220v-9000w\/\" \/>\n<meta property=\"og:locale\" content=\"en_US\" \/>\n<meta property=\"og:type\" content=\"article\" \/>\n<meta property=\"og:title\" content=\"Aquecedor Central Cardal 220v 9000w - Hidramakey - Aquecedores Cardal\" \/>\n<meta property=\"og:description\" content=\"Aquecedor Central Cardal 220v 9000w - Hidramakey - Aquecedores Cardal\" \/>\n<meta property=\"og:url\" content=\"https:\/\/www.hidramakei.com.br\/en\/product\/aquecedor-central-cardal-220v-9000w\/\" \/>\n<meta property=\"og:site_name\" content=\"Hidramakey - Aquecedores Cardal\" \/>\n<meta property=\"article:modified_time\" content=\"2023-08-14T23:04:56+00:00\" \/>\n<meta property=\"og:image\" content=\"https:\/\/www.hidramakei.com.br\/wp-content\/uploads\/2023\/02\/31bc322657e2b5385f77f2fec4b06b82.png\" \/>\n\t<meta property=\"og:image:width\" content=\"560\" \/>\n\t<meta property=\"og:image:height\" content=\"560\" \/>\n\t<meta property=\"og:image:type\" content=\"image\/png\" \/>\n<meta name=\"twitter:card\" content=\"summary_large_image\" \/>\n<meta name=\"twitter:label1\" content=\"Est. reading time\" \/>\n\t<meta name=\"twitter:data1\" content=\"1 minute\" \/>\n<script type=\"application\/ld+json\" class=\"yoast-schema-graph\">{\"@context\":\"https:\\\/\\\/schema.org\",\"@graph\":[{\"@type\":\"WebPage\",\"@id\":\"https:\\\/\\\/www.hidramakei.com.br\\\/produto\\\/aquecedor-central-cardal-220v-9000w\\\/\",\"url\":\"https:\\\/\\\/www.hidramakei.com.br\\\/produto\\\/aquecedor-central-cardal-220v-9000w\\\/\",\"name\":\"Aquecedor Central Cardal 220v 9000w - Hidramakey - Aquecedores Cardal\",\"isPartOf\":{\"@id\":\"https:\\\/\\\/www.hidramakei.com.br\\\/#website\"},\"primaryImageOfPage\":{\"@id\":\"https:\\\/\\\/www.hidramakei.com.br\\\/produto\\\/aquecedor-central-cardal-220v-9000w\\\/#primaryimage\"},\"image\":{\"@id\":\"https:\\\/\\\/www.hidramakei.com.br\\\/produto\\\/aquecedor-central-cardal-220v-9000w\\\/#primaryimage\"},\"thumbnailUrl\":\"https:\\\/\\\/www.hidramakei.com.br\\\/wp-content\\\/uploads\\\/2023\\\/02\\\/31bc322657e2b5385f77f2fec4b06b82.png\",\"datePublished\":\"2023-02-14T18:37:50+00:00\",\"dateModified\":\"2023-08-14T23:04:56+00:00\",\"description\":\"Aquecedor Central Cardal 220v 9000w - Hidramakey - Aquecedores Cardal\",\"breadcrumb\":{\"@id\":\"https:\\\/\\\/www.hidramakei.com.br\\\/produto\\\/aquecedor-central-cardal-220v-9000w\\\/#breadcrumb\"},\"inLanguage\":\"en-US\",\"potentialAction\":[{\"@type\":\"ReadAction\",\"target\":[\"https:\\\/\\\/www.hidramakei.com.br\\\/produto\\\/aquecedor-central-cardal-220v-9000w\\\/\"]}]},{\"@type\":\"ImageObject\",\"inLanguage\":\"en-US\",\"@id\":\"https:\\\/\\\/www.hidramakei.com.br\\\/produto\\\/aquecedor-central-cardal-220v-9000w\\\/#primaryimage\",\"url\":\"https:\\\/\\\/www.hidramakei.com.br\\\/wp-content\\\/uploads\\\/2023\\\/02\\\/31bc322657e2b5385f77f2fec4b06b82.png\",\"contentUrl\":\"https:\\\/\\\/www.hidramakei.com.br\\\/wp-content\\\/uploads\\\/2023\\\/02\\\/31bc322657e2b5385f77f2fec4b06b82.png\",\"width\":560,\"height\":560},{\"@type\":\"BreadcrumbList\",\"@id\":\"https:\\\/\\\/www.hidramakei.com.br\\\/produto\\\/aquecedor-central-cardal-220v-9000w\\\/#breadcrumb\",\"itemListElement\":[{\"@type\":\"ListItem\",\"position\":1,\"name\":\"In\u00edcio\",\"item\":\"https:\\\/\\\/www.hidramakei.com.br\\\/\"},{\"@type\":\"ListItem\",\"position\":2,\"name\":\"Loja\",\"item\":\"https:\\\/\\\/www.hidramakei.com.br\\\/loja\\\/\"},{\"@type\":\"ListItem\",\"position\":3,\"name\":\"Aquecedor Central Cardal 220v 9000w\"}]},{\"@type\":\"WebSite\",\"@id\":\"https:\\\/\\\/www.hidramakei.com.br\\\/#website\",\"url\":\"https:\\\/\\\/www.hidramakei.com.br\\\/\",\"name\":\"Hidramakey Instala\u00e7\u00f5es El\u00e9tricas e Hidr\u00e1ulicas - Aquecedores e Duchas Cardal\",\"description\":\"Aquecedores - Cardal - Instala\u00e7\u00e3o e venda de aquecedores - Aquecedores a g\u00e1s - Venda e instala\u00e7\u00e3o de torneiras el\u00e9tricas - Torneiras el\u00e9tricas cardal - Manuten\u00e7\u00e3o de aquecedores - Duchas e chuveiros lorenzetti -  Reparos MVC - Aquecedores a g\u00e1s Komeco - Venda e instala\u00e7\u00e3o de aquecedores a g\u00e1s - Aquecedores a g\u00e1s lorenzetti - Ventiladores aliseu - Assist\u00eancia t\u00e9cnica cardal - Assist\u00eancia t\u00e9cnica lorenzetti - Misturadores e torneiras fabrimar- Perflex - Duchas para aquecimento a g\u00e1s - Ducol - F\u00e1brimar - Lorenzetti\",\"publisher\":{\"@id\":\"https:\\\/\\\/www.hidramakei.com.br\\\/#organization\"},\"alternateName\":\"Hidramakey Instala\u00e7\u00f5es El\u00e9tricas e Hidr\u00e1ulicas\",\"potentialAction\":[{\"@type\":\"SearchAction\",\"target\":{\"@type\":\"EntryPoint\",\"urlTemplate\":\"https:\\\/\\\/www.hidramakei.com.br\\\/?s={search_term_string}\"},\"query-input\":{\"@type\":\"PropertyValueSpecification\",\"valueRequired\":true,\"valueName\":\"search_term_string\"}}],\"inLanguage\":\"en-US\"},{\"@type\":\"Organization\",\"@id\":\"https:\\\/\\\/www.hidramakei.com.br\\\/#organization\",\"name\":\"Hidramakey Instala\u00e7\u00f5es El\u00e9tricas e Hidr\u00e1ulicas - Aquecedores e Duchas Cardal\",\"alternateName\":\"Hidramakey Instala\u00e7\u00f5es El\u00e9tricas e Hidr\u00e1ulicas\",\"url\":\"https:\\\/\\\/www.hidramakei.com.br\\\/\",\"logo\":{\"@type\":\"ImageObject\",\"inLanguage\":\"en-US\",\"@id\":\"https:\\\/\\\/www.hidramakei.com.br\\\/#\\\/schema\\\/logo\\\/image\\\/\",\"url\":\"https:\\\/\\\/www.hidramakei.com.br\\\/wp-content\\\/uploads\\\/2021\\\/02\\\/logo-novo.png\",\"contentUrl\":\"https:\\\/\\\/www.hidramakei.com.br\\\/wp-content\\\/uploads\\\/2021\\\/02\\\/logo-novo.png\",\"width\":222,\"height\":150,\"caption\":\"Hidramakey Instala\u00e7\u00f5es El\u00e9tricas e Hidr\u00e1ulicas - Aquecedores e Duchas Cardal\"},\"image\":{\"@id\":\"https:\\\/\\\/www.hidramakei.com.br\\\/#\\\/schema\\\/logo\\\/image\\\/\"}}]}<\/script>\n<!-- \/ Yoast SEO plugin. -->","yoast_head_json":{"title":"Aquecedor Central Cardal 220v 9000w - Hidramakey - Aquecedores Cardal","description":"Aquecedor Central Cardal 220v 9000w - Hidramakey - Aquecedores Cardal","robots":{"index":"index","follow":"follow","max-snippet":"max-snippet:-1","max-image-preview":"max-image-preview:large","max-video-preview":"max-video-preview:-1"},"canonical":"https:\/\/www.hidramakei.com.br\/en\/product\/aquecedor-central-cardal-220v-9000w\/","og_locale":"en_US","og_type":"article","og_title":"Aquecedor Central Cardal 220v 9000w - Hidramakey - Aquecedores Cardal","og_description":"Aquecedor Central Cardal 220v 9000w - Hidramakey - Aquecedores Cardal","og_url":"https:\/\/www.hidramakei.com.br\/en\/product\/aquecedor-central-cardal-220v-9000w\/","og_site_name":"Hidramakey - Aquecedores Cardal","article_modified_time":"2023-08-14T23:04:56+00:00","og_image":[{"width":560,"height":560,"url":"https:\/\/www.hidramakei.com.br\/wp-content\/uploads\/2023\/02\/31bc322657e2b5385f77f2fec4b06b82.png","type":"image\/png"}],"twitter_card":"summary_large_image","twitter_misc":{"Est. reading time":"1 minute"},"schema":{"@context":"https:\/\/schema.org","@graph":[{"@type":"WebPage","@id":"https:\/\/www.hidramakei.com.br\/produto\/aquecedor-central-cardal-220v-9000w\/","url":"https:\/\/www.hidramakei.com.br\/produto\/aquecedor-central-cardal-220v-9000w\/","name":"Aquecedor Central Cardal 220v 9000w - Hidramakey - Aquecedores Cardal","isPartOf":{"@id":"https:\/\/www.hidramakei.com.br\/#website"},"primaryImageOfPage":{"@id":"https:\/\/www.hidramakei.com.br\/produto\/aquecedor-central-cardal-220v-9000w\/#primaryimage"},"image":{"@id":"https:\/\/www.hidramakei.com.br\/produto\/aquecedor-central-cardal-220v-9000w\/#primaryimage"},"thumbnailUrl":"https:\/\/www.hidramakei.com.br\/wp-content\/uploads\/2023\/02\/31bc322657e2b5385f77f2fec4b06b82.png","datePublished":"2023-02-14T18:37:50+00:00","dateModified":"2023-08-14T23:04:56+00:00","description":"Aquecedor Central Cardal 220v 9000w - Hidramakey - Aquecedores Cardal","breadcrumb":{"@id":"https:\/\/www.hidramakei.com.br\/produto\/aquecedor-central-cardal-220v-9000w\/#breadcrumb"},"inLanguage":"en-US","potentialAction":[{"@type":"ReadAction","target":["https:\/\/www.hidramakei.com.br\/produto\/aquecedor-central-cardal-220v-9000w\/"]}]},{"@type":"ImageObject","inLanguage":"en-US","@id":"https:\/\/www.hidramakei.com.br\/produto\/aquecedor-central-cardal-220v-9000w\/#primaryimage","url":"https:\/\/www.hidramakei.com.br\/wp-content\/uploads\/2023\/02\/31bc322657e2b5385f77f2fec4b06b82.png","contentUrl":"https:\/\/www.hidramakei.com.br\/wp-content\/uploads\/2023\/02\/31bc322657e2b5385f77f2fec4b06b82.png","width":560,"height":560},{"@type":"BreadcrumbList","@id":"https:\/\/www.hidramakei.com.br\/produto\/aquecedor-central-cardal-220v-9000w\/#breadcrumb","itemListElement":[{"@type":"ListItem","position":1,"name":"In\u00edcio","item":"https:\/\/www.hidramakei.com.br\/"},{"@type":"ListItem","position":2,"name":"Loja","item":"https:\/\/www.hidramakei.com.br\/loja\/"},{"@type":"ListItem","position":3,"name":"Aquecedor Central Cardal 220v 9000w"}]},{"@type":"WebSite","@id":"https:\/\/www.hidramakei.com.br\/#website","url":"https:\/\/www.hidramakei.com.br\/","name":"Hidramakey Instala\u00e7\u00f5es El\u00e9tricas e Hidr\u00e1ulicas - Aquecedores e Duchas Cardal","description":"Aquecedores - Cardal - Instala\u00e7\u00e3o e venda de aquecedores - Aquecedores a g\u00e1s - Venda e instala\u00e7\u00e3o de torneiras el\u00e9tricas - Torneiras el\u00e9tricas cardal - Manuten\u00e7\u00e3o de aquecedores - Duchas e chuveiros lorenzetti -  Reparos MVC - Aquecedores a g\u00e1s Komeco - Venda e instala\u00e7\u00e3o de aquecedores a g\u00e1s - Aquecedores a g\u00e1s lorenzetti - Ventiladores aliseu - Assist\u00eancia t\u00e9cnica cardal - Assist\u00eancia t\u00e9cnica lorenzetti - Misturadores e torneiras fabrimar- Perflex - Duchas para aquecimento a g\u00e1s - Ducol - F\u00e1brimar - Lorenzetti","publisher":{"@id":"https:\/\/www.hidramakei.com.br\/#organization"},"alternateName":"Hidramakey Instala\u00e7\u00f5es El\u00e9tricas e Hidr\u00e1ulicas","potentialAction":[{"@type":"SearchAction","target":{"@type":"EntryPoint","urlTemplate":"https:\/\/www.hidramakei.com.br\/?s={search_term_string}"},"query-input":{"@type":"PropertyValueSpecification","valueRequired":true,"valueName":"search_term_string"}}],"inLanguage":"en-US"},{"@type":"Organization","@id":"https:\/\/www.hidramakei.com.br\/#organization","name":"Hidramakey Instala\u00e7\u00f5es El\u00e9tricas e Hidr\u00e1ulicas - Aquecedores e Duchas Cardal","alternateName":"Hidramakey Instala\u00e7\u00f5es El\u00e9tricas e Hidr\u00e1ulicas","url":"https:\/\/www.hidramakei.com.br\/","logo":{"@type":"ImageObject","inLanguage":"en-US","@id":"https:\/\/www.hidramakei.com.br\/#\/schema\/logo\/image\/","url":"https:\/\/www.hidramakei.com.br\/wp-content\/uploads\/2021\/02\/logo-novo.png","contentUrl":"https:\/\/www.hidramakei.com.br\/wp-content\/uploads\/2021\/02\/logo-novo.png","width":222,"height":150,"caption":"Hidramakey Instala\u00e7\u00f5es El\u00e9tricas e Hidr\u00e1ulicas - Aquecedores e Duchas Cardal"},"image":{"@id":"https:\/\/www.hidramakei.com.br\/#\/schema\/logo\/image\/"}}]}},"_links":{"self":[{"href":"https:\/\/www.hidramakei.com.br\/en\/wp-json\/wp\/v2\/product\/1561","targetHints":{"allow":["GET"]}}],"collection":[{"href":"https:\/\/www.hidramakei.com.br\/en\/wp-json\/wp\/v2\/product"}],"about":[{"href":"https:\/\/www.hidramakei.com.br\/en\/wp-json\/wp\/v2\/types\/product"}],"replies":[{"embeddable":true,"href":"https:\/\/www.hidramakei.com.br\/en\/wp-json\/wp\/v2\/comments?post=1561"}],"wp:featuredmedia":[{"embeddable":true,"href":"https:\/\/www.hidramakei.com.br\/en\/wp-json\/wp\/v2\/media\/1562"}],"wp:attachment":[{"href":"https:\/\/www.hidramakei.com.br\/en\/wp-json\/wp\/v2\/media?parent=1561"}],"wp:term":[{"taxonomy":"product_brand","embeddable":true,"href":"https:\/\/www.hidramakei.com.br\/en\/wp-json\/wp\/v2\/product_brand?post=1561"},{"taxonomy":"product_cat","embeddable":true,"href":"https:\/\/www.hidramakei.com.br\/en\/wp-json\/wp\/v2\/product_cat?post=1561"},{"taxonomy":"product_tag","embeddable":true,"href":"https:\/\/www.hidramakei.com.br\/en\/wp-json\/wp\/v2\/product_tag?post=1561"}],"curies":[{"name":"wp","href":"https:\/\/api.w.org\/{rel}","templated":true}]}}