{"id":1566,"date":"2023-02-14T15:42:51","date_gmt":"2023-02-14T18:42:51","guid":{"rendered":"https:\/\/www.hidramakei.com.br\/?post_type=product&#038;p=1566"},"modified":"2023-08-14T17:23:58","modified_gmt":"2023-08-14T20:23:58","slug":"aquecedor-individual-inox-sem-regulagem-5500w-220v-cardal","status":"publish","type":"product","link":"https:\/\/www.hidramakei.com.br\/en\/aquecedor-individual-inox-sem-regulagem-5500w-220v-cardal\/","title":{"rendered":"Aquecedor Individual Inox Sem Regulagem 5500w 220v &#8211; Cardal"},"content":{"rendered":"<p>As partes externas do Aquecedor s\u00e3o fabricadas em A\u00e7o Inoxid\u00e1vel que proporcionam ao Aquecedor Individual grande resist\u00eancia \u00e0 press\u00e3o de \u00e1gua. Versatilidade e tranquilidade. O Aquecedor Individual \u00e9 indicado para instala\u00e7\u00f5es hidr\u00e1ulicas de baixa e alta press\u00e3o. Composto em termofixos, elast\u00f4meros, cobre, ligas de cobre, ligas de a\u00e7o, prata, n\u00edquel, cromo e inox. Com temperatura \u00fanica, ideal para locais com torneira misturador, como creches, pia de cozinha, lavat\u00f3rios. Este produto tem seu desempenho aprovado pelo Inmetro e est\u00e1 em conformidade com o Programa Brasileiro de Etiquetagem. Acompanha o Aquecedor e 1 manual de instru\u00e7\u00f5es. Limpe com flanela levemente umedecida com \u00e1gua, n\u00e3o usar produto abrasivo.<\/p>\n<p>Produtos de decora\u00e7\u00e3o n\u00e3o inclusos.<\/p>\n<p>Imagens meramente ilustrativas.<\/p>\n<p>Pot\u00eancia: 5200W<br \/>\nTens\u00e3o: 220 V<br \/>\nModelo: Individual Inox<br \/>\nCor: Cromado e inox<br \/>\nSuporta: 40 m.c.a<br \/>\nMarca: Cardal<br \/>\nConte\u00fado da embalagem: 1 Aquecedor de \u00e1gua<br \/>\nDimens\u00f5es aproximadas da embalagem: 18 x 25 x 13 cm<br \/>\nPeso aproximado da embalagem: 1,1 kg<\/p>","protected":false},"excerpt":{"rendered":"<p>As partes externas do Aquecedor s\u00e3o fabricadas em A\u00e7o Inoxid\u00e1vel que proporcionam ao Aquecedor Individual grande resist\u00eancia \u00e0 press\u00e3o de \u00e1gua.<\/p>","protected":false},"featured_media":1567,"comment_status":"open","ping_status":"closed","template":"","meta":{"_joinchat":[]},"product_brand":[],"product_cat":[308,316],"product_tag":[],"class_list":{"0":"post-1566","1":"product","2":"type-product","3":"status-publish","4":"has-post-thumbnail","6":"product_cat-aquecedor-eletrico","7":"product_cat-ofertas","9":"first","10":"instock","11":"sale","12":"shipping-taxable","13":"purchasable","14":"product-type-simple"},"yoast_head":"<!-- This site is optimized with the Yoast SEO plugin v27.6 - https:\/\/yoast.com\/product\/yoast-seo-wordpress\/ -->\n<title>Aquecedor Individual Inox Sem Regulagem 5500w 220v - Cardal - Hidramakey - Aquecedores Cardal<\/title>\n<meta name=\"description\" content=\"Aquecedor Individual Inox Sem Regulagem 5500w 220v - Cardal - Hidramakey - Aquecedores Cardal\" \/>\n<meta name=\"robots\" content=\"index, follow, max-snippet:-1, max-image-preview:large, max-video-preview:-1\" \/>\n<link rel=\"canonical\" href=\"https:\/\/www.hidramakei.com.br\/en\/product\/aquecedor-individual-inox-sem-regulagem-5500w-220v-cardal\/\" \/>\n<meta property=\"og:locale\" content=\"en_US\" \/>\n<meta property=\"og:type\" content=\"article\" \/>\n<meta property=\"og:title\" content=\"Aquecedor Individual Inox Sem Regulagem 5500w 220v - Cardal - Hidramakey - Aquecedores Cardal\" \/>\n<meta property=\"og:description\" content=\"Aquecedor Individual Inox Sem Regulagem 5500w 220v - Cardal - Hidramakey - Aquecedores Cardal\" \/>\n<meta property=\"og:url\" content=\"https:\/\/www.hidramakei.com.br\/en\/product\/aquecedor-individual-inox-sem-regulagem-5500w-220v-cardal\/\" \/>\n<meta property=\"og:site_name\" content=\"Hidramakey - Aquecedores Cardal\" \/>\n<meta property=\"article:modified_time\" content=\"2023-08-14T20:23:58+00:00\" \/>\n<meta property=\"og:image\" content=\"https:\/\/www.hidramakei.com.br\/wp-content\/uploads\/2023\/02\/Aquecedor-Individual-Inox-Sem-Regulagem-5500w-220v-Cardal.png\" \/>\n\t<meta property=\"og:image:width\" content=\"560\" \/>\n\t<meta property=\"og:image:height\" content=\"560\" \/>\n\t<meta property=\"og:image:type\" content=\"image\/png\" \/>\n<meta name=\"twitter:card\" content=\"summary_large_image\" \/>\n<meta name=\"twitter:label1\" content=\"Est. reading time\" \/>\n\t<meta name=\"twitter:data1\" content=\"1 minute\" \/>\n<script type=\"application\/ld+json\" class=\"yoast-schema-graph\">{\"@context\":\"https:\\\/\\\/schema.org\",\"@graph\":[{\"@type\":\"WebPage\",\"@id\":\"https:\\\/\\\/www.hidramakei.com.br\\\/produto\\\/aquecedor-individual-inox-sem-regulagem-5500w-220v-cardal\\\/\",\"url\":\"https:\\\/\\\/www.hidramakei.com.br\\\/produto\\\/aquecedor-individual-inox-sem-regulagem-5500w-220v-cardal\\\/\",\"name\":\"Aquecedor Individual Inox Sem Regulagem 5500w 220v - Cardal - Hidramakey - Aquecedores Cardal\",\"isPartOf\":{\"@id\":\"https:\\\/\\\/www.hidramakei.com.br\\\/#website\"},\"primaryImageOfPage\":{\"@id\":\"https:\\\/\\\/www.hidramakei.com.br\\\/produto\\\/aquecedor-individual-inox-sem-regulagem-5500w-220v-cardal\\\/#primaryimage\"},\"image\":{\"@id\":\"https:\\\/\\\/www.hidramakei.com.br\\\/produto\\\/aquecedor-individual-inox-sem-regulagem-5500w-220v-cardal\\\/#primaryimage\"},\"thumbnailUrl\":\"https:\\\/\\\/www.hidramakei.com.br\\\/wp-content\\\/uploads\\\/2023\\\/02\\\/Aquecedor-Individual-Inox-Sem-Regulagem-5500w-220v-Cardal.png\",\"datePublished\":\"2023-02-14T18:42:51+00:00\",\"dateModified\":\"2023-08-14T20:23:58+00:00\",\"description\":\"Aquecedor Individual Inox Sem Regulagem 5500w 220v - Cardal - Hidramakey - Aquecedores Cardal\",\"breadcrumb\":{\"@id\":\"https:\\\/\\\/www.hidramakei.com.br\\\/produto\\\/aquecedor-individual-inox-sem-regulagem-5500w-220v-cardal\\\/#breadcrumb\"},\"inLanguage\":\"en-US\",\"potentialAction\":[{\"@type\":\"ReadAction\",\"target\":[\"https:\\\/\\\/www.hidramakei.com.br\\\/produto\\\/aquecedor-individual-inox-sem-regulagem-5500w-220v-cardal\\\/\"]}]},{\"@type\":\"ImageObject\",\"inLanguage\":\"en-US\",\"@id\":\"https:\\\/\\\/www.hidramakei.com.br\\\/produto\\\/aquecedor-individual-inox-sem-regulagem-5500w-220v-cardal\\\/#primaryimage\",\"url\":\"https:\\\/\\\/www.hidramakei.com.br\\\/wp-content\\\/uploads\\\/2023\\\/02\\\/Aquecedor-Individual-Inox-Sem-Regulagem-5500w-220v-Cardal.png\",\"contentUrl\":\"https:\\\/\\\/www.hidramakei.com.br\\\/wp-content\\\/uploads\\\/2023\\\/02\\\/Aquecedor-Individual-Inox-Sem-Regulagem-5500w-220v-Cardal.png\",\"width\":560,\"height\":560},{\"@type\":\"BreadcrumbList\",\"@id\":\"https:\\\/\\\/www.hidramakei.com.br\\\/produto\\\/aquecedor-individual-inox-sem-regulagem-5500w-220v-cardal\\\/#breadcrumb\",\"itemListElement\":[{\"@type\":\"ListItem\",\"position\":1,\"name\":\"In\u00edcio\",\"item\":\"https:\\\/\\\/www.hidramakei.com.br\\\/\"},{\"@type\":\"ListItem\",\"position\":2,\"name\":\"Loja\",\"item\":\"https:\\\/\\\/www.hidramakei.com.br\\\/loja\\\/\"},{\"@type\":\"ListItem\",\"position\":3,\"name\":\"Aquecedor Individual Inox Sem Regulagem 5500w 220v &#8211; Cardal\"}]},{\"@type\":\"WebSite\",\"@id\":\"https:\\\/\\\/www.hidramakei.com.br\\\/#website\",\"url\":\"https:\\\/\\\/www.hidramakei.com.br\\\/\",\"name\":\"Hidramakey Instala\u00e7\u00f5es El\u00e9tricas e Hidr\u00e1ulicas - Aquecedores e Duchas Cardal\",\"description\":\"Aquecedores - Cardal - Instala\u00e7\u00e3o e venda de aquecedores - Aquecedores a g\u00e1s - Venda e instala\u00e7\u00e3o de torneiras el\u00e9tricas - Torneiras el\u00e9tricas cardal - Manuten\u00e7\u00e3o de aquecedores - Duchas e chuveiros lorenzetti -  Reparos MVC - Aquecedores a g\u00e1s Komeco - Venda e instala\u00e7\u00e3o de aquecedores a g\u00e1s - Aquecedores a g\u00e1s lorenzetti - Ventiladores aliseu - Assist\u00eancia t\u00e9cnica cardal - Assist\u00eancia t\u00e9cnica lorenzetti - Misturadores e torneiras fabrimar- Perflex - Duchas para aquecimento a g\u00e1s - Ducol - F\u00e1brimar - Lorenzetti\",\"publisher\":{\"@id\":\"https:\\\/\\\/www.hidramakei.com.br\\\/#organization\"},\"alternateName\":\"Hidramakey Instala\u00e7\u00f5es El\u00e9tricas e Hidr\u00e1ulicas\",\"potentialAction\":[{\"@type\":\"SearchAction\",\"target\":{\"@type\":\"EntryPoint\",\"urlTemplate\":\"https:\\\/\\\/www.hidramakei.com.br\\\/?s={search_term_string}\"},\"query-input\":{\"@type\":\"PropertyValueSpecification\",\"valueRequired\":true,\"valueName\":\"search_term_string\"}}],\"inLanguage\":\"en-US\"},{\"@type\":\"Organization\",\"@id\":\"https:\\\/\\\/www.hidramakei.com.br\\\/#organization\",\"name\":\"Hidramakey Instala\u00e7\u00f5es El\u00e9tricas e Hidr\u00e1ulicas - Aquecedores e Duchas Cardal\",\"alternateName\":\"Hidramakey Instala\u00e7\u00f5es El\u00e9tricas e Hidr\u00e1ulicas\",\"url\":\"https:\\\/\\\/www.hidramakei.com.br\\\/\",\"logo\":{\"@type\":\"ImageObject\",\"inLanguage\":\"en-US\",\"@id\":\"https:\\\/\\\/www.hidramakei.com.br\\\/#\\\/schema\\\/logo\\\/image\\\/\",\"url\":\"https:\\\/\\\/www.hidramakei.com.br\\\/wp-content\\\/uploads\\\/2021\\\/02\\\/logo-novo.png\",\"contentUrl\":\"https:\\\/\\\/www.hidramakei.com.br\\\/wp-content\\\/uploads\\\/2021\\\/02\\\/logo-novo.png\",\"width\":222,\"height\":150,\"caption\":\"Hidramakey Instala\u00e7\u00f5es El\u00e9tricas e Hidr\u00e1ulicas - Aquecedores e Duchas Cardal\"},\"image\":{\"@id\":\"https:\\\/\\\/www.hidramakei.com.br\\\/#\\\/schema\\\/logo\\\/image\\\/\"}}]}<\/script>\n<!-- \/ Yoast SEO plugin. -->","yoast_head_json":{"title":"Aquecedor Individual Inox Sem Regulagem 5500w 220v - Cardal - Hidramakey - Aquecedores Cardal","description":"Aquecedor Individual Inox Sem Regulagem 5500w 220v - Cardal - Hidramakey - Aquecedores Cardal","robots":{"index":"index","follow":"follow","max-snippet":"max-snippet:-1","max-image-preview":"max-image-preview:large","max-video-preview":"max-video-preview:-1"},"canonical":"https:\/\/www.hidramakei.com.br\/en\/product\/aquecedor-individual-inox-sem-regulagem-5500w-220v-cardal\/","og_locale":"en_US","og_type":"article","og_title":"Aquecedor Individual Inox Sem Regulagem 5500w 220v - Cardal - Hidramakey - Aquecedores Cardal","og_description":"Aquecedor Individual Inox Sem Regulagem 5500w 220v - Cardal - Hidramakey - Aquecedores Cardal","og_url":"https:\/\/www.hidramakei.com.br\/en\/product\/aquecedor-individual-inox-sem-regulagem-5500w-220v-cardal\/","og_site_name":"Hidramakey - Aquecedores Cardal","article_modified_time":"2023-08-14T20:23:58+00:00","og_image":[{"width":560,"height":560,"url":"https:\/\/www.hidramakei.com.br\/wp-content\/uploads\/2023\/02\/Aquecedor-Individual-Inox-Sem-Regulagem-5500w-220v-Cardal.png","type":"image\/png"}],"twitter_card":"summary_large_image","twitter_misc":{"Est. reading time":"1 minute"},"schema":{"@context":"https:\/\/schema.org","@graph":[{"@type":"WebPage","@id":"https:\/\/www.hidramakei.com.br\/produto\/aquecedor-individual-inox-sem-regulagem-5500w-220v-cardal\/","url":"https:\/\/www.hidramakei.com.br\/produto\/aquecedor-individual-inox-sem-regulagem-5500w-220v-cardal\/","name":"Aquecedor Individual Inox Sem Regulagem 5500w 220v - Cardal - Hidramakey - Aquecedores Cardal","isPartOf":{"@id":"https:\/\/www.hidramakei.com.br\/#website"},"primaryImageOfPage":{"@id":"https:\/\/www.hidramakei.com.br\/produto\/aquecedor-individual-inox-sem-regulagem-5500w-220v-cardal\/#primaryimage"},"image":{"@id":"https:\/\/www.hidramakei.com.br\/produto\/aquecedor-individual-inox-sem-regulagem-5500w-220v-cardal\/#primaryimage"},"thumbnailUrl":"https:\/\/www.hidramakei.com.br\/wp-content\/uploads\/2023\/02\/Aquecedor-Individual-Inox-Sem-Regulagem-5500w-220v-Cardal.png","datePublished":"2023-02-14T18:42:51+00:00","dateModified":"2023-08-14T20:23:58+00:00","description":"Aquecedor Individual Inox Sem Regulagem 5500w 220v - Cardal - Hidramakey - Aquecedores Cardal","breadcrumb":{"@id":"https:\/\/www.hidramakei.com.br\/produto\/aquecedor-individual-inox-sem-regulagem-5500w-220v-cardal\/#breadcrumb"},"inLanguage":"en-US","potentialAction":[{"@type":"ReadAction","target":["https:\/\/www.hidramakei.com.br\/produto\/aquecedor-individual-inox-sem-regulagem-5500w-220v-cardal\/"]}]},{"@type":"ImageObject","inLanguage":"en-US","@id":"https:\/\/www.hidramakei.com.br\/produto\/aquecedor-individual-inox-sem-regulagem-5500w-220v-cardal\/#primaryimage","url":"https:\/\/www.hidramakei.com.br\/wp-content\/uploads\/2023\/02\/Aquecedor-Individual-Inox-Sem-Regulagem-5500w-220v-Cardal.png","contentUrl":"https:\/\/www.hidramakei.com.br\/wp-content\/uploads\/2023\/02\/Aquecedor-Individual-Inox-Sem-Regulagem-5500w-220v-Cardal.png","width":560,"height":560},{"@type":"BreadcrumbList","@id":"https:\/\/www.hidramakei.com.br\/produto\/aquecedor-individual-inox-sem-regulagem-5500w-220v-cardal\/#breadcrumb","itemListElement":[{"@type":"ListItem","position":1,"name":"In\u00edcio","item":"https:\/\/www.hidramakei.com.br\/"},{"@type":"ListItem","position":2,"name":"Loja","item":"https:\/\/www.hidramakei.com.br\/loja\/"},{"@type":"ListItem","position":3,"name":"Aquecedor Individual Inox Sem Regulagem 5500w 220v &#8211; Cardal"}]},{"@type":"WebSite","@id":"https:\/\/www.hidramakei.com.br\/#website","url":"https:\/\/www.hidramakei.com.br\/","name":"Hidramakey Instala\u00e7\u00f5es El\u00e9tricas e Hidr\u00e1ulicas - Aquecedores e Duchas Cardal","description":"Aquecedores - Cardal - Instala\u00e7\u00e3o e venda de aquecedores - Aquecedores a g\u00e1s - Venda e instala\u00e7\u00e3o de torneiras el\u00e9tricas - Torneiras el\u00e9tricas cardal - Manuten\u00e7\u00e3o de aquecedores - Duchas e chuveiros lorenzetti -  Reparos MVC - Aquecedores a g\u00e1s Komeco - Venda e instala\u00e7\u00e3o de aquecedores a g\u00e1s - Aquecedores a g\u00e1s lorenzetti - Ventiladores aliseu - Assist\u00eancia t\u00e9cnica cardal - Assist\u00eancia t\u00e9cnica lorenzetti - Misturadores e torneiras fabrimar- Perflex - Duchas para aquecimento a g\u00e1s - Ducol - F\u00e1brimar - Lorenzetti","publisher":{"@id":"https:\/\/www.hidramakei.com.br\/#organization"},"alternateName":"Hidramakey Instala\u00e7\u00f5es El\u00e9tricas e Hidr\u00e1ulicas","potentialAction":[{"@type":"SearchAction","target":{"@type":"EntryPoint","urlTemplate":"https:\/\/www.hidramakei.com.br\/?s={search_term_string}"},"query-input":{"@type":"PropertyValueSpecification","valueRequired":true,"valueName":"search_term_string"}}],"inLanguage":"en-US"},{"@type":"Organization","@id":"https:\/\/www.hidramakei.com.br\/#organization","name":"Hidramakey Instala\u00e7\u00f5es El\u00e9tricas e Hidr\u00e1ulicas - Aquecedores e Duchas Cardal","alternateName":"Hidramakey Instala\u00e7\u00f5es El\u00e9tricas e Hidr\u00e1ulicas","url":"https:\/\/www.hidramakei.com.br\/","logo":{"@type":"ImageObject","inLanguage":"en-US","@id":"https:\/\/www.hidramakei.com.br\/#\/schema\/logo\/image\/","url":"https:\/\/www.hidramakei.com.br\/wp-content\/uploads\/2021\/02\/logo-novo.png","contentUrl":"https:\/\/www.hidramakei.com.br\/wp-content\/uploads\/2021\/02\/logo-novo.png","width":222,"height":150,"caption":"Hidramakey Instala\u00e7\u00f5es El\u00e9tricas e Hidr\u00e1ulicas - Aquecedores e Duchas Cardal"},"image":{"@id":"https:\/\/www.hidramakei.com.br\/#\/schema\/logo\/image\/"}}]}},"_links":{"self":[{"href":"https:\/\/www.hidramakei.com.br\/en\/wp-json\/wp\/v2\/product\/1566","targetHints":{"allow":["GET"]}}],"collection":[{"href":"https:\/\/www.hidramakei.com.br\/en\/wp-json\/wp\/v2\/product"}],"about":[{"href":"https:\/\/www.hidramakei.com.br\/en\/wp-json\/wp\/v2\/types\/product"}],"replies":[{"embeddable":true,"href":"https:\/\/www.hidramakei.com.br\/en\/wp-json\/wp\/v2\/comments?post=1566"}],"wp:featuredmedia":[{"embeddable":true,"href":"https:\/\/www.hidramakei.com.br\/en\/wp-json\/wp\/v2\/media\/1567"}],"wp:attachment":[{"href":"https:\/\/www.hidramakei.com.br\/en\/wp-json\/wp\/v2\/media?parent=1566"}],"wp:term":[{"taxonomy":"product_brand","embeddable":true,"href":"https:\/\/www.hidramakei.com.br\/en\/wp-json\/wp\/v2\/product_brand?post=1566"},{"taxonomy":"product_cat","embeddable":true,"href":"https:\/\/www.hidramakei.com.br\/en\/wp-json\/wp\/v2\/product_cat?post=1566"},{"taxonomy":"product_tag","embeddable":true,"href":"https:\/\/www.hidramakei.com.br\/en\/wp-json\/wp\/v2\/product_tag?post=1566"}],"curies":[{"name":"wp","href":"https:\/\/api.w.org\/{rel}","templated":true}]}}