{"id":1569,"date":"2023-02-14T15:45:14","date_gmt":"2023-02-14T18:45:14","guid":{"rendered":"https:\/\/www.hidramakei.com.br\/?post_type=product&#038;p=1569"},"modified":"2023-08-14T17:23:01","modified_gmt":"2023-08-14T20:23:01","slug":"aquecedor-individual-cardal-inox-5t-6500w-220v-aq014-2","status":"publish","type":"product","link":"https:\/\/www.hidramakei.com.br\/en\/aquecedor-individual-cardal-inox-5t-6500w-220v-aq014-2\/","title":{"rendered":"Aquecedor Individual Cardal Inox 5t 6500w 220v &#8211; AQ014\/2"},"content":{"rendered":"<p>Aquecedor Individual Inox 5 Temperaturas AQ014\/2 Cardal<br \/>\nRef.: AQ014\/2 Fabricante: Cardal<br \/>\nOs Aquecedores Individuais foram desenvolvidos para uma grande variedade de aplica\u00e7\u00f5es. Devido a sua versatilidade e pequenas dimens\u00f5es, pode ser instalado diretamente no ponto de uso (pia, lavat\u00f3rio, bid\u00ea, etc. ) ou onde se necessitar \u00e1gua quente. Sendo totalmente autom\u00e1tico, liga somente quando se abre o registro de \u00e1gua a ele conectado, aquecendo a \u00e1gua instantaneamente. \u00e9 de f\u00e1cil instala\u00e7\u00e3o, podendo ser usado com um s\u00f3 registro de \u00e1gua ou com um conjunto misturador.<\/p>\n<p>Especifica\u00e7\u00f5es T\u00e9cnicas:<br \/>\nBaixa Press\u00e3o \/ Alta Press\u00e3o Pot\u00eancia: 6500w Tens\u00e3o: 220v Corpo em Inox<br \/>\nBenef\u00edcios:<br \/>\nTodo Em Inox (Mais Durabilidade) Economia e conforto. Fornece \u00e1gua quente instantaneamente a qualquer hora do dia ou da noite, consumindo energia el\u00e9trica somente quando se abre o registro de \u00e1gua conectado ao Aquecedor. Vers\u00e1til e de f\u00e1cil instala\u00e7\u00e3o. Fabricado em liga de cobre com fino acabamento branco com detalhes cromados. Temperatura da \u00e1gua de acordo com seu gosto. Do frio ao quente regulagem em 5 temperaturas 0 (Frio), 1 (Morno), 2 (Quente), 3 (Mais Quente) ou 4 (Super Quente). Maior seguran\u00e7a. Compatibilidade no funcionamento com interruptor diferencial residual de alta sensibilidade (Dispositivo dr &#8211; IDN\u00a3 0,03 a). Este produto tem seu desempenho aprovado pelo inmetro e est\u00e1 em conformidade com o Programa Brasileiro de Etiquetagem &#8211; pbe.<br \/>\nObs: Substitui o AQ015<\/p>","protected":false},"excerpt":{"rendered":"<p>Os Aquecedores Individuais foram desenvolvidos para uma grande variedade de aplica\u00e7\u00f5es.<\/p>","protected":false},"featured_media":1570,"comment_status":"open","ping_status":"closed","template":"","meta":{"_joinchat":[]},"product_brand":[],"product_cat":[308],"product_tag":[],"class_list":{"0":"post-1569","1":"product","2":"type-product","3":"status-publish","4":"has-post-thumbnail","6":"product_cat-aquecedor-eletrico","8":"first","9":"instock","10":"shipping-taxable","11":"purchasable","12":"product-type-simple"},"yoast_head":"<!-- This site is optimized with the Yoast SEO plugin v27.6 - https:\/\/yoast.com\/product\/yoast-seo-wordpress\/ -->\n<title>Aquecedor Individual Cardal Inox 5t 6500w 220v - AQ014\/2 - Hidramakey - Aquecedores Cardal<\/title>\n<meta name=\"description\" content=\"Aquecedor Individual Cardal Inox 5t 6500w 220v - AQ014\/2 - Hidramakey - Aquecedores Cardal\" \/>\n<meta name=\"robots\" content=\"index, follow, max-snippet:-1, max-image-preview:large, max-video-preview:-1\" \/>\n<link rel=\"canonical\" href=\"https:\/\/www.hidramakei.com.br\/en\/product\/aquecedor-individual-cardal-inox-5t-6500w-220v-aq014-2\/\" \/>\n<meta property=\"og:locale\" content=\"en_US\" \/>\n<meta property=\"og:type\" content=\"article\" \/>\n<meta property=\"og:title\" content=\"Aquecedor Individual Cardal Inox 5t 6500w 220v - AQ014\/2 - Hidramakey - Aquecedores Cardal\" \/>\n<meta property=\"og:description\" content=\"Aquecedor Individual Cardal Inox 5t 6500w 220v - AQ014\/2 - Hidramakey - Aquecedores Cardal\" \/>\n<meta property=\"og:url\" content=\"https:\/\/www.hidramakei.com.br\/en\/product\/aquecedor-individual-cardal-inox-5t-6500w-220v-aq014-2\/\" \/>\n<meta property=\"og:site_name\" content=\"Hidramakey - Aquecedores Cardal\" \/>\n<meta property=\"article:modified_time\" content=\"2023-08-14T20:23:01+00:00\" \/>\n<meta property=\"og:image\" content=\"https:\/\/www.hidramakei.com.br\/wp-content\/uploads\/2023\/02\/4889356713_1-600x600-1.png\" \/>\n\t<meta property=\"og:image:width\" content=\"600\" \/>\n\t<meta property=\"og:image:height\" content=\"600\" \/>\n\t<meta property=\"og:image:type\" content=\"image\/png\" \/>\n<meta name=\"twitter:card\" content=\"summary_large_image\" \/>\n<meta name=\"twitter:label1\" content=\"Est. reading time\" \/>\n\t<meta name=\"twitter:data1\" content=\"1 minute\" \/>\n<script type=\"application\/ld+json\" class=\"yoast-schema-graph\">{\"@context\":\"https:\\\/\\\/schema.org\",\"@graph\":[{\"@type\":\"WebPage\",\"@id\":\"https:\\\/\\\/www.hidramakei.com.br\\\/produto\\\/aquecedor-individual-cardal-inox-5t-6500w-220v-aq014-2\\\/\",\"url\":\"https:\\\/\\\/www.hidramakei.com.br\\\/produto\\\/aquecedor-individual-cardal-inox-5t-6500w-220v-aq014-2\\\/\",\"name\":\"Aquecedor Individual Cardal Inox 5t 6500w 220v - AQ014\\\/2 - Hidramakey - Aquecedores Cardal\",\"isPartOf\":{\"@id\":\"https:\\\/\\\/www.hidramakei.com.br\\\/#website\"},\"primaryImageOfPage\":{\"@id\":\"https:\\\/\\\/www.hidramakei.com.br\\\/produto\\\/aquecedor-individual-cardal-inox-5t-6500w-220v-aq014-2\\\/#primaryimage\"},\"image\":{\"@id\":\"https:\\\/\\\/www.hidramakei.com.br\\\/produto\\\/aquecedor-individual-cardal-inox-5t-6500w-220v-aq014-2\\\/#primaryimage\"},\"thumbnailUrl\":\"https:\\\/\\\/www.hidramakei.com.br\\\/wp-content\\\/uploads\\\/2023\\\/02\\\/4889356713_1-600x600-1.png\",\"datePublished\":\"2023-02-14T18:45:14+00:00\",\"dateModified\":\"2023-08-14T20:23:01+00:00\",\"description\":\"Aquecedor Individual Cardal Inox 5t 6500w 220v - AQ014\\\/2 - Hidramakey - Aquecedores Cardal\",\"breadcrumb\":{\"@id\":\"https:\\\/\\\/www.hidramakei.com.br\\\/produto\\\/aquecedor-individual-cardal-inox-5t-6500w-220v-aq014-2\\\/#breadcrumb\"},\"inLanguage\":\"en-US\",\"potentialAction\":[{\"@type\":\"ReadAction\",\"target\":[\"https:\\\/\\\/www.hidramakei.com.br\\\/produto\\\/aquecedor-individual-cardal-inox-5t-6500w-220v-aq014-2\\\/\"]}]},{\"@type\":\"ImageObject\",\"inLanguage\":\"en-US\",\"@id\":\"https:\\\/\\\/www.hidramakei.com.br\\\/produto\\\/aquecedor-individual-cardal-inox-5t-6500w-220v-aq014-2\\\/#primaryimage\",\"url\":\"https:\\\/\\\/www.hidramakei.com.br\\\/wp-content\\\/uploads\\\/2023\\\/02\\\/4889356713_1-600x600-1.png\",\"contentUrl\":\"https:\\\/\\\/www.hidramakei.com.br\\\/wp-content\\\/uploads\\\/2023\\\/02\\\/4889356713_1-600x600-1.png\",\"width\":600,\"height\":600},{\"@type\":\"BreadcrumbList\",\"@id\":\"https:\\\/\\\/www.hidramakei.com.br\\\/produto\\\/aquecedor-individual-cardal-inox-5t-6500w-220v-aq014-2\\\/#breadcrumb\",\"itemListElement\":[{\"@type\":\"ListItem\",\"position\":1,\"name\":\"In\u00edcio\",\"item\":\"https:\\\/\\\/www.hidramakei.com.br\\\/\"},{\"@type\":\"ListItem\",\"position\":2,\"name\":\"Loja\",\"item\":\"https:\\\/\\\/www.hidramakei.com.br\\\/loja\\\/\"},{\"@type\":\"ListItem\",\"position\":3,\"name\":\"Aquecedor Individual Cardal Inox 5t 6500w 220v &#8211; AQ014\\\/2\"}]},{\"@type\":\"WebSite\",\"@id\":\"https:\\\/\\\/www.hidramakei.com.br\\\/#website\",\"url\":\"https:\\\/\\\/www.hidramakei.com.br\\\/\",\"name\":\"Hidramakey Instala\u00e7\u00f5es El\u00e9tricas e Hidr\u00e1ulicas - Aquecedores e Duchas Cardal\",\"description\":\"Aquecedores - Cardal - Instala\u00e7\u00e3o e venda de aquecedores - Aquecedores a g\u00e1s - Venda e instala\u00e7\u00e3o de torneiras el\u00e9tricas - Torneiras el\u00e9tricas cardal - Manuten\u00e7\u00e3o de aquecedores - Duchas e chuveiros lorenzetti -  Reparos MVC - Aquecedores a g\u00e1s Komeco - Venda e instala\u00e7\u00e3o de aquecedores a g\u00e1s - Aquecedores a g\u00e1s lorenzetti - Ventiladores aliseu - Assist\u00eancia t\u00e9cnica cardal - Assist\u00eancia t\u00e9cnica lorenzetti - Misturadores e torneiras fabrimar- Perflex - Duchas para aquecimento a g\u00e1s - Ducol - F\u00e1brimar - Lorenzetti\",\"publisher\":{\"@id\":\"https:\\\/\\\/www.hidramakei.com.br\\\/#organization\"},\"alternateName\":\"Hidramakey Instala\u00e7\u00f5es El\u00e9tricas e Hidr\u00e1ulicas\",\"potentialAction\":[{\"@type\":\"SearchAction\",\"target\":{\"@type\":\"EntryPoint\",\"urlTemplate\":\"https:\\\/\\\/www.hidramakei.com.br\\\/?s={search_term_string}\"},\"query-input\":{\"@type\":\"PropertyValueSpecification\",\"valueRequired\":true,\"valueName\":\"search_term_string\"}}],\"inLanguage\":\"en-US\"},{\"@type\":\"Organization\",\"@id\":\"https:\\\/\\\/www.hidramakei.com.br\\\/#organization\",\"name\":\"Hidramakey Instala\u00e7\u00f5es El\u00e9tricas e Hidr\u00e1ulicas - Aquecedores e Duchas Cardal\",\"alternateName\":\"Hidramakey Instala\u00e7\u00f5es El\u00e9tricas e Hidr\u00e1ulicas\",\"url\":\"https:\\\/\\\/www.hidramakei.com.br\\\/\",\"logo\":{\"@type\":\"ImageObject\",\"inLanguage\":\"en-US\",\"@id\":\"https:\\\/\\\/www.hidramakei.com.br\\\/#\\\/schema\\\/logo\\\/image\\\/\",\"url\":\"https:\\\/\\\/www.hidramakei.com.br\\\/wp-content\\\/uploads\\\/2021\\\/02\\\/logo-novo.png\",\"contentUrl\":\"https:\\\/\\\/www.hidramakei.com.br\\\/wp-content\\\/uploads\\\/2021\\\/02\\\/logo-novo.png\",\"width\":222,\"height\":150,\"caption\":\"Hidramakey Instala\u00e7\u00f5es El\u00e9tricas e Hidr\u00e1ulicas - Aquecedores e Duchas Cardal\"},\"image\":{\"@id\":\"https:\\\/\\\/www.hidramakei.com.br\\\/#\\\/schema\\\/logo\\\/image\\\/\"}}]}<\/script>\n<!-- \/ Yoast SEO plugin. -->","yoast_head_json":{"title":"Aquecedor Individual Cardal Inox 5t 6500w 220v - AQ014\/2 - Hidramakey - Aquecedores Cardal","description":"Aquecedor Individual Cardal Inox 5t 6500w 220v - AQ014\/2 - Hidramakey - Aquecedores Cardal","robots":{"index":"index","follow":"follow","max-snippet":"max-snippet:-1","max-image-preview":"max-image-preview:large","max-video-preview":"max-video-preview:-1"},"canonical":"https:\/\/www.hidramakei.com.br\/en\/product\/aquecedor-individual-cardal-inox-5t-6500w-220v-aq014-2\/","og_locale":"en_US","og_type":"article","og_title":"Aquecedor Individual Cardal Inox 5t 6500w 220v - AQ014\/2 - Hidramakey - Aquecedores Cardal","og_description":"Aquecedor Individual Cardal Inox 5t 6500w 220v - AQ014\/2 - Hidramakey - Aquecedores Cardal","og_url":"https:\/\/www.hidramakei.com.br\/en\/product\/aquecedor-individual-cardal-inox-5t-6500w-220v-aq014-2\/","og_site_name":"Hidramakey - Aquecedores Cardal","article_modified_time":"2023-08-14T20:23:01+00:00","og_image":[{"width":600,"height":600,"url":"https:\/\/www.hidramakei.com.br\/wp-content\/uploads\/2023\/02\/4889356713_1-600x600-1.png","type":"image\/png"}],"twitter_card":"summary_large_image","twitter_misc":{"Est. reading time":"1 minute"},"schema":{"@context":"https:\/\/schema.org","@graph":[{"@type":"WebPage","@id":"https:\/\/www.hidramakei.com.br\/produto\/aquecedor-individual-cardal-inox-5t-6500w-220v-aq014-2\/","url":"https:\/\/www.hidramakei.com.br\/produto\/aquecedor-individual-cardal-inox-5t-6500w-220v-aq014-2\/","name":"Aquecedor Individual Cardal Inox 5t 6500w 220v - AQ014\/2 - Hidramakey - Aquecedores Cardal","isPartOf":{"@id":"https:\/\/www.hidramakei.com.br\/#website"},"primaryImageOfPage":{"@id":"https:\/\/www.hidramakei.com.br\/produto\/aquecedor-individual-cardal-inox-5t-6500w-220v-aq014-2\/#primaryimage"},"image":{"@id":"https:\/\/www.hidramakei.com.br\/produto\/aquecedor-individual-cardal-inox-5t-6500w-220v-aq014-2\/#primaryimage"},"thumbnailUrl":"https:\/\/www.hidramakei.com.br\/wp-content\/uploads\/2023\/02\/4889356713_1-600x600-1.png","datePublished":"2023-02-14T18:45:14+00:00","dateModified":"2023-08-14T20:23:01+00:00","description":"Aquecedor Individual Cardal Inox 5t 6500w 220v - AQ014\/2 - Hidramakey - Aquecedores Cardal","breadcrumb":{"@id":"https:\/\/www.hidramakei.com.br\/produto\/aquecedor-individual-cardal-inox-5t-6500w-220v-aq014-2\/#breadcrumb"},"inLanguage":"en-US","potentialAction":[{"@type":"ReadAction","target":["https:\/\/www.hidramakei.com.br\/produto\/aquecedor-individual-cardal-inox-5t-6500w-220v-aq014-2\/"]}]},{"@type":"ImageObject","inLanguage":"en-US","@id":"https:\/\/www.hidramakei.com.br\/produto\/aquecedor-individual-cardal-inox-5t-6500w-220v-aq014-2\/#primaryimage","url":"https:\/\/www.hidramakei.com.br\/wp-content\/uploads\/2023\/02\/4889356713_1-600x600-1.png","contentUrl":"https:\/\/www.hidramakei.com.br\/wp-content\/uploads\/2023\/02\/4889356713_1-600x600-1.png","width":600,"height":600},{"@type":"BreadcrumbList","@id":"https:\/\/www.hidramakei.com.br\/produto\/aquecedor-individual-cardal-inox-5t-6500w-220v-aq014-2\/#breadcrumb","itemListElement":[{"@type":"ListItem","position":1,"name":"In\u00edcio","item":"https:\/\/www.hidramakei.com.br\/"},{"@type":"ListItem","position":2,"name":"Loja","item":"https:\/\/www.hidramakei.com.br\/loja\/"},{"@type":"ListItem","position":3,"name":"Aquecedor Individual Cardal Inox 5t 6500w 220v &#8211; AQ014\/2"}]},{"@type":"WebSite","@id":"https:\/\/www.hidramakei.com.br\/#website","url":"https:\/\/www.hidramakei.com.br\/","name":"Hidramakey Instala\u00e7\u00f5es El\u00e9tricas e Hidr\u00e1ulicas - Aquecedores e Duchas Cardal","description":"Aquecedores - Cardal - Instala\u00e7\u00e3o e venda de aquecedores - Aquecedores a g\u00e1s - Venda e instala\u00e7\u00e3o de torneiras el\u00e9tricas - Torneiras el\u00e9tricas cardal - Manuten\u00e7\u00e3o de aquecedores - Duchas e chuveiros lorenzetti -  Reparos MVC - Aquecedores a g\u00e1s Komeco - Venda e instala\u00e7\u00e3o de aquecedores a g\u00e1s - Aquecedores a g\u00e1s lorenzetti - Ventiladores aliseu - Assist\u00eancia t\u00e9cnica cardal - Assist\u00eancia t\u00e9cnica lorenzetti - Misturadores e torneiras fabrimar- Perflex - Duchas para aquecimento a g\u00e1s - Ducol - F\u00e1brimar - Lorenzetti","publisher":{"@id":"https:\/\/www.hidramakei.com.br\/#organization"},"alternateName":"Hidramakey Instala\u00e7\u00f5es El\u00e9tricas e Hidr\u00e1ulicas","potentialAction":[{"@type":"SearchAction","target":{"@type":"EntryPoint","urlTemplate":"https:\/\/www.hidramakei.com.br\/?s={search_term_string}"},"query-input":{"@type":"PropertyValueSpecification","valueRequired":true,"valueName":"search_term_string"}}],"inLanguage":"en-US"},{"@type":"Organization","@id":"https:\/\/www.hidramakei.com.br\/#organization","name":"Hidramakey Instala\u00e7\u00f5es El\u00e9tricas e Hidr\u00e1ulicas - Aquecedores e Duchas Cardal","alternateName":"Hidramakey Instala\u00e7\u00f5es El\u00e9tricas e Hidr\u00e1ulicas","url":"https:\/\/www.hidramakei.com.br\/","logo":{"@type":"ImageObject","inLanguage":"en-US","@id":"https:\/\/www.hidramakei.com.br\/#\/schema\/logo\/image\/","url":"https:\/\/www.hidramakei.com.br\/wp-content\/uploads\/2021\/02\/logo-novo.png","contentUrl":"https:\/\/www.hidramakei.com.br\/wp-content\/uploads\/2021\/02\/logo-novo.png","width":222,"height":150,"caption":"Hidramakey Instala\u00e7\u00f5es El\u00e9tricas e Hidr\u00e1ulicas - Aquecedores e Duchas Cardal"},"image":{"@id":"https:\/\/www.hidramakei.com.br\/#\/schema\/logo\/image\/"}}]}},"_links":{"self":[{"href":"https:\/\/www.hidramakei.com.br\/en\/wp-json\/wp\/v2\/product\/1569","targetHints":{"allow":["GET"]}}],"collection":[{"href":"https:\/\/www.hidramakei.com.br\/en\/wp-json\/wp\/v2\/product"}],"about":[{"href":"https:\/\/www.hidramakei.com.br\/en\/wp-json\/wp\/v2\/types\/product"}],"replies":[{"embeddable":true,"href":"https:\/\/www.hidramakei.com.br\/en\/wp-json\/wp\/v2\/comments?post=1569"}],"wp:featuredmedia":[{"embeddable":true,"href":"https:\/\/www.hidramakei.com.br\/en\/wp-json\/wp\/v2\/media\/1570"}],"wp:attachment":[{"href":"https:\/\/www.hidramakei.com.br\/en\/wp-json\/wp\/v2\/media?parent=1569"}],"wp:term":[{"taxonomy":"product_brand","embeddable":true,"href":"https:\/\/www.hidramakei.com.br\/en\/wp-json\/wp\/v2\/product_brand?post=1569"},{"taxonomy":"product_cat","embeddable":true,"href":"https:\/\/www.hidramakei.com.br\/en\/wp-json\/wp\/v2\/product_cat?post=1569"},{"taxonomy":"product_tag","embeddable":true,"href":"https:\/\/www.hidramakei.com.br\/en\/wp-json\/wp\/v2\/product_tag?post=1569"}],"curies":[{"name":"wp","href":"https:\/\/api.w.org\/{rel}","templated":true}]}}