{"id":2117,"date":"2023-02-25T16:01:40","date_gmt":"2023-02-25T19:01:40","guid":{"rendered":"https:\/\/www.hidramakei.com.br\/?post_type=product&#038;p=2117"},"modified":"2023-08-14T19:54:18","modified_gmt":"2023-08-14T22:54:18","slug":"kit-4b-6b-miolo-aquecedor-central-eletronico-bl-acabamento-branco-8-200w-220v-ki-043-2","status":"publish","type":"product","link":"https:\/\/www.hidramakei.com.br\/en\/kit-4b-6b-miolo-aquecedor-central-eletronico-bl-acabamento-branco-8-200w-220v-ki-043-2\/","title":{"rendered":"Kit 4B\/6B &#8211; Miolo Aquecedor Central Eletr\u00f4nico BL + Acabamento Branco 8.200W 220V KI-043\/2"},"content":{"rendered":"<p>Diferenciais:<br \/>\nEconomia na instala\u00e7\u00e3o hidr\u00e1ulica: Al\u00e9m de estar pr\u00f3ximo aos pontos de uso, evitando a necessidade de extensas tubula\u00e7\u00f5es de \u00e1gua quente, comum nos outros sistemas de aquecimento central, pode ser instalado com uma \u00fanica tubula\u00e7\u00e3o, n\u00e3o necessitando da tubula\u00e7\u00e3o de \u00e1gua fria e misturadores de \u00e1gua, pois permite o ajuste da temperatura da \u00e1gua no pr\u00f3prio Aquecedor<br \/>\nEconomia de energia el\u00e9trica: Fornece \u00e1gua quente instantaneamente a qualquer hora do dia ou da noite, consumindo energia el\u00e9trica somente quando se abre o registro de \u00e1gua conectado ao Aquecedor. Com o registro de \u00e1gua fechado, n\u00e3o h\u00e1 consumo de energia<br \/>\nEconomia de \u00e1gua: Em cada utiliza\u00e7\u00e3o, a \u00e1gua fria \u00e9 aquecida instantaneamente pr\u00f3ximo ao ponto de uso e ainda permite o uso econ\u00f4mico atrav\u00e9s do controle do registro, fornecendo \u00e1gua quente com 3 litros por minuto<br \/>\nControle Eletr\u00f4nico: Proporciona maior conforto em qualquer \u00e9poca do ano, al\u00e9m da economia de energia e \u00e1gua, pois n\u00e3o h\u00e1 necessidade de misturar \u00e1gua fria para obter a temperatura desejada, com o exclusivo Controle Eletr\u00f4nico de Pot\u00eancia<br \/>\nResist\u00eancia de Aquecimento Anti-choque Blindada: Fabricada com blindagem met\u00e1lica, sendo fabricada com elemento de aquecimento na mais pura liga, para garantir seguran\u00e7a e maior durabilidade<br \/>\nMaior Seguran\u00e7a. Compatibilidade no funcionamento com interruptor diferencial residual de alta sensibilidade<br \/>\nDescri\u00e7\u00e3o:<br \/>\nMarca: Cardal<br \/>\nModelo: Kit &#8211; Miolo Aquecedor Central Eletr\u00f4nico + Acabamento Branco<br \/>\nC\u00f3digo: KI-043\/2<br \/>\nCaracter\u00edsticas:<br \/>\nPot\u00eancia: 8.200 W<br \/>\nTens\u00e3o: 220 V<br \/>\nTipo de aquecedor: Eletr\u00f4nico<br \/>\nN\u00famero de temperaturas: 8<br \/>\nTipo de resist\u00eancia: Blindada<br \/>\nFura\u00e7\u00e3o: 4B\/6B (Furo no topo)<br \/>\nInforma\u00e7\u00f5es t\u00e9cnicas:<br \/>\nFia\u00e7\u00e3o M\u00ednima: 6 mm\u00b2<br \/>\nDisjuntor: 40 A<br \/>\nPress\u00e3o m\u00ednima: 10 kPa (1 m.c.a.)<br \/>\nPress\u00e3o m\u00e1xima: 400 kPa (40 m.c.a.)<br \/>\nItens inclusos:<br \/>\n01 Miolo do aquecedo<br \/>\n06 Parafusos do aquecedor<br \/>\n01 Acabamento branco<br \/>\n02 Parafusos do acabamento<br \/>\n01 Indicador de temperatura<br \/>\n03 Conectores el\u00e9tricos de tor\u00e7\u00e3o<br \/>\n01 Manual de Instru\u00e7\u00f5es<br \/>\nATEN\u00c7\u00c3O:<br \/>\nCARCA\u00c7A (PE\u00c7A QUE \u00c9 EMBUTIDA NA PAREDE) N\u00c3O ACOMPANHA O PRODUTO<br \/>\nVERIFICAR A FURA\u00c7\u00c2O DA CARCA\u00c7A INSTALADA DE ACORDO COM A SEGUNDA IMAGEM<\/p>","protected":false},"excerpt":{"rendered":"<p>Economia na instala\u00e7\u00e3o hidr\u00e1ulica: Al\u00e9m de estar pr\u00f3ximo aos pontos de uso, evitando a necessidade de extensas tubula\u00e7\u00f5es de \u00e1gua quente, comum nos outros sistemas de aquecimento central.<\/p>","protected":false},"featured_media":2123,"comment_status":"open","ping_status":"closed","template":"","meta":{"_joinchat":[]},"product_brand":[],"product_cat":[308],"product_tag":[],"class_list":{"0":"post-2117","1":"product","2":"type-product","3":"status-publish","4":"has-post-thumbnail","6":"product_cat-aquecedor-eletrico","8":"first","9":"instock","10":"shipping-taxable","11":"purchasable","12":"product-type-simple"},"yoast_head":"<!-- This site is optimized with the Yoast SEO plugin v27.6 - https:\/\/yoast.com\/product\/yoast-seo-wordpress\/ -->\n<title>Kit 4B\/6B - Miolo Aquecedor Central Eletr\u00f4nico BL + Acabamento Branco 8.200W 220V KI-043\/2 - Hidramakey - Aquecedores Cardal<\/title>\n<meta name=\"description\" content=\"Kit 4B\/6B - Miolo Aquecedor Central Eletr\u00f4nico BL + Acabamento Branco 8.200W 220V KI-043\/2 - Hidramakey - Aquecedores Cardal\" \/>\n<meta name=\"robots\" content=\"index, follow, max-snippet:-1, max-image-preview:large, max-video-preview:-1\" \/>\n<link rel=\"canonical\" href=\"https:\/\/www.hidramakei.com.br\/en\/product\/kit-4b-6b-miolo-aquecedor-central-eletronico-bl-acabamento-branco-8-200w-220v-ki-043-2\/\" \/>\n<meta property=\"og:locale\" content=\"en_US\" \/>\n<meta property=\"og:type\" content=\"article\" \/>\n<meta property=\"og:title\" content=\"Kit 4B\/6B - Miolo Aquecedor Central Eletr\u00f4nico BL + Acabamento Branco 8.200W 220V KI-043\/2 - Hidramakey - Aquecedores Cardal\" \/>\n<meta property=\"og:description\" content=\"Kit 4B\/6B - Miolo Aquecedor Central Eletr\u00f4nico BL + Acabamento Branco 8.200W 220V KI-043\/2 - Hidramakey - Aquecedores Cardal\" \/>\n<meta property=\"og:url\" content=\"https:\/\/www.hidramakei.com.br\/en\/product\/kit-4b-6b-miolo-aquecedor-central-eletronico-bl-acabamento-branco-8-200w-220v-ki-043-2\/\" \/>\n<meta property=\"og:site_name\" content=\"Hidramakey - Aquecedores Cardal\" \/>\n<meta property=\"article:modified_time\" content=\"2023-08-14T22:54:18+00:00\" \/>\n<meta property=\"og:image\" content=\"https:\/\/www.hidramakei.com.br\/wp-content\/uploads\/2023\/02\/Kit-4B-6B-Miolo-Aquecedor-Central-Eletronico-BL-Acabamento-Branco-9.000W-220V-KI-044-2-600x645-1.png\" \/>\n\t<meta property=\"og:image:width\" content=\"600\" \/>\n\t<meta property=\"og:image:height\" content=\"645\" \/>\n\t<meta property=\"og:image:type\" content=\"image\/png\" \/>\n<meta name=\"twitter:card\" content=\"summary_large_image\" \/>\n<meta name=\"twitter:label1\" content=\"Est. reading time\" \/>\n\t<meta name=\"twitter:data1\" content=\"2 minutes\" \/>\n<script type=\"application\/ld+json\" class=\"yoast-schema-graph\">{\"@context\":\"https:\\\/\\\/schema.org\",\"@graph\":[{\"@type\":\"WebPage\",\"@id\":\"https:\\\/\\\/www.hidramakei.com.br\\\/produto\\\/kit-4b-6b-miolo-aquecedor-central-eletronico-bl-acabamento-branco-8-200w-220v-ki-043-2\\\/\",\"url\":\"https:\\\/\\\/www.hidramakei.com.br\\\/produto\\\/kit-4b-6b-miolo-aquecedor-central-eletronico-bl-acabamento-branco-8-200w-220v-ki-043-2\\\/\",\"name\":\"Kit 4B\\\/6B - Miolo Aquecedor Central Eletr\u00f4nico BL + Acabamento Branco 8.200W 220V KI-043\\\/2 - Hidramakey - Aquecedores Cardal\",\"isPartOf\":{\"@id\":\"https:\\\/\\\/www.hidramakei.com.br\\\/#website\"},\"primaryImageOfPage\":{\"@id\":\"https:\\\/\\\/www.hidramakei.com.br\\\/produto\\\/kit-4b-6b-miolo-aquecedor-central-eletronico-bl-acabamento-branco-8-200w-220v-ki-043-2\\\/#primaryimage\"},\"image\":{\"@id\":\"https:\\\/\\\/www.hidramakei.com.br\\\/produto\\\/kit-4b-6b-miolo-aquecedor-central-eletronico-bl-acabamento-branco-8-200w-220v-ki-043-2\\\/#primaryimage\"},\"thumbnailUrl\":\"https:\\\/\\\/www.hidramakei.com.br\\\/wp-content\\\/uploads\\\/2023\\\/02\\\/Kit-4B-6B-Miolo-Aquecedor-Central-Eletronico-BL-Acabamento-Branco-9.000W-220V-KI-044-2-600x645-1.png\",\"datePublished\":\"2023-02-25T19:01:40+00:00\",\"dateModified\":\"2023-08-14T22:54:18+00:00\",\"description\":\"Kit 4B\\\/6B - Miolo Aquecedor Central Eletr\u00f4nico BL + Acabamento Branco 8.200W 220V KI-043\\\/2 - Hidramakey - Aquecedores Cardal\",\"breadcrumb\":{\"@id\":\"https:\\\/\\\/www.hidramakei.com.br\\\/produto\\\/kit-4b-6b-miolo-aquecedor-central-eletronico-bl-acabamento-branco-8-200w-220v-ki-043-2\\\/#breadcrumb\"},\"inLanguage\":\"en-US\",\"potentialAction\":[{\"@type\":\"ReadAction\",\"target\":[\"https:\\\/\\\/www.hidramakei.com.br\\\/produto\\\/kit-4b-6b-miolo-aquecedor-central-eletronico-bl-acabamento-branco-8-200w-220v-ki-043-2\\\/\"]}]},{\"@type\":\"ImageObject\",\"inLanguage\":\"en-US\",\"@id\":\"https:\\\/\\\/www.hidramakei.com.br\\\/produto\\\/kit-4b-6b-miolo-aquecedor-central-eletronico-bl-acabamento-branco-8-200w-220v-ki-043-2\\\/#primaryimage\",\"url\":\"https:\\\/\\\/www.hidramakei.com.br\\\/wp-content\\\/uploads\\\/2023\\\/02\\\/Kit-4B-6B-Miolo-Aquecedor-Central-Eletronico-BL-Acabamento-Branco-9.000W-220V-KI-044-2-600x645-1.png\",\"contentUrl\":\"https:\\\/\\\/www.hidramakei.com.br\\\/wp-content\\\/uploads\\\/2023\\\/02\\\/Kit-4B-6B-Miolo-Aquecedor-Central-Eletronico-BL-Acabamento-Branco-9.000W-220V-KI-044-2-600x645-1.png\",\"width\":600,\"height\":645},{\"@type\":\"BreadcrumbList\",\"@id\":\"https:\\\/\\\/www.hidramakei.com.br\\\/produto\\\/kit-4b-6b-miolo-aquecedor-central-eletronico-bl-acabamento-branco-8-200w-220v-ki-043-2\\\/#breadcrumb\",\"itemListElement\":[{\"@type\":\"ListItem\",\"position\":1,\"name\":\"In\u00edcio\",\"item\":\"https:\\\/\\\/www.hidramakei.com.br\\\/\"},{\"@type\":\"ListItem\",\"position\":2,\"name\":\"Loja\",\"item\":\"https:\\\/\\\/www.hidramakei.com.br\\\/loja\\\/\"},{\"@type\":\"ListItem\",\"position\":3,\"name\":\"Kit 4B\\\/6B &#8211; Miolo Aquecedor Central Eletr\u00f4nico BL + Acabamento Branco 8.200W 220V KI-043\\\/2\"}]},{\"@type\":\"WebSite\",\"@id\":\"https:\\\/\\\/www.hidramakei.com.br\\\/#website\",\"url\":\"https:\\\/\\\/www.hidramakei.com.br\\\/\",\"name\":\"Hidramakey Instala\u00e7\u00f5es El\u00e9tricas e Hidr\u00e1ulicas - Aquecedores e Duchas Cardal\",\"description\":\"Aquecedores - Cardal - Instala\u00e7\u00e3o e venda de aquecedores - Aquecedores a g\u00e1s - Venda e instala\u00e7\u00e3o de torneiras el\u00e9tricas - Torneiras el\u00e9tricas cardal - Manuten\u00e7\u00e3o de aquecedores - Duchas e chuveiros lorenzetti -  Reparos MVC - Aquecedores a g\u00e1s Komeco - Venda e instala\u00e7\u00e3o de aquecedores a g\u00e1s - Aquecedores a g\u00e1s lorenzetti - Ventiladores aliseu - Assist\u00eancia t\u00e9cnica cardal - Assist\u00eancia t\u00e9cnica lorenzetti - Misturadores e torneiras fabrimar- Perflex - Duchas para aquecimento a g\u00e1s - Ducol - F\u00e1brimar - Lorenzetti\",\"publisher\":{\"@id\":\"https:\\\/\\\/www.hidramakei.com.br\\\/#organization\"},\"alternateName\":\"Hidramakey Instala\u00e7\u00f5es El\u00e9tricas e Hidr\u00e1ulicas\",\"potentialAction\":[{\"@type\":\"SearchAction\",\"target\":{\"@type\":\"EntryPoint\",\"urlTemplate\":\"https:\\\/\\\/www.hidramakei.com.br\\\/?s={search_term_string}\"},\"query-input\":{\"@type\":\"PropertyValueSpecification\",\"valueRequired\":true,\"valueName\":\"search_term_string\"}}],\"inLanguage\":\"en-US\"},{\"@type\":\"Organization\",\"@id\":\"https:\\\/\\\/www.hidramakei.com.br\\\/#organization\",\"name\":\"Hidramakey Instala\u00e7\u00f5es El\u00e9tricas e Hidr\u00e1ulicas - Aquecedores e Duchas Cardal\",\"alternateName\":\"Hidramakey Instala\u00e7\u00f5es El\u00e9tricas e Hidr\u00e1ulicas\",\"url\":\"https:\\\/\\\/www.hidramakei.com.br\\\/\",\"logo\":{\"@type\":\"ImageObject\",\"inLanguage\":\"en-US\",\"@id\":\"https:\\\/\\\/www.hidramakei.com.br\\\/#\\\/schema\\\/logo\\\/image\\\/\",\"url\":\"https:\\\/\\\/www.hidramakei.com.br\\\/wp-content\\\/uploads\\\/2021\\\/02\\\/logo-novo.png\",\"contentUrl\":\"https:\\\/\\\/www.hidramakei.com.br\\\/wp-content\\\/uploads\\\/2021\\\/02\\\/logo-novo.png\",\"width\":222,\"height\":150,\"caption\":\"Hidramakey Instala\u00e7\u00f5es El\u00e9tricas e Hidr\u00e1ulicas - Aquecedores e Duchas Cardal\"},\"image\":{\"@id\":\"https:\\\/\\\/www.hidramakei.com.br\\\/#\\\/schema\\\/logo\\\/image\\\/\"}}]}<\/script>\n<!-- \/ Yoast SEO plugin. -->","yoast_head_json":{"title":"Kit 4B\/6B - Miolo Aquecedor Central Eletr\u00f4nico BL + Acabamento Branco 8.200W 220V KI-043\/2 - Hidramakey - Aquecedores Cardal","description":"Kit 4B\/6B - Miolo Aquecedor Central Eletr\u00f4nico BL + Acabamento Branco 8.200W 220V KI-043\/2 - Hidramakey - Aquecedores Cardal","robots":{"index":"index","follow":"follow","max-snippet":"max-snippet:-1","max-image-preview":"max-image-preview:large","max-video-preview":"max-video-preview:-1"},"canonical":"https:\/\/www.hidramakei.com.br\/en\/product\/kit-4b-6b-miolo-aquecedor-central-eletronico-bl-acabamento-branco-8-200w-220v-ki-043-2\/","og_locale":"en_US","og_type":"article","og_title":"Kit 4B\/6B - Miolo Aquecedor Central Eletr\u00f4nico BL + Acabamento Branco 8.200W 220V KI-043\/2 - Hidramakey - Aquecedores Cardal","og_description":"Kit 4B\/6B - Miolo Aquecedor Central Eletr\u00f4nico BL + Acabamento Branco 8.200W 220V KI-043\/2 - Hidramakey - Aquecedores Cardal","og_url":"https:\/\/www.hidramakei.com.br\/en\/product\/kit-4b-6b-miolo-aquecedor-central-eletronico-bl-acabamento-branco-8-200w-220v-ki-043-2\/","og_site_name":"Hidramakey - Aquecedores Cardal","article_modified_time":"2023-08-14T22:54:18+00:00","og_image":[{"width":600,"height":645,"url":"https:\/\/www.hidramakei.com.br\/wp-content\/uploads\/2023\/02\/Kit-4B-6B-Miolo-Aquecedor-Central-Eletronico-BL-Acabamento-Branco-9.000W-220V-KI-044-2-600x645-1.png","type":"image\/png"}],"twitter_card":"summary_large_image","twitter_misc":{"Est. reading time":"2 minutes"},"schema":{"@context":"https:\/\/schema.org","@graph":[{"@type":"WebPage","@id":"https:\/\/www.hidramakei.com.br\/produto\/kit-4b-6b-miolo-aquecedor-central-eletronico-bl-acabamento-branco-8-200w-220v-ki-043-2\/","url":"https:\/\/www.hidramakei.com.br\/produto\/kit-4b-6b-miolo-aquecedor-central-eletronico-bl-acabamento-branco-8-200w-220v-ki-043-2\/","name":"Kit 4B\/6B - Miolo Aquecedor Central Eletr\u00f4nico BL + Acabamento Branco 8.200W 220V KI-043\/2 - Hidramakey - Aquecedores Cardal","isPartOf":{"@id":"https:\/\/www.hidramakei.com.br\/#website"},"primaryImageOfPage":{"@id":"https:\/\/www.hidramakei.com.br\/produto\/kit-4b-6b-miolo-aquecedor-central-eletronico-bl-acabamento-branco-8-200w-220v-ki-043-2\/#primaryimage"},"image":{"@id":"https:\/\/www.hidramakei.com.br\/produto\/kit-4b-6b-miolo-aquecedor-central-eletronico-bl-acabamento-branco-8-200w-220v-ki-043-2\/#primaryimage"},"thumbnailUrl":"https:\/\/www.hidramakei.com.br\/wp-content\/uploads\/2023\/02\/Kit-4B-6B-Miolo-Aquecedor-Central-Eletronico-BL-Acabamento-Branco-9.000W-220V-KI-044-2-600x645-1.png","datePublished":"2023-02-25T19:01:40+00:00","dateModified":"2023-08-14T22:54:18+00:00","description":"Kit 4B\/6B - Miolo Aquecedor Central Eletr\u00f4nico BL + Acabamento Branco 8.200W 220V KI-043\/2 - Hidramakey - Aquecedores Cardal","breadcrumb":{"@id":"https:\/\/www.hidramakei.com.br\/produto\/kit-4b-6b-miolo-aquecedor-central-eletronico-bl-acabamento-branco-8-200w-220v-ki-043-2\/#breadcrumb"},"inLanguage":"en-US","potentialAction":[{"@type":"ReadAction","target":["https:\/\/www.hidramakei.com.br\/produto\/kit-4b-6b-miolo-aquecedor-central-eletronico-bl-acabamento-branco-8-200w-220v-ki-043-2\/"]}]},{"@type":"ImageObject","inLanguage":"en-US","@id":"https:\/\/www.hidramakei.com.br\/produto\/kit-4b-6b-miolo-aquecedor-central-eletronico-bl-acabamento-branco-8-200w-220v-ki-043-2\/#primaryimage","url":"https:\/\/www.hidramakei.com.br\/wp-content\/uploads\/2023\/02\/Kit-4B-6B-Miolo-Aquecedor-Central-Eletronico-BL-Acabamento-Branco-9.000W-220V-KI-044-2-600x645-1.png","contentUrl":"https:\/\/www.hidramakei.com.br\/wp-content\/uploads\/2023\/02\/Kit-4B-6B-Miolo-Aquecedor-Central-Eletronico-BL-Acabamento-Branco-9.000W-220V-KI-044-2-600x645-1.png","width":600,"height":645},{"@type":"BreadcrumbList","@id":"https:\/\/www.hidramakei.com.br\/produto\/kit-4b-6b-miolo-aquecedor-central-eletronico-bl-acabamento-branco-8-200w-220v-ki-043-2\/#breadcrumb","itemListElement":[{"@type":"ListItem","position":1,"name":"In\u00edcio","item":"https:\/\/www.hidramakei.com.br\/"},{"@type":"ListItem","position":2,"name":"Loja","item":"https:\/\/www.hidramakei.com.br\/loja\/"},{"@type":"ListItem","position":3,"name":"Kit 4B\/6B &#8211; Miolo Aquecedor Central Eletr\u00f4nico BL + Acabamento Branco 8.200W 220V KI-043\/2"}]},{"@type":"WebSite","@id":"https:\/\/www.hidramakei.com.br\/#website","url":"https:\/\/www.hidramakei.com.br\/","name":"Hidramakey Instala\u00e7\u00f5es El\u00e9tricas e Hidr\u00e1ulicas - Aquecedores e Duchas Cardal","description":"Aquecedores - Cardal - Instala\u00e7\u00e3o e venda de aquecedores - Aquecedores a g\u00e1s - Venda e instala\u00e7\u00e3o de torneiras el\u00e9tricas - Torneiras el\u00e9tricas cardal - Manuten\u00e7\u00e3o de aquecedores - Duchas e chuveiros lorenzetti -  Reparos MVC - Aquecedores a g\u00e1s Komeco - Venda e instala\u00e7\u00e3o de aquecedores a g\u00e1s - Aquecedores a g\u00e1s lorenzetti - Ventiladores aliseu - Assist\u00eancia t\u00e9cnica cardal - Assist\u00eancia t\u00e9cnica lorenzetti - Misturadores e torneiras fabrimar- Perflex - Duchas para aquecimento a g\u00e1s - Ducol - F\u00e1brimar - Lorenzetti","publisher":{"@id":"https:\/\/www.hidramakei.com.br\/#organization"},"alternateName":"Hidramakey Instala\u00e7\u00f5es El\u00e9tricas e Hidr\u00e1ulicas","potentialAction":[{"@type":"SearchAction","target":{"@type":"EntryPoint","urlTemplate":"https:\/\/www.hidramakei.com.br\/?s={search_term_string}"},"query-input":{"@type":"PropertyValueSpecification","valueRequired":true,"valueName":"search_term_string"}}],"inLanguage":"en-US"},{"@type":"Organization","@id":"https:\/\/www.hidramakei.com.br\/#organization","name":"Hidramakey Instala\u00e7\u00f5es El\u00e9tricas e Hidr\u00e1ulicas - Aquecedores e Duchas Cardal","alternateName":"Hidramakey Instala\u00e7\u00f5es El\u00e9tricas e Hidr\u00e1ulicas","url":"https:\/\/www.hidramakei.com.br\/","logo":{"@type":"ImageObject","inLanguage":"en-US","@id":"https:\/\/www.hidramakei.com.br\/#\/schema\/logo\/image\/","url":"https:\/\/www.hidramakei.com.br\/wp-content\/uploads\/2021\/02\/logo-novo.png","contentUrl":"https:\/\/www.hidramakei.com.br\/wp-content\/uploads\/2021\/02\/logo-novo.png","width":222,"height":150,"caption":"Hidramakey Instala\u00e7\u00f5es El\u00e9tricas e Hidr\u00e1ulicas - Aquecedores e Duchas Cardal"},"image":{"@id":"https:\/\/www.hidramakei.com.br\/#\/schema\/logo\/image\/"}}]}},"_links":{"self":[{"href":"https:\/\/www.hidramakei.com.br\/en\/wp-json\/wp\/v2\/product\/2117","targetHints":{"allow":["GET"]}}],"collection":[{"href":"https:\/\/www.hidramakei.com.br\/en\/wp-json\/wp\/v2\/product"}],"about":[{"href":"https:\/\/www.hidramakei.com.br\/en\/wp-json\/wp\/v2\/types\/product"}],"replies":[{"embeddable":true,"href":"https:\/\/www.hidramakei.com.br\/en\/wp-json\/wp\/v2\/comments?post=2117"}],"wp:featuredmedia":[{"embeddable":true,"href":"https:\/\/www.hidramakei.com.br\/en\/wp-json\/wp\/v2\/media\/2123"}],"wp:attachment":[{"href":"https:\/\/www.hidramakei.com.br\/en\/wp-json\/wp\/v2\/media?parent=2117"}],"wp:term":[{"taxonomy":"product_brand","embeddable":true,"href":"https:\/\/www.hidramakei.com.br\/en\/wp-json\/wp\/v2\/product_brand?post=2117"},{"taxonomy":"product_cat","embeddable":true,"href":"https:\/\/www.hidramakei.com.br\/en\/wp-json\/wp\/v2\/product_cat?post=2117"},{"taxonomy":"product_tag","embeddable":true,"href":"https:\/\/www.hidramakei.com.br\/en\/wp-json\/wp\/v2\/product_tag?post=2117"}],"curies":[{"name":"wp","href":"https:\/\/api.w.org\/{rel}","templated":true}]}}