{"id":2138,"date":"2023-02-25T16:15:46","date_gmt":"2023-02-25T19:15:46","guid":{"rendered":"https:\/\/www.hidramakei.com.br\/?post_type=product&#038;p=2138"},"modified":"2023-08-14T19:50:12","modified_gmt":"2023-08-14T22:50:12","slug":"aquecedor-individual-flex-8t-cardal-6-400w-220v-aq-250-2","status":"publish","type":"product","link":"https:\/\/www.hidramakei.com.br\/en\/aquecedor-individual-flex-8t-cardal-6-400w-220v-aq-250-2\/","title":{"rendered":"Aquecedor Individual Flex 8T Cardal 6.400W 220V AQ-250\/2"},"content":{"rendered":"<p>A nova linha de Aquecedores Individuais foi desenvolvida para uma grande variedade de aplica\u00e7\u00f5es. Devido a sua versatilidade e pequenas dimens\u00f5es, qualquer um dos modelos pode ser instalado diretamente no ponto de uso (pia, lavat\u00f3rio, bid\u00ea, etc.) ou onde se necessitar \u00e1gua quente, evitando o desperd\u00edcio de \u00e1gua.<\/p>\n<p>Sendo totalmente autom\u00e1tico, o novo Aquecedor Individual consome energia el\u00e9trica somente quando se abre o registro de \u00e1gua a ele conectado, aquecendo a \u00e1gua instantaneamente.<\/p>\n<p>Diferenciais:<\/p>\n<p>\u2022 O \u00danico que suporta 100 metros de coluna de \u00e1gua;<\/p>\n<p>\u2022 Instala\u00e7\u00e3o pr\u00f3xima ao ponto de uso, evita o desperd\u00edcio de \u00e1gua;<\/p>\n<p>\u2022 Uma \u00fanica tubula\u00e7\u00e3o, economia na instala\u00e7\u00e3o;<\/p>\n<p>\u2022 Economia de energia el\u00e9trica;<\/p>\n<p>\u2022 Economia de \u00e1gua;<\/p>\n<p>\u2022 Controle multitemperatura;<\/p>\n<p>\u2022 Versatilidade e tranquilidade;<\/p>\n<p>\u2022 Maior durabilidade;<\/p>\n<p>\u2022 Maior seguran\u00e7a devido \u00e0 compatibilidade com Dispositivo DR;<\/p>\n<p>\u2022 Compat\u00edvel no uso com sistemas de aquecimento solar.<\/p>\n<p>Descri\u00e7\u00e3o:<\/p>\n<p>\u2022 Marca: Cardal<\/p>\n<p>\u2022 Modelo: Aquecedor Individual Flex 8T (AQ-250\/2)<\/p>\n<p>\u2022 Pot\u00eancia: 6.400W<\/p>\n<p>\u2022 Tens\u00e3o: 220V<\/p>\n<p>\u2022 Cor: Branco<\/p>\n<p>\u2022 Tipo de aquecedor: Multitemperatura<\/p>\n<p>\u2022 N\u00famero de temperaturas: 8 (32, 35, 38, 40, 42, 45, 48\u00baC)<\/p>\n<p>Informa\u00e7\u00f5es t\u00e9cnicas:<\/p>\n<p>\u2022 Fia\u00e7\u00e3o M\u00ednima: 4mm\u00b2<\/p>\n<p>\u2022 Disjuntor: 30 A<\/p>\n<p>\u2022 Press\u00e3o m\u00ednima de funcionamento: 20 kPa (2 m.c.a)<\/p>\n<p>\u2022 Press\u00e3o m\u00e1xima de funcionamento: 1000 kPa (100 m.c.a)<\/p>\n<p>Itens inclusos:<\/p>\n<p>\u2022 01 Aquecedor;<\/p>\n<p>\u2022 02 Parafusos com buchas pl\u00e1sticas;<\/p>\n<p>\u2022 01 Dispositivo regulador de vaz\u00e3o;<\/p>\n<p>\u2022 01 Manual de Instru\u00e7\u00f5es;<\/p>\n<p>\u2022 01 Gabarito para fura\u00e7\u00e3o.<\/p>","protected":false},"excerpt":{"rendered":"<p>A nova linha de Aquecedores Individuais foi desenvolvida para uma grande variedade de aplica\u00e7\u00f5es.<\/p>","protected":false},"featured_media":2139,"comment_status":"open","ping_status":"closed","template":"","meta":{"_joinchat":[]},"product_brand":[],"product_cat":[308],"product_tag":[],"class_list":{"0":"post-2138","1":"product","2":"type-product","3":"status-publish","4":"has-post-thumbnail","6":"product_cat-aquecedor-eletrico","8":"first","9":"instock","10":"shipping-taxable","11":"purchasable","12":"product-type-simple"},"yoast_head":"<!-- This site is optimized with the Yoast SEO plugin v27.6 - https:\/\/yoast.com\/product\/yoast-seo-wordpress\/ -->\n<title>Aquecedor Individual Flex 8T Cardal 6.400W 220V AQ-250\/2 - Hidramakey - Aquecedores Cardal<\/title>\n<meta name=\"description\" content=\"Aquecedor Individual Flex 8T Cardal 6.400W 220V AQ-250\/2 - Hidramakey - Aquecedores Cardal\" \/>\n<meta name=\"robots\" content=\"index, follow, max-snippet:-1, max-image-preview:large, max-video-preview:-1\" \/>\n<link rel=\"canonical\" href=\"https:\/\/www.hidramakei.com.br\/en\/product\/aquecedor-individual-flex-8t-cardal-6-400w-220v-aq-250-2\/\" \/>\n<meta property=\"og:locale\" content=\"en_US\" \/>\n<meta property=\"og:type\" content=\"article\" \/>\n<meta property=\"og:title\" content=\"Aquecedor Individual Flex 8T Cardal 6.400W 220V AQ-250\/2 - Hidramakey - Aquecedores Cardal\" \/>\n<meta property=\"og:description\" content=\"Aquecedor Individual Flex 8T Cardal 6.400W 220V AQ-250\/2 - Hidramakey - Aquecedores Cardal\" \/>\n<meta property=\"og:url\" content=\"https:\/\/www.hidramakei.com.br\/en\/product\/aquecedor-individual-flex-8t-cardal-6-400w-220v-aq-250-2\/\" \/>\n<meta property=\"og:site_name\" content=\"Hidramakey - Aquecedores Cardal\" \/>\n<meta property=\"article:modified_time\" content=\"2023-08-14T22:50:12+00:00\" \/>\n<meta property=\"og:image\" content=\"https:\/\/www.hidramakei.com.br\/wp-content\/uploads\/2023\/02\/Aquecedor-Individual-Flex-8T-Cardal-6.400W-220V-AQ-250-2.png\" \/>\n\t<meta property=\"og:image:width\" content=\"755\" \/>\n\t<meta property=\"og:image:height\" content=\"974\" \/>\n\t<meta property=\"og:image:type\" content=\"image\/png\" \/>\n<meta name=\"twitter:card\" content=\"summary_large_image\" \/>\n<meta name=\"twitter:label1\" content=\"Est. reading time\" \/>\n\t<meta name=\"twitter:data1\" content=\"1 minute\" \/>\n<script type=\"application\/ld+json\" class=\"yoast-schema-graph\">{\"@context\":\"https:\\\/\\\/schema.org\",\"@graph\":[{\"@type\":\"WebPage\",\"@id\":\"https:\\\/\\\/www.hidramakei.com.br\\\/produto\\\/aquecedor-individual-flex-8t-cardal-6-400w-220v-aq-250-2\\\/\",\"url\":\"https:\\\/\\\/www.hidramakei.com.br\\\/produto\\\/aquecedor-individual-flex-8t-cardal-6-400w-220v-aq-250-2\\\/\",\"name\":\"Aquecedor Individual Flex 8T Cardal 6.400W 220V AQ-250\\\/2 - Hidramakey - Aquecedores Cardal\",\"isPartOf\":{\"@id\":\"https:\\\/\\\/www.hidramakei.com.br\\\/#website\"},\"primaryImageOfPage\":{\"@id\":\"https:\\\/\\\/www.hidramakei.com.br\\\/produto\\\/aquecedor-individual-flex-8t-cardal-6-400w-220v-aq-250-2\\\/#primaryimage\"},\"image\":{\"@id\":\"https:\\\/\\\/www.hidramakei.com.br\\\/produto\\\/aquecedor-individual-flex-8t-cardal-6-400w-220v-aq-250-2\\\/#primaryimage\"},\"thumbnailUrl\":\"https:\\\/\\\/www.hidramakei.com.br\\\/wp-content\\\/uploads\\\/2023\\\/02\\\/Aquecedor-Individual-Flex-8T-Cardal-6.400W-220V-AQ-250-2.png\",\"datePublished\":\"2023-02-25T19:15:46+00:00\",\"dateModified\":\"2023-08-14T22:50:12+00:00\",\"description\":\"Aquecedor Individual Flex 8T Cardal 6.400W 220V AQ-250\\\/2 - Hidramakey - Aquecedores Cardal\",\"breadcrumb\":{\"@id\":\"https:\\\/\\\/www.hidramakei.com.br\\\/produto\\\/aquecedor-individual-flex-8t-cardal-6-400w-220v-aq-250-2\\\/#breadcrumb\"},\"inLanguage\":\"en-US\",\"potentialAction\":[{\"@type\":\"ReadAction\",\"target\":[\"https:\\\/\\\/www.hidramakei.com.br\\\/produto\\\/aquecedor-individual-flex-8t-cardal-6-400w-220v-aq-250-2\\\/\"]}]},{\"@type\":\"ImageObject\",\"inLanguage\":\"en-US\",\"@id\":\"https:\\\/\\\/www.hidramakei.com.br\\\/produto\\\/aquecedor-individual-flex-8t-cardal-6-400w-220v-aq-250-2\\\/#primaryimage\",\"url\":\"https:\\\/\\\/www.hidramakei.com.br\\\/wp-content\\\/uploads\\\/2023\\\/02\\\/Aquecedor-Individual-Flex-8T-Cardal-6.400W-220V-AQ-250-2.png\",\"contentUrl\":\"https:\\\/\\\/www.hidramakei.com.br\\\/wp-content\\\/uploads\\\/2023\\\/02\\\/Aquecedor-Individual-Flex-8T-Cardal-6.400W-220V-AQ-250-2.png\",\"width\":755,\"height\":974},{\"@type\":\"BreadcrumbList\",\"@id\":\"https:\\\/\\\/www.hidramakei.com.br\\\/produto\\\/aquecedor-individual-flex-8t-cardal-6-400w-220v-aq-250-2\\\/#breadcrumb\",\"itemListElement\":[{\"@type\":\"ListItem\",\"position\":1,\"name\":\"In\u00edcio\",\"item\":\"https:\\\/\\\/www.hidramakei.com.br\\\/\"},{\"@type\":\"ListItem\",\"position\":2,\"name\":\"Loja\",\"item\":\"https:\\\/\\\/www.hidramakei.com.br\\\/loja\\\/\"},{\"@type\":\"ListItem\",\"position\":3,\"name\":\"Aquecedor Individual Flex 8T Cardal 6.400W 220V AQ-250\\\/2\"}]},{\"@type\":\"WebSite\",\"@id\":\"https:\\\/\\\/www.hidramakei.com.br\\\/#website\",\"url\":\"https:\\\/\\\/www.hidramakei.com.br\\\/\",\"name\":\"Hidramakey Instala\u00e7\u00f5es El\u00e9tricas e Hidr\u00e1ulicas - Aquecedores e Duchas Cardal\",\"description\":\"Aquecedores - Cardal - Instala\u00e7\u00e3o e venda de aquecedores - Aquecedores a g\u00e1s - Venda e instala\u00e7\u00e3o de torneiras el\u00e9tricas - Torneiras el\u00e9tricas cardal - Manuten\u00e7\u00e3o de aquecedores - Duchas e chuveiros lorenzetti -  Reparos MVC - Aquecedores a g\u00e1s Komeco - Venda e instala\u00e7\u00e3o de aquecedores a g\u00e1s - Aquecedores a g\u00e1s lorenzetti - Ventiladores aliseu - Assist\u00eancia t\u00e9cnica cardal - Assist\u00eancia t\u00e9cnica lorenzetti - Misturadores e torneiras fabrimar- Perflex - Duchas para aquecimento a g\u00e1s - Ducol - F\u00e1brimar - Lorenzetti\",\"publisher\":{\"@id\":\"https:\\\/\\\/www.hidramakei.com.br\\\/#organization\"},\"alternateName\":\"Hidramakey Instala\u00e7\u00f5es El\u00e9tricas e Hidr\u00e1ulicas\",\"potentialAction\":[{\"@type\":\"SearchAction\",\"target\":{\"@type\":\"EntryPoint\",\"urlTemplate\":\"https:\\\/\\\/www.hidramakei.com.br\\\/?s={search_term_string}\"},\"query-input\":{\"@type\":\"PropertyValueSpecification\",\"valueRequired\":true,\"valueName\":\"search_term_string\"}}],\"inLanguage\":\"en-US\"},{\"@type\":\"Organization\",\"@id\":\"https:\\\/\\\/www.hidramakei.com.br\\\/#organization\",\"name\":\"Hidramakey Instala\u00e7\u00f5es El\u00e9tricas e Hidr\u00e1ulicas - Aquecedores e Duchas Cardal\",\"alternateName\":\"Hidramakey Instala\u00e7\u00f5es El\u00e9tricas e Hidr\u00e1ulicas\",\"url\":\"https:\\\/\\\/www.hidramakei.com.br\\\/\",\"logo\":{\"@type\":\"ImageObject\",\"inLanguage\":\"en-US\",\"@id\":\"https:\\\/\\\/www.hidramakei.com.br\\\/#\\\/schema\\\/logo\\\/image\\\/\",\"url\":\"https:\\\/\\\/www.hidramakei.com.br\\\/wp-content\\\/uploads\\\/2021\\\/02\\\/logo-novo.png\",\"contentUrl\":\"https:\\\/\\\/www.hidramakei.com.br\\\/wp-content\\\/uploads\\\/2021\\\/02\\\/logo-novo.png\",\"width\":222,\"height\":150,\"caption\":\"Hidramakey Instala\u00e7\u00f5es El\u00e9tricas e Hidr\u00e1ulicas - Aquecedores e Duchas Cardal\"},\"image\":{\"@id\":\"https:\\\/\\\/www.hidramakei.com.br\\\/#\\\/schema\\\/logo\\\/image\\\/\"}}]}<\/script>\n<!-- \/ Yoast SEO plugin. -->","yoast_head_json":{"title":"Aquecedor Individual Flex 8T Cardal 6.400W 220V AQ-250\/2 - Hidramakey - Aquecedores Cardal","description":"Aquecedor Individual Flex 8T Cardal 6.400W 220V AQ-250\/2 - Hidramakey - Aquecedores Cardal","robots":{"index":"index","follow":"follow","max-snippet":"max-snippet:-1","max-image-preview":"max-image-preview:large","max-video-preview":"max-video-preview:-1"},"canonical":"https:\/\/www.hidramakei.com.br\/en\/product\/aquecedor-individual-flex-8t-cardal-6-400w-220v-aq-250-2\/","og_locale":"en_US","og_type":"article","og_title":"Aquecedor Individual Flex 8T Cardal 6.400W 220V AQ-250\/2 - Hidramakey - Aquecedores Cardal","og_description":"Aquecedor Individual Flex 8T Cardal 6.400W 220V AQ-250\/2 - Hidramakey - Aquecedores Cardal","og_url":"https:\/\/www.hidramakei.com.br\/en\/product\/aquecedor-individual-flex-8t-cardal-6-400w-220v-aq-250-2\/","og_site_name":"Hidramakey - Aquecedores Cardal","article_modified_time":"2023-08-14T22:50:12+00:00","og_image":[{"width":755,"height":974,"url":"https:\/\/www.hidramakei.com.br\/wp-content\/uploads\/2023\/02\/Aquecedor-Individual-Flex-8T-Cardal-6.400W-220V-AQ-250-2.png","type":"image\/png"}],"twitter_card":"summary_large_image","twitter_misc":{"Est. reading time":"1 minute"},"schema":{"@context":"https:\/\/schema.org","@graph":[{"@type":"WebPage","@id":"https:\/\/www.hidramakei.com.br\/produto\/aquecedor-individual-flex-8t-cardal-6-400w-220v-aq-250-2\/","url":"https:\/\/www.hidramakei.com.br\/produto\/aquecedor-individual-flex-8t-cardal-6-400w-220v-aq-250-2\/","name":"Aquecedor Individual Flex 8T Cardal 6.400W 220V AQ-250\/2 - Hidramakey - Aquecedores Cardal","isPartOf":{"@id":"https:\/\/www.hidramakei.com.br\/#website"},"primaryImageOfPage":{"@id":"https:\/\/www.hidramakei.com.br\/produto\/aquecedor-individual-flex-8t-cardal-6-400w-220v-aq-250-2\/#primaryimage"},"image":{"@id":"https:\/\/www.hidramakei.com.br\/produto\/aquecedor-individual-flex-8t-cardal-6-400w-220v-aq-250-2\/#primaryimage"},"thumbnailUrl":"https:\/\/www.hidramakei.com.br\/wp-content\/uploads\/2023\/02\/Aquecedor-Individual-Flex-8T-Cardal-6.400W-220V-AQ-250-2.png","datePublished":"2023-02-25T19:15:46+00:00","dateModified":"2023-08-14T22:50:12+00:00","description":"Aquecedor Individual Flex 8T Cardal 6.400W 220V AQ-250\/2 - Hidramakey - Aquecedores Cardal","breadcrumb":{"@id":"https:\/\/www.hidramakei.com.br\/produto\/aquecedor-individual-flex-8t-cardal-6-400w-220v-aq-250-2\/#breadcrumb"},"inLanguage":"en-US","potentialAction":[{"@type":"ReadAction","target":["https:\/\/www.hidramakei.com.br\/produto\/aquecedor-individual-flex-8t-cardal-6-400w-220v-aq-250-2\/"]}]},{"@type":"ImageObject","inLanguage":"en-US","@id":"https:\/\/www.hidramakei.com.br\/produto\/aquecedor-individual-flex-8t-cardal-6-400w-220v-aq-250-2\/#primaryimage","url":"https:\/\/www.hidramakei.com.br\/wp-content\/uploads\/2023\/02\/Aquecedor-Individual-Flex-8T-Cardal-6.400W-220V-AQ-250-2.png","contentUrl":"https:\/\/www.hidramakei.com.br\/wp-content\/uploads\/2023\/02\/Aquecedor-Individual-Flex-8T-Cardal-6.400W-220V-AQ-250-2.png","width":755,"height":974},{"@type":"BreadcrumbList","@id":"https:\/\/www.hidramakei.com.br\/produto\/aquecedor-individual-flex-8t-cardal-6-400w-220v-aq-250-2\/#breadcrumb","itemListElement":[{"@type":"ListItem","position":1,"name":"In\u00edcio","item":"https:\/\/www.hidramakei.com.br\/"},{"@type":"ListItem","position":2,"name":"Loja","item":"https:\/\/www.hidramakei.com.br\/loja\/"},{"@type":"ListItem","position":3,"name":"Aquecedor Individual Flex 8T Cardal 6.400W 220V AQ-250\/2"}]},{"@type":"WebSite","@id":"https:\/\/www.hidramakei.com.br\/#website","url":"https:\/\/www.hidramakei.com.br\/","name":"Hidramakey Instala\u00e7\u00f5es El\u00e9tricas e Hidr\u00e1ulicas - Aquecedores e Duchas Cardal","description":"Aquecedores - Cardal - Instala\u00e7\u00e3o e venda de aquecedores - Aquecedores a g\u00e1s - Venda e instala\u00e7\u00e3o de torneiras el\u00e9tricas - Torneiras el\u00e9tricas cardal - Manuten\u00e7\u00e3o de aquecedores - Duchas e chuveiros lorenzetti -  Reparos MVC - Aquecedores a g\u00e1s Komeco - Venda e instala\u00e7\u00e3o de aquecedores a g\u00e1s - Aquecedores a g\u00e1s lorenzetti - Ventiladores aliseu - Assist\u00eancia t\u00e9cnica cardal - Assist\u00eancia t\u00e9cnica lorenzetti - Misturadores e torneiras fabrimar- Perflex - Duchas para aquecimento a g\u00e1s - Ducol - F\u00e1brimar - Lorenzetti","publisher":{"@id":"https:\/\/www.hidramakei.com.br\/#organization"},"alternateName":"Hidramakey Instala\u00e7\u00f5es El\u00e9tricas e Hidr\u00e1ulicas","potentialAction":[{"@type":"SearchAction","target":{"@type":"EntryPoint","urlTemplate":"https:\/\/www.hidramakei.com.br\/?s={search_term_string}"},"query-input":{"@type":"PropertyValueSpecification","valueRequired":true,"valueName":"search_term_string"}}],"inLanguage":"en-US"},{"@type":"Organization","@id":"https:\/\/www.hidramakei.com.br\/#organization","name":"Hidramakey Instala\u00e7\u00f5es El\u00e9tricas e Hidr\u00e1ulicas - Aquecedores e Duchas Cardal","alternateName":"Hidramakey Instala\u00e7\u00f5es El\u00e9tricas e Hidr\u00e1ulicas","url":"https:\/\/www.hidramakei.com.br\/","logo":{"@type":"ImageObject","inLanguage":"en-US","@id":"https:\/\/www.hidramakei.com.br\/#\/schema\/logo\/image\/","url":"https:\/\/www.hidramakei.com.br\/wp-content\/uploads\/2021\/02\/logo-novo.png","contentUrl":"https:\/\/www.hidramakei.com.br\/wp-content\/uploads\/2021\/02\/logo-novo.png","width":222,"height":150,"caption":"Hidramakey Instala\u00e7\u00f5es El\u00e9tricas e Hidr\u00e1ulicas - Aquecedores e Duchas Cardal"},"image":{"@id":"https:\/\/www.hidramakei.com.br\/#\/schema\/logo\/image\/"}}]}},"_links":{"self":[{"href":"https:\/\/www.hidramakei.com.br\/en\/wp-json\/wp\/v2\/product\/2138","targetHints":{"allow":["GET"]}}],"collection":[{"href":"https:\/\/www.hidramakei.com.br\/en\/wp-json\/wp\/v2\/product"}],"about":[{"href":"https:\/\/www.hidramakei.com.br\/en\/wp-json\/wp\/v2\/types\/product"}],"replies":[{"embeddable":true,"href":"https:\/\/www.hidramakei.com.br\/en\/wp-json\/wp\/v2\/comments?post=2138"}],"wp:featuredmedia":[{"embeddable":true,"href":"https:\/\/www.hidramakei.com.br\/en\/wp-json\/wp\/v2\/media\/2139"}],"wp:attachment":[{"href":"https:\/\/www.hidramakei.com.br\/en\/wp-json\/wp\/v2\/media?parent=2138"}],"wp:term":[{"taxonomy":"product_brand","embeddable":true,"href":"https:\/\/www.hidramakei.com.br\/en\/wp-json\/wp\/v2\/product_brand?post=2138"},{"taxonomy":"product_cat","embeddable":true,"href":"https:\/\/www.hidramakei.com.br\/en\/wp-json\/wp\/v2\/product_cat?post=2138"},{"taxonomy":"product_tag","embeddable":true,"href":"https:\/\/www.hidramakei.com.br\/en\/wp-json\/wp\/v2\/product_tag?post=2138"}],"curies":[{"name":"wp","href":"https:\/\/api.w.org\/{rel}","templated":true}]}}