{"id":2171,"date":"2023-02-27T15:12:22","date_gmt":"2023-02-27T18:12:22","guid":{"rendered":"https:\/\/www.hidramakei.com.br\/?post_type=product&#038;p=2171"},"modified":"2023-08-14T20:58:07","modified_gmt":"2023-08-14T23:58:07","slug":"bomba-d-agua-05hp-periferica-ferrari-acquapump-1-2cv-bivolt","status":"publish","type":"product","link":"https:\/\/www.hidramakei.com.br\/en\/bomba-d-agua-05hp-periferica-ferrari-acquapump-1-2cv-bivolt\/","title":{"rendered":"Bomba D agua 0,5HP perif\u00e9rica ferrari acquapump 1\/2cv bivolt"},"content":{"rendered":"<p>Vendemos e instalamos;<br \/>\nConsulte nos 11 <a href=\"https:\/\/api.whatsapp.com\/send?phone=5511997404004&amp;text=Ol\u00e1! Como posso lhe ajudar?\" target=\"_blank\" rel=\"noopener\">99740-4004<\/a><\/p>\n<p>Bomba D agua 0,5HP periferica ferrari acquapump<\/p>\n<p>Bomba D&#8217;\u00c1gua Perif\u00e9rica Acquapump 1\/2 cv<\/p>\n<p>Caracter\u00edsticas da Ferramenta<\/p>\n<p>Ideal para po\u00e7os, reservat\u00f3rios, rios e cisternas, no abastecimento de resid\u00eancias, Ind\u00fastrias e no campo.<\/p>\n<p>Benef\u00edcios:<\/p>\n<p>Motor (Em Alum\u00ednio) &#8211; Ip-44<br \/>\nMaior prote\u00e7\u00e3o ao equipamento e ao usu\u00e1rio.<br \/>\nBaixo n\u00edvel de ru\u00eddo<br \/>\nMaior comodidade.<br \/>\nCarca\u00e7a da bomba<br \/>\nEm ferro fundido, maior resist\u00eancia!<br \/>\nRotor em bronze<br \/>\nMaior resist\u00eancia mec\u00e2nica e elevada resist\u00eancia contra corros\u00e3o.<\/p>\n<p>Imagem Meramente Ilustrativa<\/p>\n<p>Dados T\u00e9cnicos bomba<br \/>\nVaz\u00e3o(Q): 1800 litros \/ hora<br \/>\nAltura manom\u00e9trica (m\u00e1x. ) Hm: 22 mca<br \/>\nPot\u00eancia: 375 Watts (1\/2 cv)<br \/>\nAltura de suc\u00e7\u00e3o (m\u00e1x. ) &#8211; Hs: 8 mca<br \/>\nEntrada\/Sa\u00edda (pol. ): 1<br \/>\nDimens\u00f5es da Embalagem: 280x 140x 175 mm<br \/>\nPeso: 4.0\/4.2 kg<br \/>\nAltura manom\u00e9trica (m\u00e1x) Hm: 22 mca<\/p>\n<div class=\"notranslate\" style=\"all: initial;\"><\/div>","protected":false},"excerpt":{"rendered":"<p>Vendemos e instalamos; Consulte nos 11 99740-4004 Bomba D agua 0,5HP periferica ferrari acquapump Bomba D&#8217;\u00c1gua Perif\u00e9rica Acquapump 1\/2 cv Caracter\u00edsticas da Ferramenta Ideal para po\u00e7os, reservat\u00f3rios, rios e cisternas, no abastecimento de resid\u00eancias, Ind\u00fastrias e no campo. Benef\u00edcios: Motor (Em Alum\u00ednio) &#8211; Ip-44 Maior prote\u00e7\u00e3o ao equipamento e ao usu\u00e1rio. Baixo n\u00edvel de ru\u00eddo [&hellip;]<\/p>\n","protected":false},"featured_media":2172,"comment_status":"open","ping_status":"closed","template":"","meta":{"_joinchat":[]},"product_brand":[],"product_cat":[313],"product_tag":[],"class_list":{"0":"post-2171","1":"product","2":"type-product","3":"status-publish","4":"has-post-thumbnail","6":"product_cat-bombas","8":"first","9":"instock","10":"shipping-taxable","11":"purchasable","12":"product-type-simple"},"yoast_head":"<!-- This site is optimized with the Yoast SEO plugin v27.6 - https:\/\/yoast.com\/product\/yoast-seo-wordpress\/ -->\n<title>Bomba D agua 0,5HP perif\u00e9rica ferrari acquapump 1\/2cv bivolt - Hidramakey - Aquecedores Cardal<\/title>\n<meta name=\"description\" content=\"Bomba D agua 0,5HP perif\u00e9rica ferrari acquapump 1\/2cv bivolt - Hidramakey - Aquecedores Cardal\" \/>\n<meta name=\"robots\" content=\"index, follow, max-snippet:-1, max-image-preview:large, max-video-preview:-1\" \/>\n<link rel=\"canonical\" href=\"https:\/\/www.hidramakei.com.br\/en\/product\/bomba-d-agua-05hp-periferica-ferrari-acquapump-1-2cv-bivolt\/\" \/>\n<meta property=\"og:locale\" content=\"en_US\" \/>\n<meta property=\"og:type\" content=\"article\" \/>\n<meta property=\"og:title\" content=\"Bomba D agua 0,5HP perif\u00e9rica ferrari acquapump 1\/2cv bivolt - Hidramakey - Aquecedores Cardal\" \/>\n<meta property=\"og:description\" content=\"Bomba D agua 0,5HP perif\u00e9rica ferrari acquapump 1\/2cv bivolt - Hidramakey - Aquecedores Cardal\" \/>\n<meta property=\"og:url\" content=\"https:\/\/www.hidramakei.com.br\/en\/product\/bomba-d-agua-05hp-periferica-ferrari-acquapump-1-2cv-bivolt\/\" \/>\n<meta property=\"og:site_name\" content=\"Hidramakey - Aquecedores Cardal\" \/>\n<meta property=\"article:modified_time\" content=\"2023-08-14T23:58:07+00:00\" \/>\n<meta property=\"og:image\" content=\"https:\/\/www.hidramakei.com.br\/wp-content\/uploads\/2023\/02\/5020566386_1-600x600-1.png\" \/>\n\t<meta property=\"og:image:width\" content=\"600\" \/>\n\t<meta property=\"og:image:height\" content=\"600\" \/>\n\t<meta property=\"og:image:type\" content=\"image\/png\" \/>\n<meta name=\"twitter:card\" content=\"summary_large_image\" \/>\n<meta name=\"twitter:label1\" content=\"Est. reading time\" \/>\n\t<meta name=\"twitter:data1\" content=\"1 minute\" \/>\n<script type=\"application\/ld+json\" class=\"yoast-schema-graph\">{\"@context\":\"https:\\\/\\\/schema.org\",\"@graph\":[{\"@type\":\"WebPage\",\"@id\":\"https:\\\/\\\/www.hidramakei.com.br\\\/produto\\\/bomba-d-agua-05hp-periferica-ferrari-acquapump-1-2cv-bivolt\\\/\",\"url\":\"https:\\\/\\\/www.hidramakei.com.br\\\/produto\\\/bomba-d-agua-05hp-periferica-ferrari-acquapump-1-2cv-bivolt\\\/\",\"name\":\"Bomba D agua 0,5HP perif\u00e9rica ferrari acquapump 1\\\/2cv bivolt - Hidramakey - Aquecedores Cardal\",\"isPartOf\":{\"@id\":\"https:\\\/\\\/www.hidramakei.com.br\\\/#website\"},\"primaryImageOfPage\":{\"@id\":\"https:\\\/\\\/www.hidramakei.com.br\\\/produto\\\/bomba-d-agua-05hp-periferica-ferrari-acquapump-1-2cv-bivolt\\\/#primaryimage\"},\"image\":{\"@id\":\"https:\\\/\\\/www.hidramakei.com.br\\\/produto\\\/bomba-d-agua-05hp-periferica-ferrari-acquapump-1-2cv-bivolt\\\/#primaryimage\"},\"thumbnailUrl\":\"https:\\\/\\\/www.hidramakei.com.br\\\/wp-content\\\/uploads\\\/2023\\\/02\\\/5020566386_1-600x600-1.png\",\"datePublished\":\"2023-02-27T18:12:22+00:00\",\"dateModified\":\"2023-08-14T23:58:07+00:00\",\"description\":\"Bomba D agua 0,5HP perif\u00e9rica ferrari acquapump 1\\\/2cv bivolt - Hidramakey - Aquecedores Cardal\",\"breadcrumb\":{\"@id\":\"https:\\\/\\\/www.hidramakei.com.br\\\/produto\\\/bomba-d-agua-05hp-periferica-ferrari-acquapump-1-2cv-bivolt\\\/#breadcrumb\"},\"inLanguage\":\"en-US\",\"potentialAction\":[{\"@type\":\"ReadAction\",\"target\":[\"https:\\\/\\\/www.hidramakei.com.br\\\/produto\\\/bomba-d-agua-05hp-periferica-ferrari-acquapump-1-2cv-bivolt\\\/\"]}]},{\"@type\":\"ImageObject\",\"inLanguage\":\"en-US\",\"@id\":\"https:\\\/\\\/www.hidramakei.com.br\\\/produto\\\/bomba-d-agua-05hp-periferica-ferrari-acquapump-1-2cv-bivolt\\\/#primaryimage\",\"url\":\"https:\\\/\\\/www.hidramakei.com.br\\\/wp-content\\\/uploads\\\/2023\\\/02\\\/5020566386_1-600x600-1.png\",\"contentUrl\":\"https:\\\/\\\/www.hidramakei.com.br\\\/wp-content\\\/uploads\\\/2023\\\/02\\\/5020566386_1-600x600-1.png\",\"width\":600,\"height\":600},{\"@type\":\"BreadcrumbList\",\"@id\":\"https:\\\/\\\/www.hidramakei.com.br\\\/produto\\\/bomba-d-agua-05hp-periferica-ferrari-acquapump-1-2cv-bivolt\\\/#breadcrumb\",\"itemListElement\":[{\"@type\":\"ListItem\",\"position\":1,\"name\":\"In\u00edcio\",\"item\":\"https:\\\/\\\/www.hidramakei.com.br\\\/\"},{\"@type\":\"ListItem\",\"position\":2,\"name\":\"Loja\",\"item\":\"https:\\\/\\\/www.hidramakei.com.br\\\/loja\\\/\"},{\"@type\":\"ListItem\",\"position\":3,\"name\":\"Bomba D agua 0,5HP perif\u00e9rica ferrari acquapump 1\\\/2cv bivolt\"}]},{\"@type\":\"WebSite\",\"@id\":\"https:\\\/\\\/www.hidramakei.com.br\\\/#website\",\"url\":\"https:\\\/\\\/www.hidramakei.com.br\\\/\",\"name\":\"Hidramakey Instala\u00e7\u00f5es El\u00e9tricas e Hidr\u00e1ulicas - Aquecedores e Duchas Cardal\",\"description\":\"Aquecedores - Cardal - Instala\u00e7\u00e3o e venda de aquecedores - Aquecedores a g\u00e1s - Venda e instala\u00e7\u00e3o de torneiras el\u00e9tricas - Torneiras el\u00e9tricas cardal - Manuten\u00e7\u00e3o de aquecedores - Duchas e chuveiros lorenzetti -  Reparos MVC - Aquecedores a g\u00e1s Komeco - Venda e instala\u00e7\u00e3o de aquecedores a g\u00e1s - Aquecedores a g\u00e1s lorenzetti - Ventiladores aliseu - Assist\u00eancia t\u00e9cnica cardal - Assist\u00eancia t\u00e9cnica lorenzetti - Misturadores e torneiras fabrimar- Perflex - Duchas para aquecimento a g\u00e1s - Ducol - F\u00e1brimar - Lorenzetti\",\"publisher\":{\"@id\":\"https:\\\/\\\/www.hidramakei.com.br\\\/#organization\"},\"alternateName\":\"Hidramakey Instala\u00e7\u00f5es El\u00e9tricas e Hidr\u00e1ulicas\",\"potentialAction\":[{\"@type\":\"SearchAction\",\"target\":{\"@type\":\"EntryPoint\",\"urlTemplate\":\"https:\\\/\\\/www.hidramakei.com.br\\\/?s={search_term_string}\"},\"query-input\":{\"@type\":\"PropertyValueSpecification\",\"valueRequired\":true,\"valueName\":\"search_term_string\"}}],\"inLanguage\":\"en-US\"},{\"@type\":\"Organization\",\"@id\":\"https:\\\/\\\/www.hidramakei.com.br\\\/#organization\",\"name\":\"Hidramakey Instala\u00e7\u00f5es El\u00e9tricas e Hidr\u00e1ulicas - Aquecedores e Duchas Cardal\",\"alternateName\":\"Hidramakey Instala\u00e7\u00f5es El\u00e9tricas e Hidr\u00e1ulicas\",\"url\":\"https:\\\/\\\/www.hidramakei.com.br\\\/\",\"logo\":{\"@type\":\"ImageObject\",\"inLanguage\":\"en-US\",\"@id\":\"https:\\\/\\\/www.hidramakei.com.br\\\/#\\\/schema\\\/logo\\\/image\\\/\",\"url\":\"https:\\\/\\\/www.hidramakei.com.br\\\/wp-content\\\/uploads\\\/2021\\\/02\\\/logo-novo.png\",\"contentUrl\":\"https:\\\/\\\/www.hidramakei.com.br\\\/wp-content\\\/uploads\\\/2021\\\/02\\\/logo-novo.png\",\"width\":222,\"height\":150,\"caption\":\"Hidramakey Instala\u00e7\u00f5es El\u00e9tricas e Hidr\u00e1ulicas - Aquecedores e Duchas Cardal\"},\"image\":{\"@id\":\"https:\\\/\\\/www.hidramakei.com.br\\\/#\\\/schema\\\/logo\\\/image\\\/\"}}]}<\/script>\n<!-- \/ Yoast SEO plugin. -->","yoast_head_json":{"title":"Bomba D agua 0,5HP perif\u00e9rica ferrari acquapump 1\/2cv bivolt - Hidramakey - Aquecedores Cardal","description":"Bomba D agua 0,5HP perif\u00e9rica ferrari acquapump 1\/2cv bivolt - Hidramakey - Aquecedores Cardal","robots":{"index":"index","follow":"follow","max-snippet":"max-snippet:-1","max-image-preview":"max-image-preview:large","max-video-preview":"max-video-preview:-1"},"canonical":"https:\/\/www.hidramakei.com.br\/en\/product\/bomba-d-agua-05hp-periferica-ferrari-acquapump-1-2cv-bivolt\/","og_locale":"en_US","og_type":"article","og_title":"Bomba D agua 0,5HP perif\u00e9rica ferrari acquapump 1\/2cv bivolt - Hidramakey - Aquecedores Cardal","og_description":"Bomba D agua 0,5HP perif\u00e9rica ferrari acquapump 1\/2cv bivolt - Hidramakey - Aquecedores Cardal","og_url":"https:\/\/www.hidramakei.com.br\/en\/product\/bomba-d-agua-05hp-periferica-ferrari-acquapump-1-2cv-bivolt\/","og_site_name":"Hidramakey - Aquecedores Cardal","article_modified_time":"2023-08-14T23:58:07+00:00","og_image":[{"width":600,"height":600,"url":"https:\/\/www.hidramakei.com.br\/wp-content\/uploads\/2023\/02\/5020566386_1-600x600-1.png","type":"image\/png"}],"twitter_card":"summary_large_image","twitter_misc":{"Est. reading time":"1 minute"},"schema":{"@context":"https:\/\/schema.org","@graph":[{"@type":"WebPage","@id":"https:\/\/www.hidramakei.com.br\/produto\/bomba-d-agua-05hp-periferica-ferrari-acquapump-1-2cv-bivolt\/","url":"https:\/\/www.hidramakei.com.br\/produto\/bomba-d-agua-05hp-periferica-ferrari-acquapump-1-2cv-bivolt\/","name":"Bomba D agua 0,5HP perif\u00e9rica ferrari acquapump 1\/2cv bivolt - Hidramakey - Aquecedores Cardal","isPartOf":{"@id":"https:\/\/www.hidramakei.com.br\/#website"},"primaryImageOfPage":{"@id":"https:\/\/www.hidramakei.com.br\/produto\/bomba-d-agua-05hp-periferica-ferrari-acquapump-1-2cv-bivolt\/#primaryimage"},"image":{"@id":"https:\/\/www.hidramakei.com.br\/produto\/bomba-d-agua-05hp-periferica-ferrari-acquapump-1-2cv-bivolt\/#primaryimage"},"thumbnailUrl":"https:\/\/www.hidramakei.com.br\/wp-content\/uploads\/2023\/02\/5020566386_1-600x600-1.png","datePublished":"2023-02-27T18:12:22+00:00","dateModified":"2023-08-14T23:58:07+00:00","description":"Bomba D agua 0,5HP perif\u00e9rica ferrari acquapump 1\/2cv bivolt - Hidramakey - Aquecedores Cardal","breadcrumb":{"@id":"https:\/\/www.hidramakei.com.br\/produto\/bomba-d-agua-05hp-periferica-ferrari-acquapump-1-2cv-bivolt\/#breadcrumb"},"inLanguage":"en-US","potentialAction":[{"@type":"ReadAction","target":["https:\/\/www.hidramakei.com.br\/produto\/bomba-d-agua-05hp-periferica-ferrari-acquapump-1-2cv-bivolt\/"]}]},{"@type":"ImageObject","inLanguage":"en-US","@id":"https:\/\/www.hidramakei.com.br\/produto\/bomba-d-agua-05hp-periferica-ferrari-acquapump-1-2cv-bivolt\/#primaryimage","url":"https:\/\/www.hidramakei.com.br\/wp-content\/uploads\/2023\/02\/5020566386_1-600x600-1.png","contentUrl":"https:\/\/www.hidramakei.com.br\/wp-content\/uploads\/2023\/02\/5020566386_1-600x600-1.png","width":600,"height":600},{"@type":"BreadcrumbList","@id":"https:\/\/www.hidramakei.com.br\/produto\/bomba-d-agua-05hp-periferica-ferrari-acquapump-1-2cv-bivolt\/#breadcrumb","itemListElement":[{"@type":"ListItem","position":1,"name":"In\u00edcio","item":"https:\/\/www.hidramakei.com.br\/"},{"@type":"ListItem","position":2,"name":"Loja","item":"https:\/\/www.hidramakei.com.br\/loja\/"},{"@type":"ListItem","position":3,"name":"Bomba D agua 0,5HP perif\u00e9rica ferrari acquapump 1\/2cv bivolt"}]},{"@type":"WebSite","@id":"https:\/\/www.hidramakei.com.br\/#website","url":"https:\/\/www.hidramakei.com.br\/","name":"Hidramakey Instala\u00e7\u00f5es El\u00e9tricas e Hidr\u00e1ulicas - Aquecedores e Duchas Cardal","description":"Aquecedores - Cardal - Instala\u00e7\u00e3o e venda de aquecedores - Aquecedores a g\u00e1s - Venda e instala\u00e7\u00e3o de torneiras el\u00e9tricas - Torneiras el\u00e9tricas cardal - Manuten\u00e7\u00e3o de aquecedores - Duchas e chuveiros lorenzetti -  Reparos MVC - Aquecedores a g\u00e1s Komeco - Venda e instala\u00e7\u00e3o de aquecedores a g\u00e1s - Aquecedores a g\u00e1s lorenzetti - Ventiladores aliseu - Assist\u00eancia t\u00e9cnica cardal - Assist\u00eancia t\u00e9cnica lorenzetti - Misturadores e torneiras fabrimar- Perflex - Duchas para aquecimento a g\u00e1s - Ducol - F\u00e1brimar - Lorenzetti","publisher":{"@id":"https:\/\/www.hidramakei.com.br\/#organization"},"alternateName":"Hidramakey Instala\u00e7\u00f5es El\u00e9tricas e Hidr\u00e1ulicas","potentialAction":[{"@type":"SearchAction","target":{"@type":"EntryPoint","urlTemplate":"https:\/\/www.hidramakei.com.br\/?s={search_term_string}"},"query-input":{"@type":"PropertyValueSpecification","valueRequired":true,"valueName":"search_term_string"}}],"inLanguage":"en-US"},{"@type":"Organization","@id":"https:\/\/www.hidramakei.com.br\/#organization","name":"Hidramakey Instala\u00e7\u00f5es El\u00e9tricas e Hidr\u00e1ulicas - Aquecedores e Duchas Cardal","alternateName":"Hidramakey Instala\u00e7\u00f5es El\u00e9tricas e Hidr\u00e1ulicas","url":"https:\/\/www.hidramakei.com.br\/","logo":{"@type":"ImageObject","inLanguage":"en-US","@id":"https:\/\/www.hidramakei.com.br\/#\/schema\/logo\/image\/","url":"https:\/\/www.hidramakei.com.br\/wp-content\/uploads\/2021\/02\/logo-novo.png","contentUrl":"https:\/\/www.hidramakei.com.br\/wp-content\/uploads\/2021\/02\/logo-novo.png","width":222,"height":150,"caption":"Hidramakey Instala\u00e7\u00f5es El\u00e9tricas e Hidr\u00e1ulicas - Aquecedores e Duchas Cardal"},"image":{"@id":"https:\/\/www.hidramakei.com.br\/#\/schema\/logo\/image\/"}}]}},"_links":{"self":[{"href":"https:\/\/www.hidramakei.com.br\/en\/wp-json\/wp\/v2\/product\/2171","targetHints":{"allow":["GET"]}}],"collection":[{"href":"https:\/\/www.hidramakei.com.br\/en\/wp-json\/wp\/v2\/product"}],"about":[{"href":"https:\/\/www.hidramakei.com.br\/en\/wp-json\/wp\/v2\/types\/product"}],"replies":[{"embeddable":true,"href":"https:\/\/www.hidramakei.com.br\/en\/wp-json\/wp\/v2\/comments?post=2171"}],"wp:featuredmedia":[{"embeddable":true,"href":"https:\/\/www.hidramakei.com.br\/en\/wp-json\/wp\/v2\/media\/2172"}],"wp:attachment":[{"href":"https:\/\/www.hidramakei.com.br\/en\/wp-json\/wp\/v2\/media?parent=2171"}],"wp:term":[{"taxonomy":"product_brand","embeddable":true,"href":"https:\/\/www.hidramakei.com.br\/en\/wp-json\/wp\/v2\/product_brand?post=2171"},{"taxonomy":"product_cat","embeddable":true,"href":"https:\/\/www.hidramakei.com.br\/en\/wp-json\/wp\/v2\/product_cat?post=2171"},{"taxonomy":"product_tag","embeddable":true,"href":"https:\/\/www.hidramakei.com.br\/en\/wp-json\/wp\/v2\/product_tag?post=2171"}],"curies":[{"name":"wp","href":"https:\/\/api.w.org\/{rel}","templated":true}]}}