{"id":2192,"date":"2023-02-27T15:36:42","date_gmt":"2023-02-27T18:36:42","guid":{"rendered":"https:\/\/www.hidramakei.com.br\/?post_type=product&#038;p=2192"},"modified":"2023-08-14T19:42:38","modified_gmt":"2023-08-14T22:42:38","slug":"duo-shower-eletronica-e-turbo-lozenzetti","status":"publish","type":"product","link":"https:\/\/www.hidramakei.com.br\/en\/duo-shower-eletronica-e-turbo-lozenzetti\/","title":{"rendered":"Duo Shower eletr\u00f4nica e turbo Lozenzetti"},"content":{"rendered":"<p>A Duo Shower Turbo da Lorenzetti \u00e9 produto com um banho de design e tecnologia. Mistura de linhas flu\u00eddas com espalhador ultra-fino e de alta tecnologia v\u00e3o te fazer ter um banho \u00fanico e inesquec\u00edvel. Chuveiro com &#8220;grande espalhador&#8221;, que significa \u00e1gua para todo o corpo, ou a ducha com o jato concentrado, direcion\u00e1vel e mais forte, para aquele banho relaxante, ou seja, ducha e chuveiro em um s\u00f3 produto. E nessa vers\u00e3o, ela possui o turbo, que \u00e9 um pressurizador para as resid\u00eancias com pouca press\u00e3o de \u00e1gua (tamb\u00e9m chamados de chuveiros pressurizados). Uma op\u00e7\u00e3o exclusiva, inteligente e eficaz.<\/p>","protected":false},"excerpt":{"rendered":"<p>A Duo Shower Turbo da Lorenzetti \u00e9 produto com um banho de design e tecnologia.<br \/>\nCor: Branco<\/p>","protected":false},"featured_media":2193,"comment_status":"open","ping_status":"closed","template":"","meta":{"_joinchat":[]},"product_brand":[],"product_cat":[314,316],"product_tag":[],"class_list":{"0":"post-2192","1":"product","2":"type-product","3":"status-publish","4":"has-post-thumbnail","6":"product_cat-duchas-chuveiros","7":"product_cat-ofertas","9":"first","10":"instock","11":"sale","12":"shipping-taxable","13":"purchasable","14":"product-type-simple"},"yoast_head":"<!-- This site is optimized with the Yoast SEO plugin v27.3 - https:\/\/yoast.com\/product\/yoast-seo-wordpress\/ -->\n<title>Duo Shower eletr\u00f4nica e turbo Lozenzetti - Hidramakey - Aquecedores Cardal<\/title>\n<meta name=\"description\" content=\"Duo Shower eletr\u00f4nica e turbo Lozenzetti - Hidramakey - Aquecedores Cardal\" \/>\n<meta name=\"robots\" content=\"index, follow, max-snippet:-1, max-image-preview:large, max-video-preview:-1\" \/>\n<link rel=\"canonical\" href=\"https:\/\/www.hidramakei.com.br\/en\/product\/duo-shower-eletronica-e-turbo-lozenzetti\/\" \/>\n<meta property=\"og:locale\" content=\"en_US\" \/>\n<meta property=\"og:type\" content=\"article\" \/>\n<meta property=\"og:title\" content=\"Duo Shower eletr\u00f4nica e turbo Lozenzetti - Hidramakey - Aquecedores Cardal\" \/>\n<meta property=\"og:description\" content=\"Duo Shower eletr\u00f4nica e turbo Lozenzetti - Hidramakey - Aquecedores Cardal\" \/>\n<meta property=\"og:url\" content=\"https:\/\/www.hidramakei.com.br\/en\/product\/duo-shower-eletronica-e-turbo-lozenzetti\/\" \/>\n<meta property=\"og:site_name\" content=\"Hidramakey - Aquecedores Cardal\" \/>\n<meta property=\"article:modified_time\" content=\"2023-08-14T22:42:38+00:00\" \/>\n<meta property=\"og:image\" content=\"https:\/\/www.hidramakei.com.br\/wp-content\/uploads\/2023\/02\/79d3c8ad4c1eae7fba4377c515bfbf25.png\" \/>\n\t<meta property=\"og:image:width\" content=\"545\" \/>\n\t<meta property=\"og:image:height\" content=\"560\" \/>\n\t<meta property=\"og:image:type\" content=\"image\/png\" \/>\n<meta name=\"twitter:card\" content=\"summary_large_image\" \/>\n<meta name=\"twitter:label1\" content=\"Est. reading time\" \/>\n\t<meta name=\"twitter:data1\" content=\"1 minute\" \/>\n<script type=\"application\/ld+json\" class=\"yoast-schema-graph\">{\"@context\":\"https:\\\/\\\/schema.org\",\"@graph\":[{\"@type\":\"WebPage\",\"@id\":\"https:\\\/\\\/www.hidramakei.com.br\\\/produto\\\/duo-shower-eletronica-e-turbo-lozenzetti\\\/\",\"url\":\"https:\\\/\\\/www.hidramakei.com.br\\\/produto\\\/duo-shower-eletronica-e-turbo-lozenzetti\\\/\",\"name\":\"Duo Shower eletr\u00f4nica e turbo Lozenzetti - Hidramakey - Aquecedores Cardal\",\"isPartOf\":{\"@id\":\"https:\\\/\\\/www.hidramakei.com.br\\\/#website\"},\"primaryImageOfPage\":{\"@id\":\"https:\\\/\\\/www.hidramakei.com.br\\\/produto\\\/duo-shower-eletronica-e-turbo-lozenzetti\\\/#primaryimage\"},\"image\":{\"@id\":\"https:\\\/\\\/www.hidramakei.com.br\\\/produto\\\/duo-shower-eletronica-e-turbo-lozenzetti\\\/#primaryimage\"},\"thumbnailUrl\":\"https:\\\/\\\/www.hidramakei.com.br\\\/wp-content\\\/uploads\\\/2023\\\/02\\\/79d3c8ad4c1eae7fba4377c515bfbf25.png\",\"datePublished\":\"2023-02-27T18:36:42+00:00\",\"dateModified\":\"2023-08-14T22:42:38+00:00\",\"description\":\"Duo Shower eletr\u00f4nica e turbo Lozenzetti - Hidramakey - Aquecedores Cardal\",\"breadcrumb\":{\"@id\":\"https:\\\/\\\/www.hidramakei.com.br\\\/produto\\\/duo-shower-eletronica-e-turbo-lozenzetti\\\/#breadcrumb\"},\"inLanguage\":\"en-US\",\"potentialAction\":[{\"@type\":\"ReadAction\",\"target\":[\"https:\\\/\\\/www.hidramakei.com.br\\\/produto\\\/duo-shower-eletronica-e-turbo-lozenzetti\\\/\"]}]},{\"@type\":\"ImageObject\",\"inLanguage\":\"en-US\",\"@id\":\"https:\\\/\\\/www.hidramakei.com.br\\\/produto\\\/duo-shower-eletronica-e-turbo-lozenzetti\\\/#primaryimage\",\"url\":\"https:\\\/\\\/www.hidramakei.com.br\\\/wp-content\\\/uploads\\\/2023\\\/02\\\/79d3c8ad4c1eae7fba4377c515bfbf25.png\",\"contentUrl\":\"https:\\\/\\\/www.hidramakei.com.br\\\/wp-content\\\/uploads\\\/2023\\\/02\\\/79d3c8ad4c1eae7fba4377c515bfbf25.png\",\"width\":545,\"height\":560},{\"@type\":\"BreadcrumbList\",\"@id\":\"https:\\\/\\\/www.hidramakei.com.br\\\/produto\\\/duo-shower-eletronica-e-turbo-lozenzetti\\\/#breadcrumb\",\"itemListElement\":[{\"@type\":\"ListItem\",\"position\":1,\"name\":\"In\u00edcio\",\"item\":\"https:\\\/\\\/www.hidramakei.com.br\\\/\"},{\"@type\":\"ListItem\",\"position\":2,\"name\":\"Loja\",\"item\":\"https:\\\/\\\/www.hidramakei.com.br\\\/loja\\\/\"},{\"@type\":\"ListItem\",\"position\":3,\"name\":\"Duo Shower eletr\u00f4nica e turbo Lozenzetti\"}]},{\"@type\":\"WebSite\",\"@id\":\"https:\\\/\\\/www.hidramakei.com.br\\\/#website\",\"url\":\"https:\\\/\\\/www.hidramakei.com.br\\\/\",\"name\":\"Hidramakey Instala\u00e7\u00f5es El\u00e9tricas e Hidr\u00e1ulicas - Aquecedores e Duchas Cardal\",\"description\":\"Aquecedores - Cardal - Instala\u00e7\u00e3o e venda de aquecedores - Aquecedores a g\u00e1s - Venda e instala\u00e7\u00e3o de torneiras el\u00e9tricas - Torneiras el\u00e9tricas cardal - Manuten\u00e7\u00e3o de aquecedores - Duchas e chuveiros lorenzetti -  Reparos MVC - Aquecedores a g\u00e1s Komeco - Venda e instala\u00e7\u00e3o de aquecedores a g\u00e1s - Aquecedores a g\u00e1s lorenzetti - Ventiladores aliseu - Assist\u00eancia t\u00e9cnica cardal - Assist\u00eancia t\u00e9cnica lorenzetti - Misturadores e torneiras fabrimar- Perflex - Duchas para aquecimento a g\u00e1s - Ducol - F\u00e1brimar - Lorenzetti\",\"publisher\":{\"@id\":\"https:\\\/\\\/www.hidramakei.com.br\\\/#organization\"},\"alternateName\":\"Hidramakey Instala\u00e7\u00f5es El\u00e9tricas e Hidr\u00e1ulicas\",\"potentialAction\":[{\"@type\":\"SearchAction\",\"target\":{\"@type\":\"EntryPoint\",\"urlTemplate\":\"https:\\\/\\\/www.hidramakei.com.br\\\/?s={search_term_string}\"},\"query-input\":{\"@type\":\"PropertyValueSpecification\",\"valueRequired\":true,\"valueName\":\"search_term_string\"}}],\"inLanguage\":\"en-US\"},{\"@type\":\"Organization\",\"@id\":\"https:\\\/\\\/www.hidramakei.com.br\\\/#organization\",\"name\":\"Hidramakey Instala\u00e7\u00f5es El\u00e9tricas e Hidr\u00e1ulicas - Aquecedores e Duchas Cardal\",\"alternateName\":\"Hidramakey Instala\u00e7\u00f5es El\u00e9tricas e Hidr\u00e1ulicas\",\"url\":\"https:\\\/\\\/www.hidramakei.com.br\\\/\",\"logo\":{\"@type\":\"ImageObject\",\"inLanguage\":\"en-US\",\"@id\":\"https:\\\/\\\/www.hidramakei.com.br\\\/#\\\/schema\\\/logo\\\/image\\\/\",\"url\":\"https:\\\/\\\/www.hidramakei.com.br\\\/wp-content\\\/uploads\\\/2021\\\/02\\\/logo-novo.png\",\"contentUrl\":\"https:\\\/\\\/www.hidramakei.com.br\\\/wp-content\\\/uploads\\\/2021\\\/02\\\/logo-novo.png\",\"width\":222,\"height\":150,\"caption\":\"Hidramakey Instala\u00e7\u00f5es El\u00e9tricas e Hidr\u00e1ulicas - Aquecedores e Duchas Cardal\"},\"image\":{\"@id\":\"https:\\\/\\\/www.hidramakei.com.br\\\/#\\\/schema\\\/logo\\\/image\\\/\"}}]}<\/script>\n<!-- \/ Yoast SEO plugin. -->","yoast_head_json":{"title":"Duo Shower eletr\u00f4nica e turbo Lozenzetti - Hidramakey - Aquecedores Cardal","description":"Duo Shower eletr\u00f4nica e turbo Lozenzetti - Hidramakey - Aquecedores Cardal","robots":{"index":"index","follow":"follow","max-snippet":"max-snippet:-1","max-image-preview":"max-image-preview:large","max-video-preview":"max-video-preview:-1"},"canonical":"https:\/\/www.hidramakei.com.br\/en\/product\/duo-shower-eletronica-e-turbo-lozenzetti\/","og_locale":"en_US","og_type":"article","og_title":"Duo Shower eletr\u00f4nica e turbo Lozenzetti - Hidramakey - Aquecedores Cardal","og_description":"Duo Shower eletr\u00f4nica e turbo Lozenzetti - Hidramakey - Aquecedores Cardal","og_url":"https:\/\/www.hidramakei.com.br\/en\/product\/duo-shower-eletronica-e-turbo-lozenzetti\/","og_site_name":"Hidramakey - Aquecedores Cardal","article_modified_time":"2023-08-14T22:42:38+00:00","og_image":[{"width":545,"height":560,"url":"https:\/\/www.hidramakei.com.br\/wp-content\/uploads\/2023\/02\/79d3c8ad4c1eae7fba4377c515bfbf25.png","type":"image\/png"}],"twitter_card":"summary_large_image","twitter_misc":{"Est. reading time":"1 minute"},"schema":{"@context":"https:\/\/schema.org","@graph":[{"@type":"WebPage","@id":"https:\/\/www.hidramakei.com.br\/produto\/duo-shower-eletronica-e-turbo-lozenzetti\/","url":"https:\/\/www.hidramakei.com.br\/produto\/duo-shower-eletronica-e-turbo-lozenzetti\/","name":"Duo Shower eletr\u00f4nica e turbo Lozenzetti - Hidramakey - Aquecedores Cardal","isPartOf":{"@id":"https:\/\/www.hidramakei.com.br\/#website"},"primaryImageOfPage":{"@id":"https:\/\/www.hidramakei.com.br\/produto\/duo-shower-eletronica-e-turbo-lozenzetti\/#primaryimage"},"image":{"@id":"https:\/\/www.hidramakei.com.br\/produto\/duo-shower-eletronica-e-turbo-lozenzetti\/#primaryimage"},"thumbnailUrl":"https:\/\/www.hidramakei.com.br\/wp-content\/uploads\/2023\/02\/79d3c8ad4c1eae7fba4377c515bfbf25.png","datePublished":"2023-02-27T18:36:42+00:00","dateModified":"2023-08-14T22:42:38+00:00","description":"Duo Shower eletr\u00f4nica e turbo Lozenzetti - Hidramakey - Aquecedores Cardal","breadcrumb":{"@id":"https:\/\/www.hidramakei.com.br\/produto\/duo-shower-eletronica-e-turbo-lozenzetti\/#breadcrumb"},"inLanguage":"en-US","potentialAction":[{"@type":"ReadAction","target":["https:\/\/www.hidramakei.com.br\/produto\/duo-shower-eletronica-e-turbo-lozenzetti\/"]}]},{"@type":"ImageObject","inLanguage":"en-US","@id":"https:\/\/www.hidramakei.com.br\/produto\/duo-shower-eletronica-e-turbo-lozenzetti\/#primaryimage","url":"https:\/\/www.hidramakei.com.br\/wp-content\/uploads\/2023\/02\/79d3c8ad4c1eae7fba4377c515bfbf25.png","contentUrl":"https:\/\/www.hidramakei.com.br\/wp-content\/uploads\/2023\/02\/79d3c8ad4c1eae7fba4377c515bfbf25.png","width":545,"height":560},{"@type":"BreadcrumbList","@id":"https:\/\/www.hidramakei.com.br\/produto\/duo-shower-eletronica-e-turbo-lozenzetti\/#breadcrumb","itemListElement":[{"@type":"ListItem","position":1,"name":"In\u00edcio","item":"https:\/\/www.hidramakei.com.br\/"},{"@type":"ListItem","position":2,"name":"Loja","item":"https:\/\/www.hidramakei.com.br\/loja\/"},{"@type":"ListItem","position":3,"name":"Duo Shower eletr\u00f4nica e turbo Lozenzetti"}]},{"@type":"WebSite","@id":"https:\/\/www.hidramakei.com.br\/#website","url":"https:\/\/www.hidramakei.com.br\/","name":"Hidramakey Instala\u00e7\u00f5es El\u00e9tricas e Hidr\u00e1ulicas - Aquecedores e Duchas Cardal","description":"Aquecedores - Cardal - Instala\u00e7\u00e3o e venda de aquecedores - Aquecedores a g\u00e1s - Venda e instala\u00e7\u00e3o de torneiras el\u00e9tricas - Torneiras el\u00e9tricas cardal - Manuten\u00e7\u00e3o de aquecedores - Duchas e chuveiros lorenzetti -  Reparos MVC - Aquecedores a g\u00e1s Komeco - Venda e instala\u00e7\u00e3o de aquecedores a g\u00e1s - Aquecedores a g\u00e1s lorenzetti - Ventiladores aliseu - Assist\u00eancia t\u00e9cnica cardal - Assist\u00eancia t\u00e9cnica lorenzetti - Misturadores e torneiras fabrimar- Perflex - Duchas para aquecimento a g\u00e1s - Ducol - F\u00e1brimar - Lorenzetti","publisher":{"@id":"https:\/\/www.hidramakei.com.br\/#organization"},"alternateName":"Hidramakey Instala\u00e7\u00f5es El\u00e9tricas e Hidr\u00e1ulicas","potentialAction":[{"@type":"SearchAction","target":{"@type":"EntryPoint","urlTemplate":"https:\/\/www.hidramakei.com.br\/?s={search_term_string}"},"query-input":{"@type":"PropertyValueSpecification","valueRequired":true,"valueName":"search_term_string"}}],"inLanguage":"en-US"},{"@type":"Organization","@id":"https:\/\/www.hidramakei.com.br\/#organization","name":"Hidramakey Instala\u00e7\u00f5es El\u00e9tricas e Hidr\u00e1ulicas - Aquecedores e Duchas Cardal","alternateName":"Hidramakey Instala\u00e7\u00f5es El\u00e9tricas e Hidr\u00e1ulicas","url":"https:\/\/www.hidramakei.com.br\/","logo":{"@type":"ImageObject","inLanguage":"en-US","@id":"https:\/\/www.hidramakei.com.br\/#\/schema\/logo\/image\/","url":"https:\/\/www.hidramakei.com.br\/wp-content\/uploads\/2021\/02\/logo-novo.png","contentUrl":"https:\/\/www.hidramakei.com.br\/wp-content\/uploads\/2021\/02\/logo-novo.png","width":222,"height":150,"caption":"Hidramakey Instala\u00e7\u00f5es El\u00e9tricas e Hidr\u00e1ulicas - Aquecedores e Duchas Cardal"},"image":{"@id":"https:\/\/www.hidramakei.com.br\/#\/schema\/logo\/image\/"}}]}},"_links":{"self":[{"href":"https:\/\/www.hidramakei.com.br\/en\/wp-json\/wp\/v2\/product\/2192","targetHints":{"allow":["GET"]}}],"collection":[{"href":"https:\/\/www.hidramakei.com.br\/en\/wp-json\/wp\/v2\/product"}],"about":[{"href":"https:\/\/www.hidramakei.com.br\/en\/wp-json\/wp\/v2\/types\/product"}],"replies":[{"embeddable":true,"href":"https:\/\/www.hidramakei.com.br\/en\/wp-json\/wp\/v2\/comments?post=2192"}],"wp:featuredmedia":[{"embeddable":true,"href":"https:\/\/www.hidramakei.com.br\/en\/wp-json\/wp\/v2\/media\/2193"}],"wp:attachment":[{"href":"https:\/\/www.hidramakei.com.br\/en\/wp-json\/wp\/v2\/media?parent=2192"}],"wp:term":[{"taxonomy":"product_brand","embeddable":true,"href":"https:\/\/www.hidramakei.com.br\/en\/wp-json\/wp\/v2\/product_brand?post=2192"},{"taxonomy":"product_cat","embeddable":true,"href":"https:\/\/www.hidramakei.com.br\/en\/wp-json\/wp\/v2\/product_cat?post=2192"},{"taxonomy":"product_tag","embeddable":true,"href":"https:\/\/www.hidramakei.com.br\/en\/wp-json\/wp\/v2\/product_tag?post=2192"}],"curies":[{"name":"wp","href":"https:\/\/api.w.org\/{rel}","templated":true}]}}