{"id":2225,"date":"2023-02-27T16:06:00","date_gmt":"2023-02-27T19:06:00","guid":{"rendered":"https:\/\/www.hidramakei.com.br\/?post_type=product&#038;p=2225"},"modified":"2023-08-14T19:36:32","modified_gmt":"2023-08-14T22:36:32","slug":"chuveiro-eletrico-potenza-pressurizada-cromado-7800w-220v-cardal-aq036-2","status":"publish","type":"product","link":"https:\/\/www.hidramakei.com.br\/en\/chuveiro-eletrico-potenza-pressurizada-cromado-7800w-220v-cardal-aq036-2\/","title":{"rendered":"Chuveiro El\u00e9trico Potenza Pressurizada Cromado 7800W 220V Cardal AQ036\/2"},"content":{"rendered":"<p>Chuveiro com Pressurizador Multitemperatura 220V 7800W Cromado Potenza Cardal<\/p>\n<p>Cromado &#8211; Brilhante<\/p>\n<p>Marca Cardal<br \/>\nTipo do Chuveiro com Pressurizador<br \/>\nControle de Temperatura do Chuveiro Multitemperatura<br \/>\nTens\u00e3o El\u00e9trica 220V<br \/>\nClasse de Efici\u00eancia Energ\u00e9tica f<br \/>\nConsumo de Energia El\u00e9trica 31,8 KWh\/m\u00eas<br \/>\nAprovado pelo Inmetro Sim<br \/>\nCertifica\u00e7\u00e3o do Inmetro RES002 &#8211; aaq<br \/>\nPot\u00eancia 7800 w<br \/>\nQuantidade de Temperaturas 4 Temperaturas<br \/>\nPress\u00e3o Indicada Baixa Press\u00e3o<br \/>\nPress\u00e3o de Funcionamento M\u00ednima 1 mca<br \/>\nPress\u00e3o de Funcionamento M\u00e1xima 40 mca<br \/>\nAcompanha Pressurizador Interno Sim<br \/>\nFixa\u00e7\u00e3o do Chuveiro Direto na Parede<br \/>\nPossui Resist\u00eancia Blindada N\u00e3o<br \/>\nDisjuntor 40 a<br \/>\nAcompanha Desviador Sim<br \/>\nVaz\u00e3o 3 L\/min<br \/>\nTipo de Jato Direcion\u00e1vel<br \/>\nMaterial Metal<br \/>\nTipo de Material abs<br \/>\nObserva\u00e7\u00e3o sobre o Material Resistente a temperaturas altas<br \/>\nCor Cromado<br \/>\nTonalidade Cinza<br \/>\nModelo Potenza<br \/>\nAltura 16,65 cm<br \/>\nLargura 22,7 cm<br \/>\nProfundidade 18,3 cm<br \/>\nDimens\u00e3o 22,7&#215;16,65&#215;18,3 cm<br \/>\nProduto Chuveiro<br \/>\nProte\u00e7\u00e3o Contra Choques Compat\u00edvel com Dispositivo dr<br \/>\nGarantia do Fabricante 12 mes(es)<br \/>\nObserva\u00e7\u00f5es sobre a Garantia do Fabricante Caso haja algum problema com a resist\u00eancia el\u00e9trica, contatar a assist\u00eancia t\u00e9cnica da marca.<br \/>\nPeso do Produto 2,13 Kg<br \/>\nProduto Acompanha Embalagem Sim<br \/>\nTipo de Embalagem Caixa<br \/>\nAltura da Embalagem 22 cm<br \/>\nLargura da Embalagem 29,5 cm<br \/>\nProfundidade da Embalagem 15 cm<br \/>\nPeso do Produto na Embalagem 2,13 Kg<br \/>\nConte\u00fado da Embalagem 1 Chuveiro, 1 Mangueira com Chuveiro Manual<br \/>\nRefer\u00eancia do Produto aq 036<\/p>","protected":false},"excerpt":{"rendered":"<p>Chuveiro com Pressurizador Multitemperatura 220V 7800W Cromado Potenza Cardal<\/p>","protected":false},"featured_media":2226,"comment_status":"open","ping_status":"closed","template":"","meta":{"_joinchat":[]},"product_brand":[],"product_cat":[314],"product_tag":[],"class_list":{"0":"post-2225","1":"product","2":"type-product","3":"status-publish","4":"has-post-thumbnail","6":"product_cat-duchas-chuveiros","8":"first","9":"instock","10":"shipping-taxable","11":"purchasable","12":"product-type-simple"},"yoast_head":"<!-- This site is optimized with the Yoast SEO plugin v27.3 - https:\/\/yoast.com\/product\/yoast-seo-wordpress\/ -->\n<title>Chuveiro El\u00e9trico Potenza Pressurizada Cromado 7800W 220V Cardal AQ036\/2 - Hidramakey - Aquecedores Cardal<\/title>\n<meta name=\"description\" content=\"Chuveiro El\u00e9trico Potenza Pressurizada Cromado 7800W 220V Cardal AQ036\/2 - Hidramakey - Aquecedores Cardal\" \/>\n<meta name=\"robots\" content=\"index, follow, max-snippet:-1, max-image-preview:large, max-video-preview:-1\" \/>\n<link rel=\"canonical\" href=\"https:\/\/www.hidramakei.com.br\/en\/product\/chuveiro-eletrico-potenza-pressurizada-cromado-7800w-220v-cardal-aq036-2\/\" \/>\n<meta property=\"og:locale\" content=\"en_US\" \/>\n<meta property=\"og:type\" content=\"article\" \/>\n<meta property=\"og:title\" content=\"Chuveiro El\u00e9trico Potenza Pressurizada Cromado 7800W 220V Cardal AQ036\/2 - Hidramakey - Aquecedores Cardal\" \/>\n<meta property=\"og:description\" content=\"Chuveiro El\u00e9trico Potenza Pressurizada Cromado 7800W 220V Cardal AQ036\/2 - Hidramakey - Aquecedores Cardal\" \/>\n<meta property=\"og:url\" content=\"https:\/\/www.hidramakei.com.br\/en\/product\/chuveiro-eletrico-potenza-pressurizada-cromado-7800w-220v-cardal-aq036-2\/\" \/>\n<meta property=\"og:site_name\" content=\"Hidramakey - Aquecedores Cardal\" \/>\n<meta property=\"article:modified_time\" content=\"2023-08-14T22:36:32+00:00\" \/>\n<meta property=\"og:image\" content=\"https:\/\/www.hidramakei.com.br\/wp-content\/uploads\/2023\/02\/4922191595_1.png\" \/>\n\t<meta property=\"og:image:width\" content=\"666\" \/>\n\t<meta property=\"og:image:height\" content=\"666\" \/>\n\t<meta property=\"og:image:type\" content=\"image\/png\" \/>\n<meta name=\"twitter:card\" content=\"summary_large_image\" \/>\n<meta name=\"twitter:label1\" content=\"Est. reading time\" \/>\n\t<meta name=\"twitter:data1\" content=\"1 minute\" \/>\n<script type=\"application\/ld+json\" class=\"yoast-schema-graph\">{\"@context\":\"https:\\\/\\\/schema.org\",\"@graph\":[{\"@type\":\"WebPage\",\"@id\":\"https:\\\/\\\/www.hidramakei.com.br\\\/produto\\\/chuveiro-eletrico-potenza-pressurizada-cromado-7800w-220v-cardal-aq036-2\\\/\",\"url\":\"https:\\\/\\\/www.hidramakei.com.br\\\/produto\\\/chuveiro-eletrico-potenza-pressurizada-cromado-7800w-220v-cardal-aq036-2\\\/\",\"name\":\"Chuveiro El\u00e9trico Potenza Pressurizada Cromado 7800W 220V Cardal AQ036\\\/2 - Hidramakey - Aquecedores Cardal\",\"isPartOf\":{\"@id\":\"https:\\\/\\\/www.hidramakei.com.br\\\/#website\"},\"primaryImageOfPage\":{\"@id\":\"https:\\\/\\\/www.hidramakei.com.br\\\/produto\\\/chuveiro-eletrico-potenza-pressurizada-cromado-7800w-220v-cardal-aq036-2\\\/#primaryimage\"},\"image\":{\"@id\":\"https:\\\/\\\/www.hidramakei.com.br\\\/produto\\\/chuveiro-eletrico-potenza-pressurizada-cromado-7800w-220v-cardal-aq036-2\\\/#primaryimage\"},\"thumbnailUrl\":\"https:\\\/\\\/www.hidramakei.com.br\\\/wp-content\\\/uploads\\\/2023\\\/02\\\/4922191595_1.png\",\"datePublished\":\"2023-02-27T19:06:00+00:00\",\"dateModified\":\"2023-08-14T22:36:32+00:00\",\"description\":\"Chuveiro El\u00e9trico Potenza Pressurizada Cromado 7800W 220V Cardal AQ036\\\/2 - Hidramakey - Aquecedores Cardal\",\"breadcrumb\":{\"@id\":\"https:\\\/\\\/www.hidramakei.com.br\\\/produto\\\/chuveiro-eletrico-potenza-pressurizada-cromado-7800w-220v-cardal-aq036-2\\\/#breadcrumb\"},\"inLanguage\":\"en-US\",\"potentialAction\":[{\"@type\":\"ReadAction\",\"target\":[\"https:\\\/\\\/www.hidramakei.com.br\\\/produto\\\/chuveiro-eletrico-potenza-pressurizada-cromado-7800w-220v-cardal-aq036-2\\\/\"]}]},{\"@type\":\"ImageObject\",\"inLanguage\":\"en-US\",\"@id\":\"https:\\\/\\\/www.hidramakei.com.br\\\/produto\\\/chuveiro-eletrico-potenza-pressurizada-cromado-7800w-220v-cardal-aq036-2\\\/#primaryimage\",\"url\":\"https:\\\/\\\/www.hidramakei.com.br\\\/wp-content\\\/uploads\\\/2023\\\/02\\\/4922191595_1.png\",\"contentUrl\":\"https:\\\/\\\/www.hidramakei.com.br\\\/wp-content\\\/uploads\\\/2023\\\/02\\\/4922191595_1.png\",\"width\":666,\"height\":666},{\"@type\":\"BreadcrumbList\",\"@id\":\"https:\\\/\\\/www.hidramakei.com.br\\\/produto\\\/chuveiro-eletrico-potenza-pressurizada-cromado-7800w-220v-cardal-aq036-2\\\/#breadcrumb\",\"itemListElement\":[{\"@type\":\"ListItem\",\"position\":1,\"name\":\"In\u00edcio\",\"item\":\"https:\\\/\\\/www.hidramakei.com.br\\\/\"},{\"@type\":\"ListItem\",\"position\":2,\"name\":\"Loja\",\"item\":\"https:\\\/\\\/www.hidramakei.com.br\\\/loja\\\/\"},{\"@type\":\"ListItem\",\"position\":3,\"name\":\"Chuveiro El\u00e9trico Potenza Pressurizada Cromado 7800W 220V Cardal AQ036\\\/2\"}]},{\"@type\":\"WebSite\",\"@id\":\"https:\\\/\\\/www.hidramakei.com.br\\\/#website\",\"url\":\"https:\\\/\\\/www.hidramakei.com.br\\\/\",\"name\":\"Hidramakey Instala\u00e7\u00f5es El\u00e9tricas e Hidr\u00e1ulicas - Aquecedores e Duchas Cardal\",\"description\":\"Aquecedores - Cardal - Instala\u00e7\u00e3o e venda de aquecedores - Aquecedores a g\u00e1s - Venda e instala\u00e7\u00e3o de torneiras el\u00e9tricas - Torneiras el\u00e9tricas cardal - Manuten\u00e7\u00e3o de aquecedores - Duchas e chuveiros lorenzetti -  Reparos MVC - Aquecedores a g\u00e1s Komeco - Venda e instala\u00e7\u00e3o de aquecedores a g\u00e1s - Aquecedores a g\u00e1s lorenzetti - Ventiladores aliseu - Assist\u00eancia t\u00e9cnica cardal - Assist\u00eancia t\u00e9cnica lorenzetti - Misturadores e torneiras fabrimar- Perflex - Duchas para aquecimento a g\u00e1s - Ducol - F\u00e1brimar - Lorenzetti\",\"publisher\":{\"@id\":\"https:\\\/\\\/www.hidramakei.com.br\\\/#organization\"},\"alternateName\":\"Hidramakey Instala\u00e7\u00f5es El\u00e9tricas e Hidr\u00e1ulicas\",\"potentialAction\":[{\"@type\":\"SearchAction\",\"target\":{\"@type\":\"EntryPoint\",\"urlTemplate\":\"https:\\\/\\\/www.hidramakei.com.br\\\/?s={search_term_string}\"},\"query-input\":{\"@type\":\"PropertyValueSpecification\",\"valueRequired\":true,\"valueName\":\"search_term_string\"}}],\"inLanguage\":\"en-US\"},{\"@type\":\"Organization\",\"@id\":\"https:\\\/\\\/www.hidramakei.com.br\\\/#organization\",\"name\":\"Hidramakey Instala\u00e7\u00f5es El\u00e9tricas e Hidr\u00e1ulicas - Aquecedores e Duchas Cardal\",\"alternateName\":\"Hidramakey Instala\u00e7\u00f5es El\u00e9tricas e Hidr\u00e1ulicas\",\"url\":\"https:\\\/\\\/www.hidramakei.com.br\\\/\",\"logo\":{\"@type\":\"ImageObject\",\"inLanguage\":\"en-US\",\"@id\":\"https:\\\/\\\/www.hidramakei.com.br\\\/#\\\/schema\\\/logo\\\/image\\\/\",\"url\":\"https:\\\/\\\/www.hidramakei.com.br\\\/wp-content\\\/uploads\\\/2021\\\/02\\\/logo-novo.png\",\"contentUrl\":\"https:\\\/\\\/www.hidramakei.com.br\\\/wp-content\\\/uploads\\\/2021\\\/02\\\/logo-novo.png\",\"width\":222,\"height\":150,\"caption\":\"Hidramakey Instala\u00e7\u00f5es El\u00e9tricas e Hidr\u00e1ulicas - Aquecedores e Duchas Cardal\"},\"image\":{\"@id\":\"https:\\\/\\\/www.hidramakei.com.br\\\/#\\\/schema\\\/logo\\\/image\\\/\"}}]}<\/script>\n<!-- \/ Yoast SEO plugin. -->","yoast_head_json":{"title":"Chuveiro El\u00e9trico Potenza Pressurizada Cromado 7800W 220V Cardal AQ036\/2 - Hidramakey - Aquecedores Cardal","description":"Chuveiro El\u00e9trico Potenza Pressurizada Cromado 7800W 220V Cardal AQ036\/2 - Hidramakey - Aquecedores Cardal","robots":{"index":"index","follow":"follow","max-snippet":"max-snippet:-1","max-image-preview":"max-image-preview:large","max-video-preview":"max-video-preview:-1"},"canonical":"https:\/\/www.hidramakei.com.br\/en\/product\/chuveiro-eletrico-potenza-pressurizada-cromado-7800w-220v-cardal-aq036-2\/","og_locale":"en_US","og_type":"article","og_title":"Chuveiro El\u00e9trico Potenza Pressurizada Cromado 7800W 220V Cardal AQ036\/2 - Hidramakey - Aquecedores Cardal","og_description":"Chuveiro El\u00e9trico Potenza Pressurizada Cromado 7800W 220V Cardal AQ036\/2 - Hidramakey - Aquecedores Cardal","og_url":"https:\/\/www.hidramakei.com.br\/en\/product\/chuveiro-eletrico-potenza-pressurizada-cromado-7800w-220v-cardal-aq036-2\/","og_site_name":"Hidramakey - Aquecedores Cardal","article_modified_time":"2023-08-14T22:36:32+00:00","og_image":[{"width":666,"height":666,"url":"https:\/\/www.hidramakei.com.br\/wp-content\/uploads\/2023\/02\/4922191595_1.png","type":"image\/png"}],"twitter_card":"summary_large_image","twitter_misc":{"Est. reading time":"1 minute"},"schema":{"@context":"https:\/\/schema.org","@graph":[{"@type":"WebPage","@id":"https:\/\/www.hidramakei.com.br\/produto\/chuveiro-eletrico-potenza-pressurizada-cromado-7800w-220v-cardal-aq036-2\/","url":"https:\/\/www.hidramakei.com.br\/produto\/chuveiro-eletrico-potenza-pressurizada-cromado-7800w-220v-cardal-aq036-2\/","name":"Chuveiro El\u00e9trico Potenza Pressurizada Cromado 7800W 220V Cardal AQ036\/2 - Hidramakey - Aquecedores Cardal","isPartOf":{"@id":"https:\/\/www.hidramakei.com.br\/#website"},"primaryImageOfPage":{"@id":"https:\/\/www.hidramakei.com.br\/produto\/chuveiro-eletrico-potenza-pressurizada-cromado-7800w-220v-cardal-aq036-2\/#primaryimage"},"image":{"@id":"https:\/\/www.hidramakei.com.br\/produto\/chuveiro-eletrico-potenza-pressurizada-cromado-7800w-220v-cardal-aq036-2\/#primaryimage"},"thumbnailUrl":"https:\/\/www.hidramakei.com.br\/wp-content\/uploads\/2023\/02\/4922191595_1.png","datePublished":"2023-02-27T19:06:00+00:00","dateModified":"2023-08-14T22:36:32+00:00","description":"Chuveiro El\u00e9trico Potenza Pressurizada Cromado 7800W 220V Cardal AQ036\/2 - Hidramakey - Aquecedores Cardal","breadcrumb":{"@id":"https:\/\/www.hidramakei.com.br\/produto\/chuveiro-eletrico-potenza-pressurizada-cromado-7800w-220v-cardal-aq036-2\/#breadcrumb"},"inLanguage":"en-US","potentialAction":[{"@type":"ReadAction","target":["https:\/\/www.hidramakei.com.br\/produto\/chuveiro-eletrico-potenza-pressurizada-cromado-7800w-220v-cardal-aq036-2\/"]}]},{"@type":"ImageObject","inLanguage":"en-US","@id":"https:\/\/www.hidramakei.com.br\/produto\/chuveiro-eletrico-potenza-pressurizada-cromado-7800w-220v-cardal-aq036-2\/#primaryimage","url":"https:\/\/www.hidramakei.com.br\/wp-content\/uploads\/2023\/02\/4922191595_1.png","contentUrl":"https:\/\/www.hidramakei.com.br\/wp-content\/uploads\/2023\/02\/4922191595_1.png","width":666,"height":666},{"@type":"BreadcrumbList","@id":"https:\/\/www.hidramakei.com.br\/produto\/chuveiro-eletrico-potenza-pressurizada-cromado-7800w-220v-cardal-aq036-2\/#breadcrumb","itemListElement":[{"@type":"ListItem","position":1,"name":"In\u00edcio","item":"https:\/\/www.hidramakei.com.br\/"},{"@type":"ListItem","position":2,"name":"Loja","item":"https:\/\/www.hidramakei.com.br\/loja\/"},{"@type":"ListItem","position":3,"name":"Chuveiro El\u00e9trico Potenza Pressurizada Cromado 7800W 220V Cardal AQ036\/2"}]},{"@type":"WebSite","@id":"https:\/\/www.hidramakei.com.br\/#website","url":"https:\/\/www.hidramakei.com.br\/","name":"Hidramakey Instala\u00e7\u00f5es El\u00e9tricas e Hidr\u00e1ulicas - Aquecedores e Duchas Cardal","description":"Aquecedores - Cardal - Instala\u00e7\u00e3o e venda de aquecedores - Aquecedores a g\u00e1s - Venda e instala\u00e7\u00e3o de torneiras el\u00e9tricas - Torneiras el\u00e9tricas cardal - Manuten\u00e7\u00e3o de aquecedores - Duchas e chuveiros lorenzetti -  Reparos MVC - Aquecedores a g\u00e1s Komeco - Venda e instala\u00e7\u00e3o de aquecedores a g\u00e1s - Aquecedores a g\u00e1s lorenzetti - Ventiladores aliseu - Assist\u00eancia t\u00e9cnica cardal - Assist\u00eancia t\u00e9cnica lorenzetti - Misturadores e torneiras fabrimar- Perflex - Duchas para aquecimento a g\u00e1s - Ducol - F\u00e1brimar - Lorenzetti","publisher":{"@id":"https:\/\/www.hidramakei.com.br\/#organization"},"alternateName":"Hidramakey Instala\u00e7\u00f5es El\u00e9tricas e Hidr\u00e1ulicas","potentialAction":[{"@type":"SearchAction","target":{"@type":"EntryPoint","urlTemplate":"https:\/\/www.hidramakei.com.br\/?s={search_term_string}"},"query-input":{"@type":"PropertyValueSpecification","valueRequired":true,"valueName":"search_term_string"}}],"inLanguage":"en-US"},{"@type":"Organization","@id":"https:\/\/www.hidramakei.com.br\/#organization","name":"Hidramakey Instala\u00e7\u00f5es El\u00e9tricas e Hidr\u00e1ulicas - Aquecedores e Duchas Cardal","alternateName":"Hidramakey Instala\u00e7\u00f5es El\u00e9tricas e Hidr\u00e1ulicas","url":"https:\/\/www.hidramakei.com.br\/","logo":{"@type":"ImageObject","inLanguage":"en-US","@id":"https:\/\/www.hidramakei.com.br\/#\/schema\/logo\/image\/","url":"https:\/\/www.hidramakei.com.br\/wp-content\/uploads\/2021\/02\/logo-novo.png","contentUrl":"https:\/\/www.hidramakei.com.br\/wp-content\/uploads\/2021\/02\/logo-novo.png","width":222,"height":150,"caption":"Hidramakey Instala\u00e7\u00f5es El\u00e9tricas e Hidr\u00e1ulicas - Aquecedores e Duchas Cardal"},"image":{"@id":"https:\/\/www.hidramakei.com.br\/#\/schema\/logo\/image\/"}}]}},"_links":{"self":[{"href":"https:\/\/www.hidramakei.com.br\/en\/wp-json\/wp\/v2\/product\/2225","targetHints":{"allow":["GET"]}}],"collection":[{"href":"https:\/\/www.hidramakei.com.br\/en\/wp-json\/wp\/v2\/product"}],"about":[{"href":"https:\/\/www.hidramakei.com.br\/en\/wp-json\/wp\/v2\/types\/product"}],"replies":[{"embeddable":true,"href":"https:\/\/www.hidramakei.com.br\/en\/wp-json\/wp\/v2\/comments?post=2225"}],"wp:featuredmedia":[{"embeddable":true,"href":"https:\/\/www.hidramakei.com.br\/en\/wp-json\/wp\/v2\/media\/2226"}],"wp:attachment":[{"href":"https:\/\/www.hidramakei.com.br\/en\/wp-json\/wp\/v2\/media?parent=2225"}],"wp:term":[{"taxonomy":"product_brand","embeddable":true,"href":"https:\/\/www.hidramakei.com.br\/en\/wp-json\/wp\/v2\/product_brand?post=2225"},{"taxonomy":"product_cat","embeddable":true,"href":"https:\/\/www.hidramakei.com.br\/en\/wp-json\/wp\/v2\/product_cat?post=2225"},{"taxonomy":"product_tag","embeddable":true,"href":"https:\/\/www.hidramakei.com.br\/en\/wp-json\/wp\/v2\/product_tag?post=2225"}],"curies":[{"name":"wp","href":"https:\/\/api.w.org\/{rel}","templated":true}]}}