{"id":2265,"date":"2023-02-27T16:32:56","date_gmt":"2023-02-27T19:32:56","guid":{"rendered":"https:\/\/www.hidramakei.com.br\/?post_type=product&#038;p=2265"},"modified":"2024-05-02T23:38:25","modified_gmt":"2024-05-03T02:38:25","slug":"ducha-cardal-potenza-cromada-7-800w-220v-aq-029-2","status":"publish","type":"product","link":"https:\/\/www.hidramakei.com.br\/en\/ducha-cardal-potenza-cromada-7-800w-220v-aq-029-2\/","title":{"rendered":"Ducha Cardal Potenza Cromada 7.800W 220V AQ-029\/2"},"content":{"rendered":"<h2>Ducha Cardal Potenza Cromada 7.800W 220V<\/h2>\n<p>H\u00e1 tempos o banho com \u00e1gua quente deixou de ser simplesmente uma forma de higieniza\u00e7\u00e3o pessoal e passou a ser uma formid\u00e1vel fonte de prazer, aliviando o estresse e proporcionando uma melhor qualidade de vida.<\/p>\n<p>Uma das formas mais indicadas de banho \u00e9 com a \u00e1gua morna. De prefer\u00eancia entre 27 e 36\u00b0C. Al\u00e9m de ser o tipo de temperatura mais adequado para a pele, os banhos mornos s\u00e3o excelentes depois de um dia cansativo. &#8220;O calor dilata os vasos sangu\u00edneos da pele e relaxa os m\u00fasculos, o que ajuda muito na sensa\u00e7\u00e3o de bem-estar e relaxamento do corpo, esse processo faz com que haja libera\u00e7\u00e3o de endorfinas, o que pode ajudar em alguns casos de ins\u00f4nia.<\/p>\n<p>AS DUCHAS CARDAL fazem parte desta evolu\u00e7\u00e3o e se destacam pelo seu estilo moderno, trazendo como resultado o conforto de banhos relaxantes, com efici\u00eancia, economia e seguran\u00e7a.<\/p>\n<p>Caracter\u00edsticas &amp; Benef\u00edcios:<\/p>\n<p>\u2022 Criteriosamente elaborada para obter maior efici\u00eancia. A temperatura ideal de \u00e1gua para atenuar o cansa\u00e7o do dia-a-dia, tornando o banho mais confort\u00e1vel, principalmente em dias frios.<\/p>\n<p>\u2022 Desviador total que impede a sa\u00edda simult\u00e2nea de \u00e1gua pelo crivo principal e ducha manual. O Desviador \u00e9 um dispositivo de bloqueio autom\u00e1tico que permite o fluxo de \u00e1gua somente no chuveirinho, quando desejado.<\/p>\n<p>\u2022 Jato de \u00e1gua multidirecional. Possibilita direcionar o jato de \u00e1gua como desejar. Com o jato de \u00e1gua multidirecional, \u00e9 poss\u00edvel direcionar o jato para a parte desejada do corpo, sem molhar os cabelos.<\/p>\n<p>\u2022 F\u00e1cil instala\u00e7\u00e3o. Conex\u00e3o direta ao ponto de sa\u00edda de \u00e1gua da parede, dispensando o cano (bra\u00e7o) de interliga\u00e7\u00e3o. As Duchas Florenza dispensam este acess\u00f3rio, obrigat\u00f3rio na maioria das duchas e chuveiros el\u00e9tricos.<\/p>\n<p>\u2022 Compat\u00edvel no uso com sistemas de aquecimento solar. Proporciona economia de \u00e1gua e energia em dias nublados, possibilitando o desligamento permanente do sistema auxiliar el\u00e9trico do aquecedor central.<\/p>\n<p>\u2022 Resist\u00eancia com tratamento t\u00e9rmico. Maior durabilidade O tratamento t\u00e9rmico proporciona \u00e0 resist\u00eancia maior defesa \u00e0 corros\u00e3o provocada pelas subst\u00e2ncias qu\u00edmicas contidas na \u00e1gua.<\/p>\n<p>\u2022 Maior seguran\u00e7a. Compatibilidade com Dispositivo DR. Devido a sua construtividade e alto grau de isola\u00e7\u00e3o el\u00e9trica, as Duchas Potenza s\u00e3o compat\u00edveis com o Dispositivo DR.<\/p>\n<p>\u2022 Este produto tem seu desempenho aprovado pelo INMETRO e est\u00e1 em conformidade com o Programa Brasileiro de Etiquetagem &#8211; PBE.<\/p>\n<p>Descri\u00e7\u00e3o:<\/p>\n<p>\u2022 Marca: Cardal<\/p>\n<p>\u2022 Modelo: Ducha Potenza (AQ-029\/2)<\/p>\n<p>\u2022 Pot\u00eancia: 7.800W<\/p>\n<p>\u2022 Tens\u00e3o: 220V<\/p>\n<p>\u2022 Cor: Cromada<\/p>\n<p>\u2022 Tipo de Ducha: Multitemperatura \/ Multidirecional<\/p>\n<p>\u2022 Pressurizada: N\u00e3o<\/p>\n<p>\u2022 N\u00famero de temperaturas: 4<\/p>\n<p>Informa\u00e7\u00f5es t\u00e9cnicas:<\/p>\n<p>\u2022 Fia\u00e7\u00e3o M\u00ednima: 6mm\u00b2<\/p>\n<p>\u2022 Disjuntor: 40 A<\/p>\n<p>\u2022 Press\u00e3o m\u00ednima de funcionamento: 15 kPa (1,5 m.c.a)<\/p>\n<p>\u2022 Press\u00e3o m\u00e1xima de funcionamento: 400 kPa (40 m.c.a)<\/p>\n<p>Itens inclusos:<\/p>\n<p>\u2022 01 Ducha;<\/p>\n<p>\u2022 01 Mangueira;<\/p>\n<p>\u2022 01 Ducha Manual;<\/p>\n<p>\u2022 01 Dispositivo redutor;<\/p>\n<p>\u2022 02 Conectores el\u00e9tricos;<\/p>\n<p>\u2022 01 Suporte para Ducha Manual;<\/p>\n<p>\u2022 02 Parafusos com buchas pl\u00e1sticas;<\/p>\n<p>\u2022 01 Manual de Instru\u00e7\u00f5es.<\/p>","protected":false},"excerpt":{"rendered":"<p>H\u00e1 tempos o banho com \u00e1gua quente deixou de ser simplesmente uma forma de higieniza\u00e7\u00e3o pessoal e passou a ser uma formid\u00e1vel fonte de prazer.<\/p>","protected":false},"featured_media":2266,"comment_status":"open","ping_status":"closed","template":"","meta":{"_joinchat":[]},"product_brand":[],"product_cat":[314],"product_tag":[],"class_list":{"0":"post-2265","1":"product","2":"type-product","3":"status-publish","4":"has-post-thumbnail","6":"product_cat-duchas-chuveiros","8":"first","9":"instock","10":"shipping-taxable","11":"purchasable","12":"product-type-simple"},"yoast_head":"<!-- This site is optimized with the Yoast SEO plugin v27.6 - https:\/\/yoast.com\/product\/yoast-seo-wordpress\/ -->\n<title>Ducha Cardal Potenza Cromada 7.800W 220V AQ-029\/2 - Hidramakey - Aquecedores Cardal<\/title>\n<meta name=\"description\" content=\"Ducha Cardal Potenza Cromada 7.800W 220V, com garantia \u00e9 na Hidramakey. Somos loja f\u00edsica com produtos originais da Cardal.\" \/>\n<meta name=\"robots\" content=\"index, follow, max-snippet:-1, max-image-preview:large, max-video-preview:-1\" \/>\n<link rel=\"canonical\" href=\"https:\/\/www.hidramakei.com.br\/en\/ducha-cardal-potenza-cromada-7-800w-220v-aq-029-2\/\" \/>\n<meta property=\"og:locale\" content=\"en_US\" \/>\n<meta property=\"og:type\" content=\"article\" \/>\n<meta property=\"og:title\" content=\"Ducha Cardal Potenza Cromada 7.800W 220V AQ-029\/2 - Hidramakey - Aquecedores Cardal\" \/>\n<meta property=\"og:description\" content=\"Ducha Cardal Potenza Cromada 7.800W 220V, com garantia \u00e9 na Hidramakey. Somos loja f\u00edsica com produtos originais da Cardal.\" \/>\n<meta property=\"og:url\" content=\"https:\/\/www.hidramakei.com.br\/en\/ducha-cardal-potenza-cromada-7-800w-220v-aq-029-2\/\" \/>\n<meta property=\"og:site_name\" content=\"Hidramakey - Aquecedores Cardal\" \/>\n<meta property=\"article:modified_time\" content=\"2024-05-03T02:38:25+00:00\" \/>\n<meta property=\"og:image\" content=\"https:\/\/www.hidramakei.com.br\/wp-content\/uploads\/2023\/02\/Ducha-Cardal-Potenza-Cromada-7.800W-220V-AQ-029-1-600x616-1.jpg\" \/>\n\t<meta property=\"og:image:width\" content=\"600\" \/>\n\t<meta property=\"og:image:height\" content=\"616\" \/>\n\t<meta property=\"og:image:type\" content=\"image\/jpeg\" \/>\n<meta name=\"twitter:card\" content=\"summary_large_image\" \/>\n<meta name=\"twitter:label1\" content=\"Est. reading time\" \/>\n\t<meta name=\"twitter:data1\" content=\"2 minutes\" \/>\n<script type=\"application\/ld+json\" class=\"yoast-schema-graph\">{\"@context\":\"https:\\\/\\\/schema.org\",\"@graph\":[{\"@type\":\"WebPage\",\"@id\":\"https:\\\/\\\/www.hidramakei.com.br\\\/ducha-cardal-potenza-cromada-7-800w-220v-aq-029-2\\\/\",\"url\":\"https:\\\/\\\/www.hidramakei.com.br\\\/ducha-cardal-potenza-cromada-7-800w-220v-aq-029-2\\\/\",\"name\":\"Ducha Cardal Potenza Cromada 7.800W 220V AQ-029\\\/2 - Hidramakey - Aquecedores Cardal\",\"isPartOf\":{\"@id\":\"https:\\\/\\\/www.hidramakei.com.br\\\/#website\"},\"primaryImageOfPage\":{\"@id\":\"https:\\\/\\\/www.hidramakei.com.br\\\/ducha-cardal-potenza-cromada-7-800w-220v-aq-029-2\\\/#primaryimage\"},\"image\":{\"@id\":\"https:\\\/\\\/www.hidramakei.com.br\\\/ducha-cardal-potenza-cromada-7-800w-220v-aq-029-2\\\/#primaryimage\"},\"thumbnailUrl\":\"https:\\\/\\\/www.hidramakei.com.br\\\/wp-content\\\/uploads\\\/2023\\\/02\\\/Ducha-Cardal-Potenza-Cromada-7.800W-220V-AQ-029-1-600x616-1.jpg\",\"datePublished\":\"2023-02-27T19:32:56+00:00\",\"dateModified\":\"2024-05-03T02:38:25+00:00\",\"description\":\"Ducha Cardal Potenza Cromada 7.800W 220V, com garantia \u00e9 na Hidramakey. Somos loja f\u00edsica com produtos originais da Cardal.\",\"breadcrumb\":{\"@id\":\"https:\\\/\\\/www.hidramakei.com.br\\\/ducha-cardal-potenza-cromada-7-800w-220v-aq-029-2\\\/#breadcrumb\"},\"inLanguage\":\"en-US\",\"potentialAction\":[{\"@type\":\"ReadAction\",\"target\":[\"https:\\\/\\\/www.hidramakei.com.br\\\/ducha-cardal-potenza-cromada-7-800w-220v-aq-029-2\\\/\"]}]},{\"@type\":\"ImageObject\",\"inLanguage\":\"en-US\",\"@id\":\"https:\\\/\\\/www.hidramakei.com.br\\\/ducha-cardal-potenza-cromada-7-800w-220v-aq-029-2\\\/#primaryimage\",\"url\":\"https:\\\/\\\/www.hidramakei.com.br\\\/wp-content\\\/uploads\\\/2023\\\/02\\\/Ducha-Cardal-Potenza-Cromada-7.800W-220V-AQ-029-1-600x616-1.jpg\",\"contentUrl\":\"https:\\\/\\\/www.hidramakei.com.br\\\/wp-content\\\/uploads\\\/2023\\\/02\\\/Ducha-Cardal-Potenza-Cromada-7.800W-220V-AQ-029-1-600x616-1.jpg\",\"width\":600,\"height\":616},{\"@type\":\"BreadcrumbList\",\"@id\":\"https:\\\/\\\/www.hidramakei.com.br\\\/ducha-cardal-potenza-cromada-7-800w-220v-aq-029-2\\\/#breadcrumb\",\"itemListElement\":[{\"@type\":\"ListItem\",\"position\":1,\"name\":\"In\u00edcio\",\"item\":\"https:\\\/\\\/www.hidramakei.com.br\\\/\"},{\"@type\":\"ListItem\",\"position\":2,\"name\":\"Loja\",\"item\":\"https:\\\/\\\/www.hidramakei.com.br\\\/loja\\\/\"},{\"@type\":\"ListItem\",\"position\":3,\"name\":\"Ducha Cardal Potenza Cromada 7.800W 220V AQ-029\\\/2\"}]},{\"@type\":\"WebSite\",\"@id\":\"https:\\\/\\\/www.hidramakei.com.br\\\/#website\",\"url\":\"https:\\\/\\\/www.hidramakei.com.br\\\/\",\"name\":\"Hidramakey Instala\u00e7\u00f5es El\u00e9tricas e Hidr\u00e1ulicas - Aquecedores e Duchas Cardal\",\"description\":\"Aquecedores - Cardal - Instala\u00e7\u00e3o e venda de aquecedores - Aquecedores a g\u00e1s - Venda e instala\u00e7\u00e3o de torneiras el\u00e9tricas - Torneiras el\u00e9tricas cardal - Manuten\u00e7\u00e3o de aquecedores - Duchas e chuveiros lorenzetti -  Reparos MVC - Aquecedores a g\u00e1s Komeco - Venda e instala\u00e7\u00e3o de aquecedores a g\u00e1s - Aquecedores a g\u00e1s lorenzetti - Ventiladores aliseu - Assist\u00eancia t\u00e9cnica cardal - Assist\u00eancia t\u00e9cnica lorenzetti - Misturadores e torneiras fabrimar- Perflex - Duchas para aquecimento a g\u00e1s - Ducol - F\u00e1brimar - Lorenzetti\",\"publisher\":{\"@id\":\"https:\\\/\\\/www.hidramakei.com.br\\\/#organization\"},\"alternateName\":\"Hidramakey Instala\u00e7\u00f5es El\u00e9tricas e Hidr\u00e1ulicas\",\"potentialAction\":[{\"@type\":\"SearchAction\",\"target\":{\"@type\":\"EntryPoint\",\"urlTemplate\":\"https:\\\/\\\/www.hidramakei.com.br\\\/?s={search_term_string}\"},\"query-input\":{\"@type\":\"PropertyValueSpecification\",\"valueRequired\":true,\"valueName\":\"search_term_string\"}}],\"inLanguage\":\"en-US\"},{\"@type\":\"Organization\",\"@id\":\"https:\\\/\\\/www.hidramakei.com.br\\\/#organization\",\"name\":\"Hidramakey Instala\u00e7\u00f5es El\u00e9tricas e Hidr\u00e1ulicas - Aquecedores e Duchas Cardal\",\"alternateName\":\"Hidramakey Instala\u00e7\u00f5es El\u00e9tricas e Hidr\u00e1ulicas\",\"url\":\"https:\\\/\\\/www.hidramakei.com.br\\\/\",\"logo\":{\"@type\":\"ImageObject\",\"inLanguage\":\"en-US\",\"@id\":\"https:\\\/\\\/www.hidramakei.com.br\\\/#\\\/schema\\\/logo\\\/image\\\/\",\"url\":\"https:\\\/\\\/www.hidramakei.com.br\\\/wp-content\\\/uploads\\\/2021\\\/02\\\/logo-novo.png\",\"contentUrl\":\"https:\\\/\\\/www.hidramakei.com.br\\\/wp-content\\\/uploads\\\/2021\\\/02\\\/logo-novo.png\",\"width\":222,\"height\":150,\"caption\":\"Hidramakey Instala\u00e7\u00f5es El\u00e9tricas e Hidr\u00e1ulicas - Aquecedores e Duchas Cardal\"},\"image\":{\"@id\":\"https:\\\/\\\/www.hidramakei.com.br\\\/#\\\/schema\\\/logo\\\/image\\\/\"}}]}<\/script>\n<!-- \/ Yoast SEO plugin. -->","yoast_head_json":{"title":"Ducha Cardal Potenza Cromada 7.800W 220V AQ-029\/2 - Hidramakey - Aquecedores Cardal","description":"Ducha Cardal Potenza Cromada 7.800W 220V, com garantia \u00e9 na Hidramakey. Somos loja f\u00edsica com produtos originais da Cardal.","robots":{"index":"index","follow":"follow","max-snippet":"max-snippet:-1","max-image-preview":"max-image-preview:large","max-video-preview":"max-video-preview:-1"},"canonical":"https:\/\/www.hidramakei.com.br\/en\/ducha-cardal-potenza-cromada-7-800w-220v-aq-029-2\/","og_locale":"en_US","og_type":"article","og_title":"Ducha Cardal Potenza Cromada 7.800W 220V AQ-029\/2 - Hidramakey - Aquecedores Cardal","og_description":"Ducha Cardal Potenza Cromada 7.800W 220V, com garantia \u00e9 na Hidramakey. Somos loja f\u00edsica com produtos originais da Cardal.","og_url":"https:\/\/www.hidramakei.com.br\/en\/ducha-cardal-potenza-cromada-7-800w-220v-aq-029-2\/","og_site_name":"Hidramakey - Aquecedores Cardal","article_modified_time":"2024-05-03T02:38:25+00:00","og_image":[{"width":600,"height":616,"url":"https:\/\/www.hidramakei.com.br\/wp-content\/uploads\/2023\/02\/Ducha-Cardal-Potenza-Cromada-7.800W-220V-AQ-029-1-600x616-1.jpg","type":"image\/jpeg"}],"twitter_card":"summary_large_image","twitter_misc":{"Est. reading time":"2 minutes"},"schema":{"@context":"https:\/\/schema.org","@graph":[{"@type":"WebPage","@id":"https:\/\/www.hidramakei.com.br\/ducha-cardal-potenza-cromada-7-800w-220v-aq-029-2\/","url":"https:\/\/www.hidramakei.com.br\/ducha-cardal-potenza-cromada-7-800w-220v-aq-029-2\/","name":"Ducha Cardal Potenza Cromada 7.800W 220V AQ-029\/2 - Hidramakey - Aquecedores Cardal","isPartOf":{"@id":"https:\/\/www.hidramakei.com.br\/#website"},"primaryImageOfPage":{"@id":"https:\/\/www.hidramakei.com.br\/ducha-cardal-potenza-cromada-7-800w-220v-aq-029-2\/#primaryimage"},"image":{"@id":"https:\/\/www.hidramakei.com.br\/ducha-cardal-potenza-cromada-7-800w-220v-aq-029-2\/#primaryimage"},"thumbnailUrl":"https:\/\/www.hidramakei.com.br\/wp-content\/uploads\/2023\/02\/Ducha-Cardal-Potenza-Cromada-7.800W-220V-AQ-029-1-600x616-1.jpg","datePublished":"2023-02-27T19:32:56+00:00","dateModified":"2024-05-03T02:38:25+00:00","description":"Ducha Cardal Potenza Cromada 7.800W 220V, com garantia \u00e9 na Hidramakey. Somos loja f\u00edsica com produtos originais da Cardal.","breadcrumb":{"@id":"https:\/\/www.hidramakei.com.br\/ducha-cardal-potenza-cromada-7-800w-220v-aq-029-2\/#breadcrumb"},"inLanguage":"en-US","potentialAction":[{"@type":"ReadAction","target":["https:\/\/www.hidramakei.com.br\/ducha-cardal-potenza-cromada-7-800w-220v-aq-029-2\/"]}]},{"@type":"ImageObject","inLanguage":"en-US","@id":"https:\/\/www.hidramakei.com.br\/ducha-cardal-potenza-cromada-7-800w-220v-aq-029-2\/#primaryimage","url":"https:\/\/www.hidramakei.com.br\/wp-content\/uploads\/2023\/02\/Ducha-Cardal-Potenza-Cromada-7.800W-220V-AQ-029-1-600x616-1.jpg","contentUrl":"https:\/\/www.hidramakei.com.br\/wp-content\/uploads\/2023\/02\/Ducha-Cardal-Potenza-Cromada-7.800W-220V-AQ-029-1-600x616-1.jpg","width":600,"height":616},{"@type":"BreadcrumbList","@id":"https:\/\/www.hidramakei.com.br\/ducha-cardal-potenza-cromada-7-800w-220v-aq-029-2\/#breadcrumb","itemListElement":[{"@type":"ListItem","position":1,"name":"In\u00edcio","item":"https:\/\/www.hidramakei.com.br\/"},{"@type":"ListItem","position":2,"name":"Loja","item":"https:\/\/www.hidramakei.com.br\/loja\/"},{"@type":"ListItem","position":3,"name":"Ducha Cardal Potenza Cromada 7.800W 220V AQ-029\/2"}]},{"@type":"WebSite","@id":"https:\/\/www.hidramakei.com.br\/#website","url":"https:\/\/www.hidramakei.com.br\/","name":"Hidramakey Instala\u00e7\u00f5es El\u00e9tricas e Hidr\u00e1ulicas - Aquecedores e Duchas Cardal","description":"Aquecedores - Cardal - Instala\u00e7\u00e3o e venda de aquecedores - Aquecedores a g\u00e1s - Venda e instala\u00e7\u00e3o de torneiras el\u00e9tricas - Torneiras el\u00e9tricas cardal - Manuten\u00e7\u00e3o de aquecedores - Duchas e chuveiros lorenzetti -  Reparos MVC - Aquecedores a g\u00e1s Komeco - Venda e instala\u00e7\u00e3o de aquecedores a g\u00e1s - Aquecedores a g\u00e1s lorenzetti - Ventiladores aliseu - Assist\u00eancia t\u00e9cnica cardal - Assist\u00eancia t\u00e9cnica lorenzetti - Misturadores e torneiras fabrimar- Perflex - Duchas para aquecimento a g\u00e1s - Ducol - F\u00e1brimar - Lorenzetti","publisher":{"@id":"https:\/\/www.hidramakei.com.br\/#organization"},"alternateName":"Hidramakey Instala\u00e7\u00f5es El\u00e9tricas e Hidr\u00e1ulicas","potentialAction":[{"@type":"SearchAction","target":{"@type":"EntryPoint","urlTemplate":"https:\/\/www.hidramakei.com.br\/?s={search_term_string}"},"query-input":{"@type":"PropertyValueSpecification","valueRequired":true,"valueName":"search_term_string"}}],"inLanguage":"en-US"},{"@type":"Organization","@id":"https:\/\/www.hidramakei.com.br\/#organization","name":"Hidramakey Instala\u00e7\u00f5es El\u00e9tricas e Hidr\u00e1ulicas - Aquecedores e Duchas Cardal","alternateName":"Hidramakey Instala\u00e7\u00f5es El\u00e9tricas e Hidr\u00e1ulicas","url":"https:\/\/www.hidramakei.com.br\/","logo":{"@type":"ImageObject","inLanguage":"en-US","@id":"https:\/\/www.hidramakei.com.br\/#\/schema\/logo\/image\/","url":"https:\/\/www.hidramakei.com.br\/wp-content\/uploads\/2021\/02\/logo-novo.png","contentUrl":"https:\/\/www.hidramakei.com.br\/wp-content\/uploads\/2021\/02\/logo-novo.png","width":222,"height":150,"caption":"Hidramakey Instala\u00e7\u00f5es El\u00e9tricas e Hidr\u00e1ulicas - Aquecedores e Duchas Cardal"},"image":{"@id":"https:\/\/www.hidramakei.com.br\/#\/schema\/logo\/image\/"}}]}},"_links":{"self":[{"href":"https:\/\/www.hidramakei.com.br\/en\/wp-json\/wp\/v2\/product\/2265","targetHints":{"allow":["GET"]}}],"collection":[{"href":"https:\/\/www.hidramakei.com.br\/en\/wp-json\/wp\/v2\/product"}],"about":[{"href":"https:\/\/www.hidramakei.com.br\/en\/wp-json\/wp\/v2\/types\/product"}],"replies":[{"embeddable":true,"href":"https:\/\/www.hidramakei.com.br\/en\/wp-json\/wp\/v2\/comments?post=2265"}],"wp:featuredmedia":[{"embeddable":true,"href":"https:\/\/www.hidramakei.com.br\/en\/wp-json\/wp\/v2\/media\/2266"}],"wp:attachment":[{"href":"https:\/\/www.hidramakei.com.br\/en\/wp-json\/wp\/v2\/media?parent=2265"}],"wp:term":[{"taxonomy":"product_brand","embeddable":true,"href":"https:\/\/www.hidramakei.com.br\/en\/wp-json\/wp\/v2\/product_brand?post=2265"},{"taxonomy":"product_cat","embeddable":true,"href":"https:\/\/www.hidramakei.com.br\/en\/wp-json\/wp\/v2\/product_cat?post=2265"},{"taxonomy":"product_tag","embeddable":true,"href":"https:\/\/www.hidramakei.com.br\/en\/wp-json\/wp\/v2\/product_tag?post=2265"}],"curies":[{"name":"wp","href":"https:\/\/api.w.org\/{rel}","templated":true}]}}