{"id":2269,"date":"2023-02-27T16:35:15","date_gmt":"2023-02-27T19:35:15","guid":{"rendered":"https:\/\/www.hidramakei.com.br\/?post_type=product&#038;p=2269"},"modified":"2023-08-14T19:28:53","modified_gmt":"2023-08-14T22:28:53","slug":"hydra-dpft-e-682pt-ducha-eletronica-fit-6800w-220v-preto","status":"publish","type":"product","link":"https:\/\/www.hidramakei.com.br\/en\/hydra-dpft-e-682pt-ducha-eletronica-fit-6800w-220v-preto\/","title":{"rendered":"Hydra DPFT.E.682PT, Ducha Eletr\u00f4nica Fit 6800W, 220V, Preto"},"content":{"rendered":"<div id=\"productDescription_feature_div\" class=\"celwidget\" data-feature-name=\"productDescription_NA\" data-csa-c-id=\"cx8pfl-9lh857-ylcbog-y4k59x\" data-cel-widget=\"productDescription_feature_div\">\n<div>\n<div id=\"productDescription_feature_div\" class=\"a-row feature\" data-feature-name=\"productDescription\" data-template-name=\"productDescription\" data-cel-widget=\"productDescription_feature_div\">\n<div id=\"productDescription\" class=\"a-section a-spacing-small\">\n<p>A ducha Fit Eletr\u00f4nica possui um espalhador m\u00e9dio especialmente projetado para que voc\u00ea tenha um banho com a intensidade e a quantidade certas de \u00e1gua, evitando desperd\u00edcios. Possui sistema de controle de temperatura eletr\u00f4nico que permite alterar a temperatura de forma gradual e dispensa o desligamento da ducha para a troca da temperatura.<\/p>\n<\/div>\n<\/div>\n<\/div>\n<\/div>\n<div id=\"productDetails_feature_div\" class=\"celwidget\" data-feature-name=\"productDetails_NA\" data-csa-c-id=\"1q9khs-5yy3qp-n4a0lb-7kozt2\" data-cel-widget=\"productDetails_feature_div\">\n<p><a id=\"productDetails\" name=\"productDetails\"><\/a><\/p>\n<hr class=\"a-divider-normal\" aria-hidden=\"true\" \/>\n<div>\n<div id=\"prodDetails\" class=\"a-section\">\n<h2>Informa\u00e7\u00f5es sobre o produto<\/h2>\n<div class=\"a-row a-spacing-top-base\">\n<div class=\"a-column a-span6\">\n<div class=\"a-row a-spacing-base\">\n<div class=\"a-row a-expander-container a-expander-extend-container\">\n<div class=\"a-row\">\n<div class=\"a-column a-span6\">\n<p class=\"a-size-medium a-spacing-small\"><strong>Detalhes t\u00e9cnicos<\/strong><\/p>\n<\/div>\n<\/div>\n<div class=\"a-expander-content a-expander-extend-content\" aria-expanded=\"true\">\n<div class=\"a-row a-expander-container a-expander-inline-container\">\n<div class=\"a-expander-content a-expander-section-content a-section-expander-inner\" aria-expanded=\"true\">\n<table id=\"productDetails_techSpec_section_1\" class=\"a-keyvalue prodDetTable\" role=\"presentation\">\n<tbody>\n<tr>\n<th class=\"a-color-secondary a-size-base prodDetSectionEntry\">Fabricante<\/th>\n<td class=\"a-size-base prodDetAttrValue\">\u200eHYDRA CORONA<\/td>\n<\/tr>\n<tr>\n<th class=\"a-color-secondary a-size-base prodDetSectionEntry\">N\u00famero da Pe\u00e7a<\/th>\n<td class=\"a-size-base prodDetAttrValue\">\u200eDPFT.E.682PT<\/td>\n<\/tr>\n<tr>\n<th class=\"a-color-secondary a-size-base prodDetSectionEntry\">Certifica\u00e7\u00e3o<\/th>\n<td class=\"a-size-base prodDetAttrValue\">\u200ehttp:\/\/www.inmetro.gov.br\/consumidor\/pbe\/chuveiro.pdf<\/td>\n<\/tr>\n<tr>\n<th class=\"a-color-secondary a-size-base prodDetSectionEntry\">Cor<\/th>\n<td class=\"a-size-base prodDetAttrValue\">\u200ePreto<\/td>\n<\/tr>\n<tr>\n<th class=\"a-color-secondary a-size-base prodDetSectionEntry\">Voltagem<\/th>\n<td class=\"a-size-base prodDetAttrValue\">\u200e220 Volts<\/td>\n<\/tr>\n<tr>\n<th class=\"a-color-secondary a-size-base prodDetSectionEntry\">Etiqueta Nacional de Efici\u00eancia Energ\u00e9tica (ENCE)<\/th>\n<td class=\"a-size-base prodDetAttrValue\">\u200eE<\/td>\n<\/tr>\n<tr>\n<th class=\"a-color-secondary a-size-base prodDetSectionEntry\">Pot\u00eancia em watts<\/th>\n<td class=\"a-size-base prodDetAttrValue\">\u200e6800<\/td>\n<\/tr>\n<tr>\n<th class=\"a-color-secondary a-size-base prodDetSectionEntry\">Quantidade por pacote<\/th>\n<td class=\"a-size-base prodDetAttrValue\">\u200e1<\/td>\n<\/tr>\n<tr>\n<th class=\"a-color-secondary a-size-base prodDetSectionEntry\">N\u00famero de produtos<\/th>\n<td class=\"a-size-base prodDetAttrValue\">\u200e1<\/td>\n<\/tr>\n<tr>\n<th class=\"a-color-secondary a-size-base prodDetSectionEntry\">Componentes inclu\u00eddos<\/th>\n<td class=\"a-size-base prodDetAttrValue\">\u200e1 Mangueira, 1 Vareta, 1 Manual, 1 Engate prolongador, 1 Baby ducha, 1 Ducha, 1 Resist\u00eancia<\/td>\n<\/tr>\n<tr>\n<th class=\"a-color-secondary a-size-base prodDetSectionEntry\">Funciona a bateria ou pilha?<\/th>\n<td class=\"a-size-base prodDetAttrValue\">\u200eN\u00e3o<\/td>\n<\/tr>\n<tr>\n<th class=\"a-color-secondary a-size-base prodDetSectionEntry\">Peso<\/th>\n<td class=\"a-size-base prodDetAttrValue\">\u200e800 Gramas<\/td>\n<\/tr>\n<tr>\n<th class=\"a-color-secondary a-size-base prodDetSectionEntry\">Comprimento<\/th>\n<td class=\"a-size-base prodDetAttrValue\">\u200e36 cent\u00edmetros<\/td>\n<\/tr>\n<tr>\n<th class=\"a-color-secondary a-size-base prodDetSectionEntry\">Largura<\/th>\n<td class=\"a-size-base prodDetAttrValue\">\u200e14 cent\u00edmetros<\/td>\n<\/tr>\n<tr>\n<th class=\"a-color-secondary a-size-base prodDetSectionEntry\">Altura<\/th>\n<td class=\"a-size-base prodDetAttrValue\">\u200e9 cent\u00edmetros<\/td>\n<\/tr>\n<tr>\n<th class=\"a-color-secondary a-size-base prodDetSectionEntry\">Fabricante<\/th>\n<td class=\"a-size-base prodDetAttrValue\">\u200eHYDRA CORONA<\/td>\n<\/tr>\n<tr>\n<th class=\"a-color-secondary a-size-base prodDetSectionEntry\">Modelo<\/th>\n<td class=\"a-size-base prodDetAttrValue\">\u200eDPFT.E.682PT<\/td>\n<\/tr>\n<tr>\n<th class=\"a-color-secondary a-size-base prodDetSectionEntry\">N\u00famero do modelo<\/th>\n<td class=\"a-size-base prodDetAttrValue\">\u200eDPFT.E.682PT<\/td>\n<\/tr>\n<tr>\n<th class=\"a-color-secondary a-size-base prodDetSectionEntry\">Dimens\u00f5es do produto<\/th>\n<td class=\"a-size-base prodDetAttrValue\">\u200e36 x 14 x 9 cm; 800 g<\/td>\n<\/tr>\n<tr>\n<th class=\"a-color-secondary a-size-base prodDetSectionEntry\">ASIN<\/th>\n<td class=\"a-size-base prodDetAttrValue\">\u200eB0772XDH14<\/td>\n<\/tr>\n<tr>\n<th class=\"a-color-secondary a-size-base prodDetSectionEntry\">Marca<\/th>\n<td class=\"a-size-base prodDetAttrValue\">\u200eHydra<\/td>\n<\/tr>\n<tr>\n<th class=\"a-color-secondary a-size-base prodDetSectionEntry\">EAN<\/th>\n<td class=\"a-size-base prodDetAttrValue\">\u200e7896650402300<\/td>\n<\/tr>\n<\/tbody>\n<\/table>\n<\/div>\n<\/div>\n<\/div>\n<\/div>\n<\/div>\n<\/div>\n<\/div>\n<\/div>\n<\/div>\n<\/div>","protected":false},"excerpt":{"rendered":"<p>A ducha Fit Eletr\u00f4nica possui um espalhador m\u00e9dio especialmente projetado para que voc\u00ea tenha um banho com a intensidade e a quantidade certas de \u00e1gua, evitando desperd\u00edcios.<\/p>","protected":false},"featured_media":2270,"comment_status":"open","ping_status":"closed","template":"","meta":{"_joinchat":[]},"product_brand":[],"product_cat":[314],"product_tag":[],"class_list":{"0":"post-2269","1":"product","2":"type-product","3":"status-publish","4":"has-post-thumbnail","6":"product_cat-duchas-chuveiros","8":"first","9":"instock","10":"shipping-taxable","11":"purchasable","12":"product-type-simple"},"yoast_head":"<!-- This site is optimized with the Yoast SEO plugin v27.6 - https:\/\/yoast.com\/product\/yoast-seo-wordpress\/ -->\n<title>Hydra DPFT.E.682PT, Ducha Eletr\u00f4nica Fit 6800W, 220V, Preto - Hidramakey - Aquecedores Cardal<\/title>\n<meta name=\"description\" content=\"Hydra DPFT.E.682PT, Ducha Eletr\u00f4nica Fit 6800W, 220V, Preto - Hidramakey - Aquecedores Cardal\" \/>\n<meta name=\"robots\" content=\"index, follow, max-snippet:-1, max-image-preview:large, max-video-preview:-1\" \/>\n<link rel=\"canonical\" href=\"https:\/\/www.hidramakei.com.br\/en\/product\/hydra-dpft-e-682pt-ducha-eletronica-fit-6800w-220v-preto\/\" \/>\n<meta property=\"og:locale\" content=\"en_US\" \/>\n<meta property=\"og:type\" content=\"article\" \/>\n<meta property=\"og:title\" content=\"Hydra DPFT.E.682PT, Ducha Eletr\u00f4nica Fit 6800W, 220V, Preto - Hidramakey - Aquecedores Cardal\" \/>\n<meta property=\"og:description\" content=\"Hydra DPFT.E.682PT, Ducha Eletr\u00f4nica Fit 6800W, 220V, Preto - Hidramakey - Aquecedores Cardal\" \/>\n<meta property=\"og:url\" content=\"https:\/\/www.hidramakei.com.br\/en\/product\/hydra-dpft-e-682pt-ducha-eletronica-fit-6800w-220v-preto\/\" \/>\n<meta property=\"og:site_name\" content=\"Hidramakey - Aquecedores Cardal\" \/>\n<meta property=\"article:modified_time\" content=\"2023-08-14T22:28:53+00:00\" \/>\n<meta property=\"og:image\" content=\"https:\/\/www.hidramakei.com.br\/wp-content\/uploads\/2023\/02\/51KZD4F4wSL._AC_SL1000_-600x866-1.jpg\" \/>\n\t<meta property=\"og:image:width\" content=\"600\" \/>\n\t<meta property=\"og:image:height\" content=\"866\" \/>\n\t<meta property=\"og:image:type\" content=\"image\/jpeg\" \/>\n<meta name=\"twitter:card\" content=\"summary_large_image\" \/>\n<meta name=\"twitter:label1\" content=\"Est. reading time\" \/>\n\t<meta name=\"twitter:data1\" content=\"1 minute\" \/>\n<script type=\"application\/ld+json\" class=\"yoast-schema-graph\">{\"@context\":\"https:\\\/\\\/schema.org\",\"@graph\":[{\"@type\":\"WebPage\",\"@id\":\"https:\\\/\\\/www.hidramakei.com.br\\\/produto\\\/hydra-dpft-e-682pt-ducha-eletronica-fit-6800w-220v-preto\\\/\",\"url\":\"https:\\\/\\\/www.hidramakei.com.br\\\/produto\\\/hydra-dpft-e-682pt-ducha-eletronica-fit-6800w-220v-preto\\\/\",\"name\":\"Hydra DPFT.E.682PT, Ducha Eletr\u00f4nica Fit 6800W, 220V, Preto - Hidramakey - Aquecedores Cardal\",\"isPartOf\":{\"@id\":\"https:\\\/\\\/www.hidramakei.com.br\\\/#website\"},\"primaryImageOfPage\":{\"@id\":\"https:\\\/\\\/www.hidramakei.com.br\\\/produto\\\/hydra-dpft-e-682pt-ducha-eletronica-fit-6800w-220v-preto\\\/#primaryimage\"},\"image\":{\"@id\":\"https:\\\/\\\/www.hidramakei.com.br\\\/produto\\\/hydra-dpft-e-682pt-ducha-eletronica-fit-6800w-220v-preto\\\/#primaryimage\"},\"thumbnailUrl\":\"https:\\\/\\\/www.hidramakei.com.br\\\/wp-content\\\/uploads\\\/2023\\\/02\\\/51KZD4F4wSL._AC_SL1000_-600x866-1.jpg\",\"datePublished\":\"2023-02-27T19:35:15+00:00\",\"dateModified\":\"2023-08-14T22:28:53+00:00\",\"description\":\"Hydra DPFT.E.682PT, Ducha Eletr\u00f4nica Fit 6800W, 220V, Preto - Hidramakey - Aquecedores Cardal\",\"breadcrumb\":{\"@id\":\"https:\\\/\\\/www.hidramakei.com.br\\\/produto\\\/hydra-dpft-e-682pt-ducha-eletronica-fit-6800w-220v-preto\\\/#breadcrumb\"},\"inLanguage\":\"en-US\",\"potentialAction\":[{\"@type\":\"ReadAction\",\"target\":[\"https:\\\/\\\/www.hidramakei.com.br\\\/produto\\\/hydra-dpft-e-682pt-ducha-eletronica-fit-6800w-220v-preto\\\/\"]}]},{\"@type\":\"ImageObject\",\"inLanguage\":\"en-US\",\"@id\":\"https:\\\/\\\/www.hidramakei.com.br\\\/produto\\\/hydra-dpft-e-682pt-ducha-eletronica-fit-6800w-220v-preto\\\/#primaryimage\",\"url\":\"https:\\\/\\\/www.hidramakei.com.br\\\/wp-content\\\/uploads\\\/2023\\\/02\\\/51KZD4F4wSL._AC_SL1000_-600x866-1.jpg\",\"contentUrl\":\"https:\\\/\\\/www.hidramakei.com.br\\\/wp-content\\\/uploads\\\/2023\\\/02\\\/51KZD4F4wSL._AC_SL1000_-600x866-1.jpg\",\"width\":600,\"height\":866},{\"@type\":\"BreadcrumbList\",\"@id\":\"https:\\\/\\\/www.hidramakei.com.br\\\/produto\\\/hydra-dpft-e-682pt-ducha-eletronica-fit-6800w-220v-preto\\\/#breadcrumb\",\"itemListElement\":[{\"@type\":\"ListItem\",\"position\":1,\"name\":\"In\u00edcio\",\"item\":\"https:\\\/\\\/www.hidramakei.com.br\\\/\"},{\"@type\":\"ListItem\",\"position\":2,\"name\":\"Loja\",\"item\":\"https:\\\/\\\/www.hidramakei.com.br\\\/loja\\\/\"},{\"@type\":\"ListItem\",\"position\":3,\"name\":\"Hydra DPFT.E.682PT, Ducha Eletr\u00f4nica Fit 6800W, 220V, Preto\"}]},{\"@type\":\"WebSite\",\"@id\":\"https:\\\/\\\/www.hidramakei.com.br\\\/#website\",\"url\":\"https:\\\/\\\/www.hidramakei.com.br\\\/\",\"name\":\"Hidramakey Instala\u00e7\u00f5es El\u00e9tricas e Hidr\u00e1ulicas - Aquecedores e Duchas Cardal\",\"description\":\"Aquecedores - Cardal - Instala\u00e7\u00e3o e venda de aquecedores - Aquecedores a g\u00e1s - Venda e instala\u00e7\u00e3o de torneiras el\u00e9tricas - Torneiras el\u00e9tricas cardal - Manuten\u00e7\u00e3o de aquecedores - Duchas e chuveiros lorenzetti -  Reparos MVC - Aquecedores a g\u00e1s Komeco - Venda e instala\u00e7\u00e3o de aquecedores a g\u00e1s - Aquecedores a g\u00e1s lorenzetti - Ventiladores aliseu - Assist\u00eancia t\u00e9cnica cardal - Assist\u00eancia t\u00e9cnica lorenzetti - Misturadores e torneiras fabrimar- Perflex - Duchas para aquecimento a g\u00e1s - Ducol - F\u00e1brimar - Lorenzetti\",\"publisher\":{\"@id\":\"https:\\\/\\\/www.hidramakei.com.br\\\/#organization\"},\"alternateName\":\"Hidramakey Instala\u00e7\u00f5es El\u00e9tricas e Hidr\u00e1ulicas\",\"potentialAction\":[{\"@type\":\"SearchAction\",\"target\":{\"@type\":\"EntryPoint\",\"urlTemplate\":\"https:\\\/\\\/www.hidramakei.com.br\\\/?s={search_term_string}\"},\"query-input\":{\"@type\":\"PropertyValueSpecification\",\"valueRequired\":true,\"valueName\":\"search_term_string\"}}],\"inLanguage\":\"en-US\"},{\"@type\":\"Organization\",\"@id\":\"https:\\\/\\\/www.hidramakei.com.br\\\/#organization\",\"name\":\"Hidramakey Instala\u00e7\u00f5es El\u00e9tricas e Hidr\u00e1ulicas - Aquecedores e Duchas Cardal\",\"alternateName\":\"Hidramakey Instala\u00e7\u00f5es El\u00e9tricas e Hidr\u00e1ulicas\",\"url\":\"https:\\\/\\\/www.hidramakei.com.br\\\/\",\"logo\":{\"@type\":\"ImageObject\",\"inLanguage\":\"en-US\",\"@id\":\"https:\\\/\\\/www.hidramakei.com.br\\\/#\\\/schema\\\/logo\\\/image\\\/\",\"url\":\"https:\\\/\\\/www.hidramakei.com.br\\\/wp-content\\\/uploads\\\/2021\\\/02\\\/logo-novo.png\",\"contentUrl\":\"https:\\\/\\\/www.hidramakei.com.br\\\/wp-content\\\/uploads\\\/2021\\\/02\\\/logo-novo.png\",\"width\":222,\"height\":150,\"caption\":\"Hidramakey Instala\u00e7\u00f5es El\u00e9tricas e Hidr\u00e1ulicas - Aquecedores e Duchas Cardal\"},\"image\":{\"@id\":\"https:\\\/\\\/www.hidramakei.com.br\\\/#\\\/schema\\\/logo\\\/image\\\/\"}}]}<\/script>\n<!-- \/ Yoast SEO plugin. -->","yoast_head_json":{"title":"Hydra DPFT.E.682PT, Ducha Eletr\u00f4nica Fit 6800W, 220V, Preto - Hidramakey - Aquecedores Cardal","description":"Hydra DPFT.E.682PT, Ducha Eletr\u00f4nica Fit 6800W, 220V, Preto - Hidramakey - Aquecedores Cardal","robots":{"index":"index","follow":"follow","max-snippet":"max-snippet:-1","max-image-preview":"max-image-preview:large","max-video-preview":"max-video-preview:-1"},"canonical":"https:\/\/www.hidramakei.com.br\/en\/product\/hydra-dpft-e-682pt-ducha-eletronica-fit-6800w-220v-preto\/","og_locale":"en_US","og_type":"article","og_title":"Hydra DPFT.E.682PT, Ducha Eletr\u00f4nica Fit 6800W, 220V, Preto - Hidramakey - Aquecedores Cardal","og_description":"Hydra DPFT.E.682PT, Ducha Eletr\u00f4nica Fit 6800W, 220V, Preto - Hidramakey - Aquecedores Cardal","og_url":"https:\/\/www.hidramakei.com.br\/en\/product\/hydra-dpft-e-682pt-ducha-eletronica-fit-6800w-220v-preto\/","og_site_name":"Hidramakey - Aquecedores Cardal","article_modified_time":"2023-08-14T22:28:53+00:00","og_image":[{"width":600,"height":866,"url":"https:\/\/www.hidramakei.com.br\/wp-content\/uploads\/2023\/02\/51KZD4F4wSL._AC_SL1000_-600x866-1.jpg","type":"image\/jpeg"}],"twitter_card":"summary_large_image","twitter_misc":{"Est. reading time":"1 minute"},"schema":{"@context":"https:\/\/schema.org","@graph":[{"@type":"WebPage","@id":"https:\/\/www.hidramakei.com.br\/produto\/hydra-dpft-e-682pt-ducha-eletronica-fit-6800w-220v-preto\/","url":"https:\/\/www.hidramakei.com.br\/produto\/hydra-dpft-e-682pt-ducha-eletronica-fit-6800w-220v-preto\/","name":"Hydra DPFT.E.682PT, Ducha Eletr\u00f4nica Fit 6800W, 220V, Preto - Hidramakey - Aquecedores Cardal","isPartOf":{"@id":"https:\/\/www.hidramakei.com.br\/#website"},"primaryImageOfPage":{"@id":"https:\/\/www.hidramakei.com.br\/produto\/hydra-dpft-e-682pt-ducha-eletronica-fit-6800w-220v-preto\/#primaryimage"},"image":{"@id":"https:\/\/www.hidramakei.com.br\/produto\/hydra-dpft-e-682pt-ducha-eletronica-fit-6800w-220v-preto\/#primaryimage"},"thumbnailUrl":"https:\/\/www.hidramakei.com.br\/wp-content\/uploads\/2023\/02\/51KZD4F4wSL._AC_SL1000_-600x866-1.jpg","datePublished":"2023-02-27T19:35:15+00:00","dateModified":"2023-08-14T22:28:53+00:00","description":"Hydra DPFT.E.682PT, Ducha Eletr\u00f4nica Fit 6800W, 220V, Preto - Hidramakey - Aquecedores Cardal","breadcrumb":{"@id":"https:\/\/www.hidramakei.com.br\/produto\/hydra-dpft-e-682pt-ducha-eletronica-fit-6800w-220v-preto\/#breadcrumb"},"inLanguage":"en-US","potentialAction":[{"@type":"ReadAction","target":["https:\/\/www.hidramakei.com.br\/produto\/hydra-dpft-e-682pt-ducha-eletronica-fit-6800w-220v-preto\/"]}]},{"@type":"ImageObject","inLanguage":"en-US","@id":"https:\/\/www.hidramakei.com.br\/produto\/hydra-dpft-e-682pt-ducha-eletronica-fit-6800w-220v-preto\/#primaryimage","url":"https:\/\/www.hidramakei.com.br\/wp-content\/uploads\/2023\/02\/51KZD4F4wSL._AC_SL1000_-600x866-1.jpg","contentUrl":"https:\/\/www.hidramakei.com.br\/wp-content\/uploads\/2023\/02\/51KZD4F4wSL._AC_SL1000_-600x866-1.jpg","width":600,"height":866},{"@type":"BreadcrumbList","@id":"https:\/\/www.hidramakei.com.br\/produto\/hydra-dpft-e-682pt-ducha-eletronica-fit-6800w-220v-preto\/#breadcrumb","itemListElement":[{"@type":"ListItem","position":1,"name":"In\u00edcio","item":"https:\/\/www.hidramakei.com.br\/"},{"@type":"ListItem","position":2,"name":"Loja","item":"https:\/\/www.hidramakei.com.br\/loja\/"},{"@type":"ListItem","position":3,"name":"Hydra DPFT.E.682PT, Ducha Eletr\u00f4nica Fit 6800W, 220V, Preto"}]},{"@type":"WebSite","@id":"https:\/\/www.hidramakei.com.br\/#website","url":"https:\/\/www.hidramakei.com.br\/","name":"Hidramakey Instala\u00e7\u00f5es El\u00e9tricas e Hidr\u00e1ulicas - Aquecedores e Duchas Cardal","description":"Aquecedores - Cardal - Instala\u00e7\u00e3o e venda de aquecedores - Aquecedores a g\u00e1s - Venda e instala\u00e7\u00e3o de torneiras el\u00e9tricas - Torneiras el\u00e9tricas cardal - Manuten\u00e7\u00e3o de aquecedores - Duchas e chuveiros lorenzetti -  Reparos MVC - Aquecedores a g\u00e1s Komeco - Venda e instala\u00e7\u00e3o de aquecedores a g\u00e1s - Aquecedores a g\u00e1s lorenzetti - Ventiladores aliseu - Assist\u00eancia t\u00e9cnica cardal - Assist\u00eancia t\u00e9cnica lorenzetti - Misturadores e torneiras fabrimar- Perflex - Duchas para aquecimento a g\u00e1s - Ducol - F\u00e1brimar - Lorenzetti","publisher":{"@id":"https:\/\/www.hidramakei.com.br\/#organization"},"alternateName":"Hidramakey Instala\u00e7\u00f5es El\u00e9tricas e Hidr\u00e1ulicas","potentialAction":[{"@type":"SearchAction","target":{"@type":"EntryPoint","urlTemplate":"https:\/\/www.hidramakei.com.br\/?s={search_term_string}"},"query-input":{"@type":"PropertyValueSpecification","valueRequired":true,"valueName":"search_term_string"}}],"inLanguage":"en-US"},{"@type":"Organization","@id":"https:\/\/www.hidramakei.com.br\/#organization","name":"Hidramakey Instala\u00e7\u00f5es El\u00e9tricas e Hidr\u00e1ulicas - Aquecedores e Duchas Cardal","alternateName":"Hidramakey Instala\u00e7\u00f5es El\u00e9tricas e Hidr\u00e1ulicas","url":"https:\/\/www.hidramakei.com.br\/","logo":{"@type":"ImageObject","inLanguage":"en-US","@id":"https:\/\/www.hidramakei.com.br\/#\/schema\/logo\/image\/","url":"https:\/\/www.hidramakei.com.br\/wp-content\/uploads\/2021\/02\/logo-novo.png","contentUrl":"https:\/\/www.hidramakei.com.br\/wp-content\/uploads\/2021\/02\/logo-novo.png","width":222,"height":150,"caption":"Hidramakey Instala\u00e7\u00f5es El\u00e9tricas e Hidr\u00e1ulicas - Aquecedores e Duchas Cardal"},"image":{"@id":"https:\/\/www.hidramakei.com.br\/#\/schema\/logo\/image\/"}}]}},"_links":{"self":[{"href":"https:\/\/www.hidramakei.com.br\/en\/wp-json\/wp\/v2\/product\/2269","targetHints":{"allow":["GET"]}}],"collection":[{"href":"https:\/\/www.hidramakei.com.br\/en\/wp-json\/wp\/v2\/product"}],"about":[{"href":"https:\/\/www.hidramakei.com.br\/en\/wp-json\/wp\/v2\/types\/product"}],"replies":[{"embeddable":true,"href":"https:\/\/www.hidramakei.com.br\/en\/wp-json\/wp\/v2\/comments?post=2269"}],"wp:featuredmedia":[{"embeddable":true,"href":"https:\/\/www.hidramakei.com.br\/en\/wp-json\/wp\/v2\/media\/2270"}],"wp:attachment":[{"href":"https:\/\/www.hidramakei.com.br\/en\/wp-json\/wp\/v2\/media?parent=2269"}],"wp:term":[{"taxonomy":"product_brand","embeddable":true,"href":"https:\/\/www.hidramakei.com.br\/en\/wp-json\/wp\/v2\/product_brand?post=2269"},{"taxonomy":"product_cat","embeddable":true,"href":"https:\/\/www.hidramakei.com.br\/en\/wp-json\/wp\/v2\/product_cat?post=2269"},{"taxonomy":"product_tag","embeddable":true,"href":"https:\/\/www.hidramakei.com.br\/en\/wp-json\/wp\/v2\/product_tag?post=2269"}],"curies":[{"name":"wp","href":"https:\/\/api.w.org\/{rel}","templated":true}]}}