{"id":2288,"date":"2023-02-28T14:16:45","date_gmt":"2023-02-28T17:16:45","guid":{"rendered":"https:\/\/www.hidramakei.com.br\/?post_type=product&#038;p=2288"},"modified":"2023-08-14T19:17:07","modified_gmt":"2023-08-14T22:17:07","slug":"torneira-cozinha-gourmet-misturador-monocomando-modelo-2087","status":"publish","type":"product","link":"https:\/\/www.hidramakei.com.br\/en\/torneira-cozinha-gourmet-misturador-monocomando-modelo-2087\/","title":{"rendered":"Torneira Cozinha Gourmet Misturador Monocomando &#8211; MODELO 2087"},"content":{"rendered":"<p>A Torneira Cozinha Gourmet Misturador Monocomando \u00e9 um dos modelos mais vendidos na loja por ter um \u00f3timo custo-benef\u00edcio. \u00c9 uma pe\u00e7a-chave que facilita as tarefas do dia a dia, al\u00e9m de dar um toque requintado \u00e0 sua cozinha. Desenvolvida com um design moderno, possui acabamento em metal cromado, que garante resist\u00eancia \u00e0 corros\u00e3o e oxida\u00e7\u00e3o.Sem falar que o acionamento do misturador monocomando permite, com um s\u00f3 toque da alavanca, controlar a temperatura e a vaz\u00e3o da \u00e1gua. E n\u00e3o para por a\u00ed!<\/p>\n<p>Confira outras vantagens da Torneira Gourmet<\/p>\n<p>Modelo 2087<br \/>\nBica m\u00f3vel com ducha de longo alcance<br \/>\nMais praticidade para lavar lou\u00e7as e bancadas<br \/>\n2 op\u00e7\u00f5es de jato, spray e concentrado<br \/>\nMaior efici\u00eancia para remover qualquer tipo de sujeira<br \/>\naltura de 50 cm<br \/>\nIdeal para instala\u00e7\u00e3o em bancadas que tenham arm\u00e1rios em cima.<\/p>\n<p>Agora que voc\u00ea j\u00e1 sabe dos benef\u00edcios da Torneira Cozinha Gourmet Misturador Monocomando, n\u00e3o perca tempo e adquira a sua!<\/p>\n<p>Torneira Gourmet- Resistente \u00e0 corros\u00e3o.- Equipada com ducha.<\/p>\n<p>Acionamento monocomando.<\/p>\n<p>Gatilho em : ABS CROMADO<\/p>","protected":false},"excerpt":{"rendered":"<p>A Torneira Cozinha Gourmet Misturador Monocomando \u00e9 um dos modelos mais vendidos na loja por ter um \u00f3timo custo-benef\u00edcio.<\/p>","protected":false},"featured_media":2289,"comment_status":"open","ping_status":"closed","template":"","meta":{"_joinchat":[]},"product_brand":[],"product_cat":[317],"product_tag":[],"class_list":{"0":"post-2288","1":"product","2":"type-product","3":"status-publish","4":"has-post-thumbnail","6":"product_cat-torneiras","8":"first","9":"instock","10":"shipping-taxable","11":"purchasable","12":"product-type-simple"},"yoast_head":"<!-- This site is optimized with the Yoast SEO plugin v27.6 - https:\/\/yoast.com\/product\/yoast-seo-wordpress\/ -->\n<title>Torneira Cozinha Gourmet Misturador Monocomando - MODELO 2087 - Hidramakey - Aquecedores Cardal<\/title>\n<meta name=\"description\" content=\"Torneira Cozinha Gourmet Misturador Monocomando - MODELO 2087 - Hidramakey - Aquecedores Cardal\" \/>\n<meta name=\"robots\" content=\"index, follow, max-snippet:-1, max-image-preview:large, max-video-preview:-1\" \/>\n<link rel=\"canonical\" href=\"https:\/\/www.hidramakei.com.br\/en\/product\/torneira-cozinha-gourmet-misturador-monocomando-modelo-2087\/\" \/>\n<meta property=\"og:locale\" content=\"en_US\" \/>\n<meta property=\"og:type\" content=\"article\" \/>\n<meta property=\"og:title\" content=\"Torneira Cozinha Gourmet Misturador Monocomando - MODELO 2087 - Hidramakey - Aquecedores Cardal\" \/>\n<meta property=\"og:description\" content=\"Torneira Cozinha Gourmet Misturador Monocomando - MODELO 2087 - Hidramakey - Aquecedores Cardal\" \/>\n<meta property=\"og:url\" content=\"https:\/\/www.hidramakei.com.br\/en\/product\/torneira-cozinha-gourmet-misturador-monocomando-modelo-2087\/\" \/>\n<meta property=\"og:site_name\" content=\"Hidramakey - Aquecedores Cardal\" \/>\n<meta property=\"article:modified_time\" content=\"2023-08-14T22:17:07+00:00\" \/>\n<meta property=\"og:image\" content=\"https:\/\/www.hidramakei.com.br\/wp-content\/uploads\/2023\/02\/c0cc6057fc0592c493a347bbbb2a9183.png\" \/>\n\t<meta property=\"og:image:width\" content=\"560\" \/>\n\t<meta property=\"og:image:height\" content=\"560\" \/>\n\t<meta property=\"og:image:type\" content=\"image\/png\" \/>\n<meta name=\"twitter:card\" content=\"summary_large_image\" \/>\n<meta name=\"twitter:label1\" content=\"Est. reading time\" \/>\n\t<meta name=\"twitter:data1\" content=\"1 minute\" \/>\n<script type=\"application\/ld+json\" class=\"yoast-schema-graph\">{\"@context\":\"https:\\\/\\\/schema.org\",\"@graph\":[{\"@type\":\"WebPage\",\"@id\":\"https:\\\/\\\/www.hidramakei.com.br\\\/produto\\\/torneira-cozinha-gourmet-misturador-monocomando-modelo-2087\\\/\",\"url\":\"https:\\\/\\\/www.hidramakei.com.br\\\/produto\\\/torneira-cozinha-gourmet-misturador-monocomando-modelo-2087\\\/\",\"name\":\"Torneira Cozinha Gourmet Misturador Monocomando - MODELO 2087 - Hidramakey - Aquecedores Cardal\",\"isPartOf\":{\"@id\":\"https:\\\/\\\/www.hidramakei.com.br\\\/#website\"},\"primaryImageOfPage\":{\"@id\":\"https:\\\/\\\/www.hidramakei.com.br\\\/produto\\\/torneira-cozinha-gourmet-misturador-monocomando-modelo-2087\\\/#primaryimage\"},\"image\":{\"@id\":\"https:\\\/\\\/www.hidramakei.com.br\\\/produto\\\/torneira-cozinha-gourmet-misturador-monocomando-modelo-2087\\\/#primaryimage\"},\"thumbnailUrl\":\"https:\\\/\\\/www.hidramakei.com.br\\\/wp-content\\\/uploads\\\/2023\\\/02\\\/c0cc6057fc0592c493a347bbbb2a9183.png\",\"datePublished\":\"2023-02-28T17:16:45+00:00\",\"dateModified\":\"2023-08-14T22:17:07+00:00\",\"description\":\"Torneira Cozinha Gourmet Misturador Monocomando - MODELO 2087 - Hidramakey - Aquecedores Cardal\",\"breadcrumb\":{\"@id\":\"https:\\\/\\\/www.hidramakei.com.br\\\/produto\\\/torneira-cozinha-gourmet-misturador-monocomando-modelo-2087\\\/#breadcrumb\"},\"inLanguage\":\"en-US\",\"potentialAction\":[{\"@type\":\"ReadAction\",\"target\":[\"https:\\\/\\\/www.hidramakei.com.br\\\/produto\\\/torneira-cozinha-gourmet-misturador-monocomando-modelo-2087\\\/\"]}]},{\"@type\":\"ImageObject\",\"inLanguage\":\"en-US\",\"@id\":\"https:\\\/\\\/www.hidramakei.com.br\\\/produto\\\/torneira-cozinha-gourmet-misturador-monocomando-modelo-2087\\\/#primaryimage\",\"url\":\"https:\\\/\\\/www.hidramakei.com.br\\\/wp-content\\\/uploads\\\/2023\\\/02\\\/c0cc6057fc0592c493a347bbbb2a9183.png\",\"contentUrl\":\"https:\\\/\\\/www.hidramakei.com.br\\\/wp-content\\\/uploads\\\/2023\\\/02\\\/c0cc6057fc0592c493a347bbbb2a9183.png\",\"width\":560,\"height\":560},{\"@type\":\"BreadcrumbList\",\"@id\":\"https:\\\/\\\/www.hidramakei.com.br\\\/produto\\\/torneira-cozinha-gourmet-misturador-monocomando-modelo-2087\\\/#breadcrumb\",\"itemListElement\":[{\"@type\":\"ListItem\",\"position\":1,\"name\":\"In\u00edcio\",\"item\":\"https:\\\/\\\/www.hidramakei.com.br\\\/\"},{\"@type\":\"ListItem\",\"position\":2,\"name\":\"Loja\",\"item\":\"https:\\\/\\\/www.hidramakei.com.br\\\/loja\\\/\"},{\"@type\":\"ListItem\",\"position\":3,\"name\":\"Torneira Cozinha Gourmet Misturador Monocomando &#8211; MODELO 2087\"}]},{\"@type\":\"WebSite\",\"@id\":\"https:\\\/\\\/www.hidramakei.com.br\\\/#website\",\"url\":\"https:\\\/\\\/www.hidramakei.com.br\\\/\",\"name\":\"Hidramakey Instala\u00e7\u00f5es El\u00e9tricas e Hidr\u00e1ulicas - Aquecedores e Duchas Cardal\",\"description\":\"Aquecedores - Cardal - Instala\u00e7\u00e3o e venda de aquecedores - Aquecedores a g\u00e1s - Venda e instala\u00e7\u00e3o de torneiras el\u00e9tricas - Torneiras el\u00e9tricas cardal - Manuten\u00e7\u00e3o de aquecedores - Duchas e chuveiros lorenzetti -  Reparos MVC - Aquecedores a g\u00e1s Komeco - Venda e instala\u00e7\u00e3o de aquecedores a g\u00e1s - Aquecedores a g\u00e1s lorenzetti - Ventiladores aliseu - Assist\u00eancia t\u00e9cnica cardal - Assist\u00eancia t\u00e9cnica lorenzetti - Misturadores e torneiras fabrimar- Perflex - Duchas para aquecimento a g\u00e1s - Ducol - F\u00e1brimar - Lorenzetti\",\"publisher\":{\"@id\":\"https:\\\/\\\/www.hidramakei.com.br\\\/#organization\"},\"alternateName\":\"Hidramakey Instala\u00e7\u00f5es El\u00e9tricas e Hidr\u00e1ulicas\",\"potentialAction\":[{\"@type\":\"SearchAction\",\"target\":{\"@type\":\"EntryPoint\",\"urlTemplate\":\"https:\\\/\\\/www.hidramakei.com.br\\\/?s={search_term_string}\"},\"query-input\":{\"@type\":\"PropertyValueSpecification\",\"valueRequired\":true,\"valueName\":\"search_term_string\"}}],\"inLanguage\":\"en-US\"},{\"@type\":\"Organization\",\"@id\":\"https:\\\/\\\/www.hidramakei.com.br\\\/#organization\",\"name\":\"Hidramakey Instala\u00e7\u00f5es El\u00e9tricas e Hidr\u00e1ulicas - Aquecedores e Duchas Cardal\",\"alternateName\":\"Hidramakey Instala\u00e7\u00f5es El\u00e9tricas e Hidr\u00e1ulicas\",\"url\":\"https:\\\/\\\/www.hidramakei.com.br\\\/\",\"logo\":{\"@type\":\"ImageObject\",\"inLanguage\":\"en-US\",\"@id\":\"https:\\\/\\\/www.hidramakei.com.br\\\/#\\\/schema\\\/logo\\\/image\\\/\",\"url\":\"https:\\\/\\\/www.hidramakei.com.br\\\/wp-content\\\/uploads\\\/2021\\\/02\\\/logo-novo.png\",\"contentUrl\":\"https:\\\/\\\/www.hidramakei.com.br\\\/wp-content\\\/uploads\\\/2021\\\/02\\\/logo-novo.png\",\"width\":222,\"height\":150,\"caption\":\"Hidramakey Instala\u00e7\u00f5es El\u00e9tricas e Hidr\u00e1ulicas - Aquecedores e Duchas Cardal\"},\"image\":{\"@id\":\"https:\\\/\\\/www.hidramakei.com.br\\\/#\\\/schema\\\/logo\\\/image\\\/\"}}]}<\/script>\n<!-- \/ Yoast SEO plugin. -->","yoast_head_json":{"title":"Torneira Cozinha Gourmet Misturador Monocomando - MODELO 2087 - Hidramakey - Aquecedores Cardal","description":"Torneira Cozinha Gourmet Misturador Monocomando - MODELO 2087 - Hidramakey - Aquecedores Cardal","robots":{"index":"index","follow":"follow","max-snippet":"max-snippet:-1","max-image-preview":"max-image-preview:large","max-video-preview":"max-video-preview:-1"},"canonical":"https:\/\/www.hidramakei.com.br\/en\/product\/torneira-cozinha-gourmet-misturador-monocomando-modelo-2087\/","og_locale":"en_US","og_type":"article","og_title":"Torneira Cozinha Gourmet Misturador Monocomando - MODELO 2087 - Hidramakey - Aquecedores Cardal","og_description":"Torneira Cozinha Gourmet Misturador Monocomando - MODELO 2087 - Hidramakey - Aquecedores Cardal","og_url":"https:\/\/www.hidramakei.com.br\/en\/product\/torneira-cozinha-gourmet-misturador-monocomando-modelo-2087\/","og_site_name":"Hidramakey - Aquecedores Cardal","article_modified_time":"2023-08-14T22:17:07+00:00","og_image":[{"width":560,"height":560,"url":"https:\/\/www.hidramakei.com.br\/wp-content\/uploads\/2023\/02\/c0cc6057fc0592c493a347bbbb2a9183.png","type":"image\/png"}],"twitter_card":"summary_large_image","twitter_misc":{"Est. reading time":"1 minute"},"schema":{"@context":"https:\/\/schema.org","@graph":[{"@type":"WebPage","@id":"https:\/\/www.hidramakei.com.br\/produto\/torneira-cozinha-gourmet-misturador-monocomando-modelo-2087\/","url":"https:\/\/www.hidramakei.com.br\/produto\/torneira-cozinha-gourmet-misturador-monocomando-modelo-2087\/","name":"Torneira Cozinha Gourmet Misturador Monocomando - MODELO 2087 - Hidramakey - Aquecedores Cardal","isPartOf":{"@id":"https:\/\/www.hidramakei.com.br\/#website"},"primaryImageOfPage":{"@id":"https:\/\/www.hidramakei.com.br\/produto\/torneira-cozinha-gourmet-misturador-monocomando-modelo-2087\/#primaryimage"},"image":{"@id":"https:\/\/www.hidramakei.com.br\/produto\/torneira-cozinha-gourmet-misturador-monocomando-modelo-2087\/#primaryimage"},"thumbnailUrl":"https:\/\/www.hidramakei.com.br\/wp-content\/uploads\/2023\/02\/c0cc6057fc0592c493a347bbbb2a9183.png","datePublished":"2023-02-28T17:16:45+00:00","dateModified":"2023-08-14T22:17:07+00:00","description":"Torneira Cozinha Gourmet Misturador Monocomando - MODELO 2087 - Hidramakey - Aquecedores Cardal","breadcrumb":{"@id":"https:\/\/www.hidramakei.com.br\/produto\/torneira-cozinha-gourmet-misturador-monocomando-modelo-2087\/#breadcrumb"},"inLanguage":"en-US","potentialAction":[{"@type":"ReadAction","target":["https:\/\/www.hidramakei.com.br\/produto\/torneira-cozinha-gourmet-misturador-monocomando-modelo-2087\/"]}]},{"@type":"ImageObject","inLanguage":"en-US","@id":"https:\/\/www.hidramakei.com.br\/produto\/torneira-cozinha-gourmet-misturador-monocomando-modelo-2087\/#primaryimage","url":"https:\/\/www.hidramakei.com.br\/wp-content\/uploads\/2023\/02\/c0cc6057fc0592c493a347bbbb2a9183.png","contentUrl":"https:\/\/www.hidramakei.com.br\/wp-content\/uploads\/2023\/02\/c0cc6057fc0592c493a347bbbb2a9183.png","width":560,"height":560},{"@type":"BreadcrumbList","@id":"https:\/\/www.hidramakei.com.br\/produto\/torneira-cozinha-gourmet-misturador-monocomando-modelo-2087\/#breadcrumb","itemListElement":[{"@type":"ListItem","position":1,"name":"In\u00edcio","item":"https:\/\/www.hidramakei.com.br\/"},{"@type":"ListItem","position":2,"name":"Loja","item":"https:\/\/www.hidramakei.com.br\/loja\/"},{"@type":"ListItem","position":3,"name":"Torneira Cozinha Gourmet Misturador Monocomando &#8211; MODELO 2087"}]},{"@type":"WebSite","@id":"https:\/\/www.hidramakei.com.br\/#website","url":"https:\/\/www.hidramakei.com.br\/","name":"Hidramakey Instala\u00e7\u00f5es El\u00e9tricas e Hidr\u00e1ulicas - Aquecedores e Duchas Cardal","description":"Aquecedores - Cardal - Instala\u00e7\u00e3o e venda de aquecedores - Aquecedores a g\u00e1s - Venda e instala\u00e7\u00e3o de torneiras el\u00e9tricas - Torneiras el\u00e9tricas cardal - Manuten\u00e7\u00e3o de aquecedores - Duchas e chuveiros lorenzetti -  Reparos MVC - Aquecedores a g\u00e1s Komeco - Venda e instala\u00e7\u00e3o de aquecedores a g\u00e1s - Aquecedores a g\u00e1s lorenzetti - Ventiladores aliseu - Assist\u00eancia t\u00e9cnica cardal - Assist\u00eancia t\u00e9cnica lorenzetti - Misturadores e torneiras fabrimar- Perflex - Duchas para aquecimento a g\u00e1s - Ducol - F\u00e1brimar - Lorenzetti","publisher":{"@id":"https:\/\/www.hidramakei.com.br\/#organization"},"alternateName":"Hidramakey Instala\u00e7\u00f5es El\u00e9tricas e Hidr\u00e1ulicas","potentialAction":[{"@type":"SearchAction","target":{"@type":"EntryPoint","urlTemplate":"https:\/\/www.hidramakei.com.br\/?s={search_term_string}"},"query-input":{"@type":"PropertyValueSpecification","valueRequired":true,"valueName":"search_term_string"}}],"inLanguage":"en-US"},{"@type":"Organization","@id":"https:\/\/www.hidramakei.com.br\/#organization","name":"Hidramakey Instala\u00e7\u00f5es El\u00e9tricas e Hidr\u00e1ulicas - Aquecedores e Duchas Cardal","alternateName":"Hidramakey Instala\u00e7\u00f5es El\u00e9tricas e Hidr\u00e1ulicas","url":"https:\/\/www.hidramakei.com.br\/","logo":{"@type":"ImageObject","inLanguage":"en-US","@id":"https:\/\/www.hidramakei.com.br\/#\/schema\/logo\/image\/","url":"https:\/\/www.hidramakei.com.br\/wp-content\/uploads\/2021\/02\/logo-novo.png","contentUrl":"https:\/\/www.hidramakei.com.br\/wp-content\/uploads\/2021\/02\/logo-novo.png","width":222,"height":150,"caption":"Hidramakey Instala\u00e7\u00f5es El\u00e9tricas e Hidr\u00e1ulicas - Aquecedores e Duchas Cardal"},"image":{"@id":"https:\/\/www.hidramakei.com.br\/#\/schema\/logo\/image\/"}}]}},"_links":{"self":[{"href":"https:\/\/www.hidramakei.com.br\/en\/wp-json\/wp\/v2\/product\/2288","targetHints":{"allow":["GET"]}}],"collection":[{"href":"https:\/\/www.hidramakei.com.br\/en\/wp-json\/wp\/v2\/product"}],"about":[{"href":"https:\/\/www.hidramakei.com.br\/en\/wp-json\/wp\/v2\/types\/product"}],"replies":[{"embeddable":true,"href":"https:\/\/www.hidramakei.com.br\/en\/wp-json\/wp\/v2\/comments?post=2288"}],"wp:featuredmedia":[{"embeddable":true,"href":"https:\/\/www.hidramakei.com.br\/en\/wp-json\/wp\/v2\/media\/2289"}],"wp:attachment":[{"href":"https:\/\/www.hidramakei.com.br\/en\/wp-json\/wp\/v2\/media?parent=2288"}],"wp:term":[{"taxonomy":"product_brand","embeddable":true,"href":"https:\/\/www.hidramakei.com.br\/en\/wp-json\/wp\/v2\/product_brand?post=2288"},{"taxonomy":"product_cat","embeddable":true,"href":"https:\/\/www.hidramakei.com.br\/en\/wp-json\/wp\/v2\/product_cat?post=2288"},{"taxonomy":"product_tag","embeddable":true,"href":"https:\/\/www.hidramakei.com.br\/en\/wp-json\/wp\/v2\/product_tag?post=2288"}],"curies":[{"name":"wp","href":"https:\/\/api.w.org\/{rel}","templated":true}]}}